{"id":755350,"date":"2026-05-13T13:36:29","date_gmt":"2026-05-13T10:36:29","guid":{"rendered":"https:\/\/nbg.eu\/product\/funda-magnum-research-bfr-65-75-cuero-negro\/"},"modified":"2026-05-13T14:48:19","modified_gmt":"2026-05-13T11:48:19","slug":"funda-magnum-research-bfr-65-75-cuero-negro","status":"publish","type":"product","link":"https:\/\/nbg.eu\/es\/producto\/funda-magnum-research-bfr-65-75-cuero-negro\/","title":{"rendered":"Funda Magnum Research BFR 6,5\/7,5&#8243; &#8211; cuero (negro)"},"content":{"rendered":"<h2>Funda Magnum Research BFR 6,5\/7,5&#8243; &#8211; cuero (negro)<\/h2>\n<p>Funda de cuero moldeada a mano para el rev\u00f3lver Magnum Research Big Frame Revolver (BFR) con ca\u00f1\u00f3n de 6,5&#8243; o 7,5&#8243;. Fabricada en cuero flor entera premium; retenci\u00f3n segura, desenfunde fluido y larga durabilidad.<\/p>\n<h3>Caracter\u00edsticas principales<\/h3>\n<ul>\n<li>Moldeada al perfil BFR 6,5&#8243;\/7,5&#8243;<\/li>\n<li>Cuero flor entera premium<\/li>\n<li>Costuras reforzadas para rev\u00f3lveres pesados<\/li>\n<li>Correa de retenci\u00f3n ajustable<\/li>\n<li>Compatible con cinturones est\u00e1ndar<\/li>\n<\/ul>\n<h3>Especificaciones<\/h3>\n<table>\n<tr>\n<td><strong>Compatible con<\/strong><\/td>\n<td>Magnum Research BFR 6,5&#8243; \/ 7,5&#8243;<\/td>\n<\/tr>\n<tr>\n<td><strong>Material<\/strong><\/td>\n<td>Cuero premium (negro)<\/td>\n<\/tr>\n<tr>\n<td><strong>Porte<\/strong><\/td>\n<td>Cintur\u00f3n<\/td>\n<\/tr>\n<tr>\n<td><strong>Origen<\/strong><\/td>\n<td>USA<\/td>\n<\/tr>\n<\/table>\n","protected":false},"excerpt":{"rendered":"<p>Funda de cuero negro moldeada a mano, ajustada al rev\u00f3lver Magnum Research BFR con ca\u00f1\u00f3n de 6,5&#8243; o 7,5&#8243;.<\/p>\n","protected":false},"featured_media":756358,"template":"","meta":{"_acf_changed":false},"product_brand":[],"product_cat":[12285,12266],"product_tag":[],"class_list":{"0":"post-755350","1":"product","2":"type-product","3":"status-publish","4":"has-post-thumbnail","6":"product_cat-funda","7":"product_cat-funda-deportiva","9":"first","10":"instock","11":"sale","12":"taxable","13":"shipping-taxable","14":"purchasable","15":"product-type-simple"},"acf":[],"_links":{"self":[{"href":"https:\/\/nbg.eu\/es\/wp-json\/wp\/v2\/product\/755350","targetHints":{"allow":["GET"]}}],"collection":[{"href":"https:\/\/nbg.eu\/es\/wp-json\/wp\/v2\/product"}],"about":[{"href":"https:\/\/nbg.eu\/es\/wp-json\/wp\/v2\/types\/product"}],"wp:featuredmedia":[{"embeddable":true,"href":"https:\/\/nbg.eu\/es\/wp-json\/wp\/v2\/media\/756358"}],"wp:attachment":[{"href":"https:\/\/nbg.eu\/es\/wp-json\/wp\/v2\/media?parent=755350"}],"wp:term":[{"taxonomy":"product_brand","embeddable":true,"href":"https:\/\/nbg.eu\/es\/wp-json\/wp\/v2\/product_brand?post=755350"},{"taxonomy":"product_cat","embeddable":true,"href":"https:\/\/nbg.eu\/es\/wp-json\/wp\/v2\/product_cat?post=755350"},{"taxonomy":"product_tag","embeddable":true,"href":"https:\/\/nbg.eu\/es\/wp-json\/wp\/v2\/product_tag?post=755350"}],"curies":[{"name":"wp","href":"https:\/\/api.w.org\/{rel}","templated":true}]}}