{"id":755442,"date":"2026-05-13T13:36:35","date_gmt":"2026-05-13T10:36:35","guid":{"rendered":"https:\/\/nbg.eu\/product\/cargador-asc-ar-15-223-rem-enhanced-10-tiros\/"},"modified":"2026-05-13T14:49:11","modified_gmt":"2026-05-13T11:49:11","slug":"cargador-asc-ar-15-223-rem-enhanced-10-tiros","status":"publish","type":"product","link":"https:\/\/nbg.eu\/es\/producto\/cargador-asc-ar-15-223-rem-enhanced-10-tiros\/","title":{"rendered":"Cargador ASC AR-15 .223 Rem Enhanced 10 tiros"},"content":{"rendered":"<h2>Cargador ASC AR-15 .223 Rem Enhanced 10 tiros<\/h2>\n<p>El cargador AR-15 Enhanced de ASC est\u00e1 fabricado en acero inoxidable 410, con resorte cromo-silicio y elevador en pol\u00edmero resistente a altas temperaturas para una alimentaci\u00f3n fiable en .223 Remington. Cumple con el l\u00edmite de capacidad de 10 tiros.<\/p>\n<h3>Caracter\u00edsticas principales<\/h3>\n<ul>\n<li>10 tiros (capacidad limitada)<\/li>\n<li>Cuerpo en acero inoxidable 410<\/li>\n<li>Resorte cromo-silicio<\/li>\n<li>Elevador en pol\u00edmero autolubricante<\/li>\n<li>Compatible con todos los lower AR-15 est\u00e1ndar<\/li>\n<\/ul>\n<h3>Especificaciones<\/h3>\n<table>\n<tr>\n<td><strong>Calibre<\/strong><\/td>\n<td>.223 Remington<\/td>\n<\/tr>\n<tr>\n<td><strong>Capacidad<\/strong><\/td>\n<td>10 tiros<\/td>\n<\/tr>\n<tr>\n<td><strong>Material<\/strong><\/td>\n<td>Acero inoxidable 410<\/td>\n<\/tr>\n<tr>\n<td><strong>Fabricante<\/strong><\/td>\n<td>ASC (USA)<\/td>\n<\/tr>\n<\/table>\n","protected":false},"excerpt":{"rendered":"<p>Cargador AR-15 de 10 tiros en .223 Rem de ASC (Ammunition Storage Components). Construcci\u00f3n mejorada en acero inoxidable 410 con elevador en pol\u00edmero.<\/p>\n","protected":false},"featured_media":755849,"template":"","meta":{"_acf_changed":false},"product_brand":[],"product_cat":[12286,12232,12279],"product_tag":[],"class_list":{"0":"post-755442","1":"product","2":"type-product","3":"status-publish","4":"has-post-thumbnail","6":"product_cat-cargadores-para-rifle","7":"product_cat-licenciado","8":"product_cat-rifle","10":"first","11":"instock","12":"taxable","13":"shipping-taxable","14":"product-type-simple"},"acf":[],"_links":{"self":[{"href":"https:\/\/nbg.eu\/es\/wp-json\/wp\/v2\/product\/755442","targetHints":{"allow":["GET"]}}],"collection":[{"href":"https:\/\/nbg.eu\/es\/wp-json\/wp\/v2\/product"}],"about":[{"href":"https:\/\/nbg.eu\/es\/wp-json\/wp\/v2\/types\/product"}],"wp:featuredmedia":[{"embeddable":true,"href":"https:\/\/nbg.eu\/es\/wp-json\/wp\/v2\/media\/755849"}],"wp:attachment":[{"href":"https:\/\/nbg.eu\/es\/wp-json\/wp\/v2\/media?parent=755442"}],"wp:term":[{"taxonomy":"product_brand","embeddable":true,"href":"https:\/\/nbg.eu\/es\/wp-json\/wp\/v2\/product_brand?post=755442"},{"taxonomy":"product_cat","embeddable":true,"href":"https:\/\/nbg.eu\/es\/wp-json\/wp\/v2\/product_cat?post=755442"},{"taxonomy":"product_tag","embeddable":true,"href":"https:\/\/nbg.eu\/es\/wp-json\/wp\/v2\/product_tag?post=755442"}],"curies":[{"name":"wp","href":"https:\/\/api.w.org\/{rel}","templated":true}]}}