{"id":755580,"date":"2026-05-13T13:36:43","date_gmt":"2026-05-13T10:36:43","guid":{"rendered":"https:\/\/nbg.eu\/product\/cargador-lancer-l5-awm-223-rem-translucido\/"},"modified":"2026-05-13T14:50:33","modified_gmt":"2026-05-13T11:50:33","slug":"cargador-lancer-l5-awm-223-rem-translucido","status":"publish","type":"product","link":"https:\/\/nbg.eu\/es\/producto\/cargador-lancer-l5-awm-223-rem-translucido\/","title":{"rendered":"Cargador Lancer L5 AWM .223 Rem &#8211; Transl\u00facido"},"content":{"rendered":"<h2>Cargador Lancer L5 AWM .223 Rem &#8211; Transl\u00facido<\/h2>\n<p>El Lancer L5 Advanced Warfighter Magazine (AWM) combina un inserto de labios en acero templado con cuerpo en pol\u00edmero reforzado con fibra de vidrio &#8211; resistencia de un cargador met\u00e1lico con el peso y la resistencia a la corrosi\u00f3n del pol\u00edmero. El L5 AWM es el patr\u00f3n oro de los cargadores AR-15.<\/p>\n<h3>Caracter\u00edsticas principales<\/h3>\n<ul>\n<li>Labios de acero templado para durabilidad sin par<\/li>\n<li>Cuerpo transl\u00facido para verificaci\u00f3n visual de tiros<\/li>\n<li>Cuerpo en pol\u00edmero reforzado fibra de vidrio (transl\u00facido)<\/li>\n<li>Elevador anti-tilt con acabado autolubricante<\/li>\n<li>Compatibilidad mil-spec con todos los lower AR-15<\/li>\n<\/ul>\n<h3>Especificaciones<\/h3>\n<table>\n<tr>\n<td><strong>Calibre<\/strong><\/td>\n<td>.223 Rem \/ 5.56 NATO<\/td>\n<\/tr>\n<tr>\n<td><strong>Color<\/strong><\/td>\n<td>Transl\u00facido<\/td>\n<\/tr>\n<tr>\n<td><strong>Material<\/strong><\/td>\n<td>Labios de acero + cuerpo pol\u00edmero<\/td>\n<\/tr>\n<tr>\n<td><strong>Fabricante<\/strong><\/td>\n<td>Lancer Systems (USA)<\/td>\n<\/tr>\n<\/table>\n","protected":false},"excerpt":{"rendered":"<p>Lancer L5 Advanced Warfighter Magazine para AR-15 en .223 Rem \/ 5.56 NATO. Cuerpo transl\u00facido transl\u00facido con labios de acero templado.<\/p>\n","protected":false},"featured_media":756137,"template":"","meta":{"_acf_changed":false},"product_brand":[],"product_cat":[12286,12232,12279],"product_tag":[],"class_list":{"0":"post-755580","1":"product","2":"type-product","3":"status-publish","4":"has-post-thumbnail","6":"product_cat-cargadores-para-rifle","7":"product_cat-licenciado","8":"product_cat-rifle","10":"first","11":"instock","12":"taxable","13":"shipping-taxable","14":"product-type-simple"},"acf":[],"_links":{"self":[{"href":"https:\/\/nbg.eu\/es\/wp-json\/wp\/v2\/product\/755580","targetHints":{"allow":["GET"]}}],"collection":[{"href":"https:\/\/nbg.eu\/es\/wp-json\/wp\/v2\/product"}],"about":[{"href":"https:\/\/nbg.eu\/es\/wp-json\/wp\/v2\/types\/product"}],"wp:featuredmedia":[{"embeddable":true,"href":"https:\/\/nbg.eu\/es\/wp-json\/wp\/v2\/media\/756137"}],"wp:attachment":[{"href":"https:\/\/nbg.eu\/es\/wp-json\/wp\/v2\/media?parent=755580"}],"wp:term":[{"taxonomy":"product_brand","embeddable":true,"href":"https:\/\/nbg.eu\/es\/wp-json\/wp\/v2\/product_brand?post=755580"},{"taxonomy":"product_cat","embeddable":true,"href":"https:\/\/nbg.eu\/es\/wp-json\/wp\/v2\/product_cat?post=755580"},{"taxonomy":"product_tag","embeddable":true,"href":"https:\/\/nbg.eu\/es\/wp-json\/wp\/v2\/product_tag?post=755580"}],"curies":[{"name":"wp","href":"https:\/\/api.w.org\/{rel}","templated":true}]}}