{"id":755649,"date":"2026-05-13T13:36:47","date_gmt":"2026-05-13T10:36:47","guid":{"rendered":"https:\/\/nbg.eu\/product\/cargador-shield-arms-43x-48-9mm-15-tiros\/"},"modified":"2026-05-13T14:51:14","modified_gmt":"2026-05-13T11:51:14","slug":"cargador-shield-arms-43x-48-9mm-15-tiros","status":"publish","type":"product","link":"https:\/\/nbg.eu\/es\/producto\/cargador-shield-arms-43x-48-9mm-15-tiros\/","title":{"rendered":"Cargador Shield Arms 43X\/48 9mm 15 tiros"},"content":{"rendered":"<h2>Cargador Shield Arms 43X\/48 9mm 15 tiros<\/h2>\n<p>El cargador Shield Arms S15 convierte la Glock 43X y la Glock 48 de pistolas single-stack de 10 tiros en pistolas double-stack de 15 tiros para porte &#8211; sin aumentar las dimensiones de la empu\u00f1adura. Fabricado en acero tratado t\u00e9rmicamente con elevador en pol\u00edmero autolubricante.<\/p>\n<h3>Caracter\u00edsticas principales<\/h3>\n<ul>\n<li>Capacidad de 15 tiros en empu\u00f1adura original<\/li>\n<li>Cuerpo en acero tratado t\u00e9rmicamente<\/li>\n<li>Dise\u00f1o drop-free<\/li>\n<li>Elevador en pol\u00edmero autolubricante<\/li>\n<li>Recomendado con ret\u00e9n de cargador en acero Shield Arms (vendido aparte)<\/li>\n<\/ul>\n<h3>Especificaciones<\/h3>\n<table>\n<tr>\n<td><strong>Calibre<\/strong><\/td>\n<td>9mm Luger<\/td>\n<\/tr>\n<tr>\n<td><strong>Capacidad<\/strong><\/td>\n<td>15 tiros<\/td>\n<\/tr>\n<tr>\n<td><strong>Compatible con<\/strong><\/td>\n<td>Glock 43X \/ Glock 48<\/td>\n<\/tr>\n<tr>\n<td><strong>Material<\/strong><\/td>\n<td>Acero tratado t\u00e9rmicamente<\/td>\n<\/tr>\n<tr>\n<td><strong>Fabricante<\/strong><\/td>\n<td>Shield Arms (USA)<\/td>\n<\/tr>\n<\/table>\n","protected":false},"excerpt":{"rendered":"<p>Cargador 9mm de 15 tiros para Glock 43X y Glock 48 de Shield Arms. Construcci\u00f3n en acero que casi duplica la capacidad de f\u00e1brica.<\/p>\n","protected":false},"featured_media":756305,"template":"","meta":{"_acf_changed":false},"product_brand":[],"product_cat":[12232,12225,12249],"product_tag":[],"class_list":{"0":"post-755649","1":"product","2":"type-product","3":"status-publish","4":"has-post-thumbnail","6":"product_cat-licenciado","7":"product_cat-piezas-de-pistola","8":"product_cat-pistola","10":"first","11":"instock","12":"taxable","13":"shipping-taxable","14":"product-type-simple"},"acf":[],"_links":{"self":[{"href":"https:\/\/nbg.eu\/es\/wp-json\/wp\/v2\/product\/755649","targetHints":{"allow":["GET"]}}],"collection":[{"href":"https:\/\/nbg.eu\/es\/wp-json\/wp\/v2\/product"}],"about":[{"href":"https:\/\/nbg.eu\/es\/wp-json\/wp\/v2\/types\/product"}],"wp:featuredmedia":[{"embeddable":true,"href":"https:\/\/nbg.eu\/es\/wp-json\/wp\/v2\/media\/756305"}],"wp:attachment":[{"href":"https:\/\/nbg.eu\/es\/wp-json\/wp\/v2\/media?parent=755649"}],"wp:term":[{"taxonomy":"product_brand","embeddable":true,"href":"https:\/\/nbg.eu\/es\/wp-json\/wp\/v2\/product_brand?post=755649"},{"taxonomy":"product_cat","embeddable":true,"href":"https:\/\/nbg.eu\/es\/wp-json\/wp\/v2\/product_cat?post=755649"},{"taxonomy":"product_tag","embeddable":true,"href":"https:\/\/nbg.eu\/es\/wp-json\/wp\/v2\/product_tag?post=755649"}],"curies":[{"name":"wp","href":"https:\/\/api.w.org\/{rel}","templated":true}]}}