{"id":755672,"date":"2026-05-13T13:36:49","date_gmt":"2026-05-13T10:36:49","guid":{"rendered":"https:\/\/nbg.eu\/product\/reten-de-cargador-shield-arms-43x-48\/"},"modified":"2026-05-13T14:51:27","modified_gmt":"2026-05-13T11:51:27","slug":"reten-de-cargador-shield-arms-43x-48","status":"publish","type":"product","link":"https:\/\/nbg.eu\/es\/producto\/reten-de-cargador-shield-arms-43x-48\/","title":{"rendered":"Ret\u00e9n de cargador Shield Arms 43X\/48"},"content":{"rendered":"<h2>Ret\u00e9n de cargador Shield Arms 43X\/48<\/h2>\n<p>Reemplazo drop-in del ret\u00e9n polim\u00e9rico de f\u00e1brica en Glock 43X y Glock 48. El ret\u00e9n en acero Shield Arms proporciona retenci\u00f3n consistente y larga durabilidad con los cargadores en acero Shield Arms S15.<\/p>\n<h3>Caracter\u00edsticas principales<\/h3>\n<ul>\n<li>Construcci\u00f3n en acero templado<\/li>\n<li>Instalaci\u00f3n drop-in &#8211; sin armero<\/li>\n<li>Para uso con cargadores Shield Arms S15<\/li>\n<li>Mantiene el funcionamiento ambidiestro de f\u00e1brica<\/li>\n<li>Fabricado en USA<\/li>\n<\/ul>\n<h3>Especificaciones<\/h3>\n<table>\n<tr>\n<td><strong>Compatible con<\/strong><\/td>\n<td>Glock 43X \/ Glock 48<\/td>\n<\/tr>\n<tr>\n<td><strong>Material<\/strong><\/td>\n<td>Acero templado<\/td>\n<\/tr>\n<tr>\n<td><strong>Funci\u00f3n<\/strong><\/td>\n<td>Ret\u00e9n \/ liberaci\u00f3n de cargador<\/td>\n<\/tr>\n<tr>\n<td><strong>Fabricante<\/strong><\/td>\n<td>Shield Arms (USA)<\/td>\n<\/tr>\n<\/table>\n","protected":false},"excerpt":{"rendered":"<p>Ret\u00e9n de cargador en acero para Glock 43X y Glock 48, dise\u00f1ado para funcionar con los cargadores en acero Shield Arms S15. Sustituye el ret\u00e9n polim\u00e9rico de f\u00e1brica.<\/p>\n","protected":false},"featured_media":756329,"template":"","meta":{"_acf_changed":false},"product_brand":[],"product_cat":[12225,12249],"product_tag":[],"class_list":{"0":"post-755672","1":"product","2":"type-product","3":"status-publish","4":"has-post-thumbnail","6":"product_cat-piezas-de-pistola","7":"product_cat-pistola","9":"first","10":"instock","11":"taxable","12":"shipping-taxable","13":"purchasable","14":"product-type-simple"},"acf":[],"_links":{"self":[{"href":"https:\/\/nbg.eu\/es\/wp-json\/wp\/v2\/product\/755672","targetHints":{"allow":["GET"]}}],"collection":[{"href":"https:\/\/nbg.eu\/es\/wp-json\/wp\/v2\/product"}],"about":[{"href":"https:\/\/nbg.eu\/es\/wp-json\/wp\/v2\/types\/product"}],"wp:featuredmedia":[{"embeddable":true,"href":"https:\/\/nbg.eu\/es\/wp-json\/wp\/v2\/media\/756329"}],"wp:attachment":[{"href":"https:\/\/nbg.eu\/es\/wp-json\/wp\/v2\/media?parent=755672"}],"wp:term":[{"taxonomy":"product_brand","embeddable":true,"href":"https:\/\/nbg.eu\/es\/wp-json\/wp\/v2\/product_brand?post=755672"},{"taxonomy":"product_cat","embeddable":true,"href":"https:\/\/nbg.eu\/es\/wp-json\/wp\/v2\/product_cat?post=755672"},{"taxonomy":"product_tag","embeddable":true,"href":"https:\/\/nbg.eu\/es\/wp-json\/wp\/v2\/product_tag?post=755672"}],"curies":[{"name":"wp","href":"https:\/\/api.w.org\/{rel}","templated":true}]}}