{"id":78611,"date":"2024-01-30T21:15:03","date_gmt":"2024-01-30T18:15:03","guid":{"rendered":"https:\/\/nbg.eu\/product\/kmr-w-02-umbra-x\/"},"modified":"2026-05-13T16:02:43","modified_gmt":"2026-05-13T13:02:43","slug":"kmr-w-02-umbra-x","status":"publish","type":"product","link":"https:\/\/nbg.eu\/es\/producto\/kmr-w-02-umbra-x\/","title":{"rendered":"KMR Pistola Semiautom\u00e1tica W-02 UMBRA X OR"},"content":{"rendered":"<div class=\"product-description\">\n<h2>KMR W-02 Umbra X: Divisiones IDPA<\/h2>\n<p>El KMR W-02 Umbra X es una pistola ligera y potente dise\u00f1ada para tiradores deportivos y aficionados. Es adecuada para disciplinas con l\u00edmite de peso como IDPA, y ofrece rendimiento y precisi\u00f3n.<\/p>\n<h2>Caracter\u00edsticas principales:<\/h2>\n<ul>\n<li>Ca\u00f1\u00f3n de 4.5&#8243; pesado, estriado y nitrurado con Sistema de Estabilizaci\u00f3n de Ca\u00f1\u00f3n (BRS)<\/li>\n<li>Interfaz lista para \u00f3pticas (OR) para personalizaci\u00f3n<\/li>\n<li>Armaz\u00f3n de acero mecanizado CNC para durabilidad<\/li>\n<li>Mecanismo de gatillo SA\/DA con reset corto<\/li>\n<li>Capacidad de cargador de 16+1 disparos<\/li>\n<li>Cachas WAVES de duraluminio en rojo oscuro<\/li>\n<li>Bot\u00f3n de liberaci\u00f3n de cargador ajustable de duraluminio<\/li>\n<li>Mira delantera de fibra \u00f3ptica (1 mm) y mira trasera ajustable OR<\/li>\n<li>Armaz\u00f3n y corredera nitrurados en negro<\/li>\n<\/ul>\n<h2>Especificaciones:<\/h2>\n<ul>\n<li>Calibre: 9&#215;19, 9&#215;21<\/li>\n<li>Longitud total: 208 mm (8.2 pulgadas)<\/li>\n<li>Longitud del ca\u00f1\u00f3n: 114 mm (4.5 pulgadas)<\/li>\n<li>Peso con cargador vac\u00edo: 1210 g (43 onzas)<\/li>\n<li>Peso del gatillo: 17.5 N (SA) \/ 45 N (DA)<\/li>\n<\/ul>\n<p>El KMR W-02 Umbra X viene equipado con accesorios KMR. Es adecuado para tiradores experimentados y entusiastas.<\/p>\n<p>El paquete incluye: 3 cargadores, estuche para pistola KMR, kit de limpieza, aceite KMR, adaptador de montaje BRS, llave para ajuste de mira trasera, manual de usuario y tarjeta de garant\u00eda.<\/p>\n<p><strong>KMR W-02 Umbra X \u2013 para tiro deportivo.<\/strong><\/p>\n<\/div>\n","protected":false},"excerpt":{"rendered":"<p>I apologize, but there is no product description provided in your message for me to translate. If you&#8217;d like me to translate a specific product description from English to Spanish, please provide the text and I&#8217;ll be happy to assist you.<\/p>\n","protected":false},"featured_media":76077,"template":"","meta":{"_acf_changed":false},"product_brand":[11503],"product_cat":[12232,12249,12278,15013],"product_tag":[],"class_list":{"0":"post-78611","1":"product","2":"type-product","3":"status-publish","4":"has-post-thumbnail","6":"product_brand-kmr-precision","7":"product_cat-licenciado","8":"product_cat-pistola","9":"product_cat-pistolas","10":"product_cat-semi-automatic-pistols-es","12":"first","13":"outofstock","14":"taxable","15":"shipping-taxable","16":"product-type-simple"},"acf":[],"_links":{"self":[{"href":"https:\/\/nbg.eu\/es\/wp-json\/wp\/v2\/product\/78611","targetHints":{"allow":["GET"]}}],"collection":[{"href":"https:\/\/nbg.eu\/es\/wp-json\/wp\/v2\/product"}],"about":[{"href":"https:\/\/nbg.eu\/es\/wp-json\/wp\/v2\/types\/product"}],"wp:featuredmedia":[{"embeddable":true,"href":"https:\/\/nbg.eu\/es\/wp-json\/wp\/v2\/media\/76077"}],"wp:attachment":[{"href":"https:\/\/nbg.eu\/es\/wp-json\/wp\/v2\/media?parent=78611"}],"wp:term":[{"taxonomy":"product_brand","embeddable":true,"href":"https:\/\/nbg.eu\/es\/wp-json\/wp\/v2\/product_brand?post=78611"},{"taxonomy":"product_cat","embeddable":true,"href":"https:\/\/nbg.eu\/es\/wp-json\/wp\/v2\/product_cat?post=78611"},{"taxonomy":"product_tag","embeddable":true,"href":"https:\/\/nbg.eu\/es\/wp-json\/wp\/v2\/product_tag?post=78611"}],"curies":[{"name":"wp","href":"https:\/\/api.w.org\/{rel}","templated":true}]}}