{"id":106587,"date":"2024-01-30T21:13:57","date_gmt":"2024-01-30T18:13:57","guid":{"rendered":"https:\/\/nbg.eu\/product\/tangent-theta-tt735p-7-35x56mm-professional\/"},"modified":"2026-05-13T16:51:36","modified_gmt":"2026-05-13T13:51:36","slug":"tangent-theta-tt735p-7-35x56mm-professional","status":"publish","type":"product","link":"https:\/\/nbg.eu\/et\/toode\/tangent-theta-tt735p-7-35x56mm-professional\/","title":{"rendered":"Tangent Theta TT735P (7-35x56mm Professional)"},"content":{"rendered":"<div class=\"product-description\">\n<p>Tangent Theta asutati 2013. aastal Nova Scotias, Kanadas eesm\u00e4rgiga toota parimaid p\u00fcssiskoope maailmas. P\u00fcssiskoobid monteeritakse k\u00e4sitsi, testitakse ja kontrollitakse individuaalselt meeskonna poolt, kuhu kuuluvad optilised disainerid, mehaanikainsenerid ja rahvusvahelise klassi kauglaske spetsialistid.<\/p>\n<h2>Tangent Theta TT735P 7-35x56mm Professionaalne P\u00fcssiteleskoop<\/h2>\n<p>Tangent Theta TT735P on 7-35x56mm p\u00fcssiteleskoop professionaalsetele laskuritele. See kombineerib kaasaegse tehnoloogia ja vastupidavuse, et pakkuda head j\u00f5udlust n\u00f5udlikes tingimustes.<\/p>\n<h2>P\u00f5hiomadused:<\/h2>\n<ul>\n<li>7-35x suurendus<\/li>\n<li>56mm objektiivi l\u00e4\u00e4ts<\/li>\n<li>36mm peamine toru<\/li>\n<li>Parallaksi reguleerimine alates 10 meetrist<\/li>\n<li>11 reetikuli valgustuse seadet<\/li>\n<li>Patenteeritud TOOL-LESS RE-ZERO\u00ae funktsioon<\/li>\n<li>Mittet\u00f5lkivad nupud k\u00f5rguse nullpeatusega<\/li>\n<li>Kahekordne k\u00f5rguse p\u00f6\u00f6rlemine p\u00f6\u00f6rden\u00e4idikuga<\/li>\n<li>Lukustatav kiirreguleeritav dioptri<\/li>\n<\/ul>\n<h2>Kvaliteet:<\/h2>\n<p>TT735P on toodetud Kanadas ja testitud keskkonnatingimuste suhtes. Sel on II t\u00fc\u00fcpi anodeeritud matt viimistlus, 4-tunnine veekindlus 10 meetri s\u00fcgavusel ja 1000g l\u00f6\u00f6gikindlus 10 000 ts\u00fckli juures.<\/p>\n<\/div>\n<h2>Reetikuli valikud:<\/h2>\n<ol>\n<li data-line-height=\"xs\">Horus Tremor3 reetikul<\/li>\n<li data-line-height=\"xs\">JTAC<\/li>\n<li data-line-height=\"xs\">Gen 3 XR Fine<\/li>\n<\/ol>\n<div class=\"product-description\">\n<h2>Optika:<\/h2>\n<p>Valige kolme reetikuli vahel: Horus Tremor3, JTAC v\u00f5i Gen 3 XR Fine. TT735P pakub 90mm silmakaugust ja vaatev\u00e4lja 5,41m 100m juures (7x) kuni 1,08m 100m juures (35x).<\/p>\n<h2>Reguleerimised:<\/h2>\n<p>0,1 mrad reguleerimist\u00e4psus, 30 mrad kogu k\u00f5rguse vahemik ja 14 mrad kogu tuule vahemik. K\u00fclgmine parallaksi reguleerimine ja lukustatav dioptri.<\/p>\n<p>Tangent Theta TT735P on m\u00f5eldud kauglaskmiseks.<\/p>\n<\/div>\n","protected":false},"excerpt":{"rendered":"<p>Tangent Theta 7-35x56mm Professional on valitud p\u00fcssiskoobiks \u00fclipika vahemaa laskmiseks.<\/p>\n","protected":false},"featured_media":80994,"template":"","meta":{"_acf_changed":false},"product_brand":[11890],"product_cat":[14022,14035],"product_tag":[],"class_list":{"0":"post-106587","1":"product","2":"type-product","3":"status-publish","4":"has-post-thumbnail","6":"product_brand-tangent-theta","7":"product_cat-sihtimisviir","8":"product_cat-suurendavad-optikad","10":"first","11":"instock","12":"taxable","13":"shipping-taxable","14":"purchasable","15":"product-type-variable","16":"wvs-archive-product-wrapper"},"acf":[],"_links":{"self":[{"href":"https:\/\/nbg.eu\/et\/wp-json\/wp\/v2\/product\/106587","targetHints":{"allow":["GET"]}}],"collection":[{"href":"https:\/\/nbg.eu\/et\/wp-json\/wp\/v2\/product"}],"about":[{"href":"https:\/\/nbg.eu\/et\/wp-json\/wp\/v2\/types\/product"}],"wp:featuredmedia":[{"embeddable":true,"href":"https:\/\/nbg.eu\/et\/wp-json\/wp\/v2\/media\/80994"}],"wp:attachment":[{"href":"https:\/\/nbg.eu\/et\/wp-json\/wp\/v2\/media?parent=106587"}],"wp:term":[{"taxonomy":"product_brand","embeddable":true,"href":"https:\/\/nbg.eu\/et\/wp-json\/wp\/v2\/product_brand?post=106587"},{"taxonomy":"product_cat","embeddable":true,"href":"https:\/\/nbg.eu\/et\/wp-json\/wp\/v2\/product_cat?post=106587"},{"taxonomy":"product_tag","embeddable":true,"href":"https:\/\/nbg.eu\/et\/wp-json\/wp\/v2\/product_tag?post=106587"}],"curies":[{"name":"wp","href":"https:\/\/api.w.org\/{rel}","templated":true}]}}