{"id":130789,"date":"2025-01-01T20:50:51","date_gmt":"2025-01-01T20:50:51","guid":{"rendered":"https:\/\/nbg.eu\/product\/low-profile-red-dot-plates-for-area-419-tactical-mounts\/"},"modified":"2026-05-16T22:04:09","modified_gmt":"2026-05-16T19:04:09","slug":"low-profile-red-dot-plates-for-area-419-tactical-mounts","status":"publish","type":"product","link":"https:\/\/nbg.eu\/et\/toode\/low-profile-red-dot-plates-for-area-419-tactical-mounts\/","title":{"rendered":"Low-Profile Red-Dot Plates for Area 419 Tactical Mounts"},"content":{"rendered":"<div class=\"product-description\">\n<h2>Madalprofiilsed punase t\u00e4pi plaadid Area 419 taktikalistele kinnitustele<\/h2>\n<p>Madalprofiilsed punase t\u00e4pi plaadid, mis on m\u00f5eldud funktsionaalsuseks ja t\u00e4psuseks. Need CNC-freesitud plaadid sisaldavad:<\/p>\n<ul>\n<li>III t\u00fc\u00fcpi k\u00f5vakattega must anodeeritud viimistlus<\/li>\n<li>Kinnituskruvid lihtsaks paigaldamiseks<\/li>\n<li>Valmistatud Ameerikas 7075 alumiiniumist<\/li>\n<li>Patenditud kahe kaldega kinnitus turvalisuse tagamiseks<\/li>\n<li>Vastupidavus ja j\u00e4ikus nullasendisse naasmise parandamiseks<\/li>\n<\/ul>\n<p>Saadaval RMR, ACRO ja DPP jalaj\u00e4lgedega, \u00fchildub paljude levinud optikaseadmetega. Kaaluga 0,25 naela pakuvad need kompaktsed plaadid (6&#8243; \u00d7 4&#8243; \u00d7 1&#8243;) tugevuse ja kerge disaini tasakaalu.<\/p>\n<p>Area 419 t\u00e4ppisvalmistatud punase t\u00e4pi plaadid taktikalisele kinnitusele.<\/p>\n<\/div>\n","protected":false},"excerpt":{"rendered":"<p>Turvalised ja mitmek\u00fclgsed punase t\u00e4pi plaadid Area 419 taktikalistele kinnitustele.<\/p>\n","protected":false},"featured_media":108994,"template":"","meta":{"_acf_changed":false},"product_brand":[11034],"product_cat":[14021,14017,14053,14919],"product_tag":[],"class_list":{"0":"post-130789","1":"product","2":"type-product","3":"status-publish","4":"has-post-thumbnail","6":"product_brand-area-419","7":"product_cat-kmr-osad","8":"product_cat-puestoli-osad","9":"product_cat-puestolipunktsihtijad","10":"product_cat-red-dot-sights-mounts-et","12":"first","13":"instock","14":"sale","15":"taxable","16":"shipping-taxable","17":"purchasable","18":"product-type-variable","19":"wvs-archive-product-wrapper"},"acf":[],"_links":{"self":[{"href":"https:\/\/nbg.eu\/et\/wp-json\/wp\/v2\/product\/130789","targetHints":{"allow":["GET"]}}],"collection":[{"href":"https:\/\/nbg.eu\/et\/wp-json\/wp\/v2\/product"}],"about":[{"href":"https:\/\/nbg.eu\/et\/wp-json\/wp\/v2\/types\/product"}],"wp:featuredmedia":[{"embeddable":true,"href":"https:\/\/nbg.eu\/et\/wp-json\/wp\/v2\/media\/108994"}],"wp:attachment":[{"href":"https:\/\/nbg.eu\/et\/wp-json\/wp\/v2\/media?parent=130789"}],"wp:term":[{"taxonomy":"product_brand","embeddable":true,"href":"https:\/\/nbg.eu\/et\/wp-json\/wp\/v2\/product_brand?post=130789"},{"taxonomy":"product_cat","embeddable":true,"href":"https:\/\/nbg.eu\/et\/wp-json\/wp\/v2\/product_cat?post=130789"},{"taxonomy":"product_tag","embeddable":true,"href":"https:\/\/nbg.eu\/et\/wp-json\/wp\/v2\/product_tag?post=130789"}],"curies":[{"name":"wp","href":"https:\/\/api.w.org\/{rel}","templated":true}]}}