{"id":131288,"date":"2024-11-02T06:45:52","date_gmt":"2024-11-02T06:45:52","guid":{"rendered":"https:\/\/nbg.eu\/product\/sprinco-usa-spring-kit-xp-buffer-spring-enhanced-4coil-bolt-extractor-spring\/"},"modified":"2026-01-21T12:05:17","modified_gmt":"2026-01-21T09:05:17","slug":"sprinco-usa-spring-kit-xp-buffer-spring-enhanced-4coil-bolt-extractor-spring","status":"publish","type":"product","link":"https:\/\/nbg.eu\/et\/toode\/sprinco-usa-spring-kit-xp-buffer-spring-enhanced-4coil-bolt-extractor-spring\/","title":{"rendered":"SPRINCO USA Spring Kit-XP Buffer Spring &amp; Enhanced 4Coil Bolt Extractor Spring"},"content":{"rendered":"<div class=\"product-description\">\n<h2>SPRINCO USA vedrukomplekt &#8211; XP puhvervedru ja t\u00e4iustatud 4-keeruga v\u00e4ljav\u00f5tja vedru<\/h2>\n<p>SPRINCO USA vedrukomplekt sisaldab:<\/p>\n<ul>\n<li>Tugevdatud puhvervedru (punane)<\/li>\n<li>T\u00e4iustatud 4-keeruga v\u00e4ljav\u00f5tja vedru<\/li>\n<\/ul>\n<p>Algselt disainitud 2006. aastal, see komplekt lahendab M4 karabiini t\u00f6\u00f6kindluse probleeme keerulistes keskkondades. Punane vedru pakub ligikaudu 25% suuremat disainikoormust v\u00f5rreldes valge vedruga, sobides:<\/p>\n<ul>\n<li>9mm, 6.8 SPC, 6.5 Grendel<\/li>\n<li>.450 BM, .450 SOCOM, .500 Beowulf<\/li>\n<li>Colt LE6920 karabiinid<\/li>\n<\/ul>\n<p>M\u00e4rkus: Tulemuslikkus v\u00f5ib varieeruda s\u00f5ltuvalt pordi v\u00e4\u00e4rtustest ja laskemoona koormustest. Enne kasutamist tutvuge h\u00e4\u00e4lestusprotseduuride dokumentidega.<\/p>\n<\/div>\n","protected":false},"excerpt":{"rendered":"<p>K\u00f5rge j\u00f5udlusega AR puhvri vedru suurendatud t\u00f6\u00f6kindluse ja v\u00f5imsuse tagamiseks.<\/p>\n","protected":false},"featured_media":76506,"template":"","meta":{"_acf_changed":false},"product_brand":[14581],"product_cat":[14021,14039],"product_tag":[],"class_list":{"0":"post-131288","1":"product","2":"type-product","3":"status-publish","4":"has-post-thumbnail","6":"product_brand-sprinco-usa","7":"product_cat-kmr-osad","8":"product_cat-vedrud","10":"first","11":"outofstock","12":"taxable","13":"shipping-taxable","14":"purchasable","15":"product-type-simple"},"acf":[],"_links":{"self":[{"href":"https:\/\/nbg.eu\/et\/wp-json\/wp\/v2\/product\/131288","targetHints":{"allow":["GET"]}}],"collection":[{"href":"https:\/\/nbg.eu\/et\/wp-json\/wp\/v2\/product"}],"about":[{"href":"https:\/\/nbg.eu\/et\/wp-json\/wp\/v2\/types\/product"}],"wp:featuredmedia":[{"embeddable":true,"href":"https:\/\/nbg.eu\/et\/wp-json\/wp\/v2\/media\/76506"}],"wp:attachment":[{"href":"https:\/\/nbg.eu\/et\/wp-json\/wp\/v2\/media?parent=131288"}],"wp:term":[{"taxonomy":"product_brand","embeddable":true,"href":"https:\/\/nbg.eu\/et\/wp-json\/wp\/v2\/product_brand?post=131288"},{"taxonomy":"product_cat","embeddable":true,"href":"https:\/\/nbg.eu\/et\/wp-json\/wp\/v2\/product_cat?post=131288"},{"taxonomy":"product_tag","embeddable":true,"href":"https:\/\/nbg.eu\/et\/wp-json\/wp\/v2\/product_tag?post=131288"}],"curies":[{"name":"wp","href":"https:\/\/api.w.org\/{rel}","templated":true}]}}