{"id":141581,"date":"2025-01-01T20:56:43","date_gmt":"2025-01-01T20:56:43","guid":{"rendered":"https:\/\/nbg.eu\/product\/area-419-ruger-american-short-action-scope-base\/"},"modified":"2026-05-13T16:01:56","modified_gmt":"2026-05-13T13:01:56","slug":"area-419-ruger-american-short-action-scope-base","status":"publish","type":"product","link":"https:\/\/nbg.eu\/et\/toode\/area-419-ruger-american-short-action-scope-base\/","title":{"rendered":"Area 419 &#8211; Ruger American Short Action Scope Base"},"content":{"rendered":"<div class=\"product-description\">\n<h2>Area 419 &#8211; Ruger American l\u00fchikese tegevusega p\u00fcssi sihiku alus<\/h2>\n<p>Ruger American p\u00fcssi sihiku alus. Valmistatud \u00fchest T7075 alumiinium t\u00fckist:<\/p>\n<ul>\n<li>T\u00e4pne sobivus<\/li>\n<li>Tugev ja vastupidav<\/li>\n<li>III t\u00fc\u00fcpi must anodeeritud kate<\/li>\n<li>20MOA kaldega pikemateks laskudeks<\/li>\n<\/ul>\n<p>Sisaldab v\u00f5tit kinnituskruvide pingutamiseks (soovituslik: 15 tolli\/naela). Sobib pikkade vahemaade laskmiseks.<\/p>\n<h3>Tehnilised andmed:<\/h3>\n<ul>\n<li>Kaal: 0,09 kg<\/li>\n<li>M\u00f5\u00f5tmed: 21,6 \u00d7 2,5 \u00d7 2,5 cm<\/li>\n<li>Tootja: Area 419<\/li>\n<li>Suurus: 20MOA<\/li>\n<\/ul>\n<\/div>\n","protected":false},"excerpt":{"rendered":"<p>T\u00e4ppisfreesitud 20MOA ulatusega optikaalus Ruger American p\u00fcssidele.<\/p>\n","protected":false},"featured_media":112120,"template":"","meta":{"_acf_changed":false},"product_brand":[11034],"product_cat":[14085,14071],"product_tag":[],"class_list":{"0":"post-141581","1":"product","2":"type-product","3":"status-publish","4":"has-post-thumbnail","6":"product_brand-area-419","7":"product_cat-roeoepad","8":"product_cat-vintpuess","10":"first","11":"instock","12":"sale","13":"taxable","14":"shipping-taxable","15":"purchasable","16":"product-type-simple"},"acf":[],"_links":{"self":[{"href":"https:\/\/nbg.eu\/et\/wp-json\/wp\/v2\/product\/141581","targetHints":{"allow":["GET"]}}],"collection":[{"href":"https:\/\/nbg.eu\/et\/wp-json\/wp\/v2\/product"}],"about":[{"href":"https:\/\/nbg.eu\/et\/wp-json\/wp\/v2\/types\/product"}],"wp:featuredmedia":[{"embeddable":true,"href":"https:\/\/nbg.eu\/et\/wp-json\/wp\/v2\/media\/112120"}],"wp:attachment":[{"href":"https:\/\/nbg.eu\/et\/wp-json\/wp\/v2\/media?parent=141581"}],"wp:term":[{"taxonomy":"product_brand","embeddable":true,"href":"https:\/\/nbg.eu\/et\/wp-json\/wp\/v2\/product_brand?post=141581"},{"taxonomy":"product_cat","embeddable":true,"href":"https:\/\/nbg.eu\/et\/wp-json\/wp\/v2\/product_cat?post=141581"},{"taxonomy":"product_tag","embeddable":true,"href":"https:\/\/nbg.eu\/et\/wp-json\/wp\/v2\/product_tag?post=141581"}],"curies":[{"name":"wp","href":"https:\/\/api.w.org\/{rel}","templated":true}]}}