{"id":173043,"date":"2024-08-16T19:55:05","date_gmt":"2025-01-23T11:16:44","guid":{"rendered":"https:\/\/nbg.eu\/product\/barwarus-bw-t4-handguards-with-m-lok\/"},"modified":"2026-05-13T16:44:52","modified_gmt":"2026-05-13T13:44:52","slug":"barwarus-bw-t4-handguards-with-m-lok","status":"publish","type":"product","link":"https:\/\/nbg.eu\/et\/toode\/barwarus-bw-t4-handguards-with-m-lok\/","title":{"rendered":"Barwarus\u00a0BW-T4 Handguards with M-Lok"},"content":{"rendered":"<div class=\"product-description\">\n<h2>Barwarus BW-T4 k\u00e4ekaitsmed M-Lok-iga<\/h2>\n<p>BW-T4 k\u00e4ekaitse komplekt AK-stiilis relvadele. M\u00f5eldud pikkade rauaga AK-dele (16&#8243;), see s\u00fcsteem v\u00f5imaldab M-LOK lisaseadmete paigaldamist.<\/p>\n<ul>\n<li>\u00dchildub erinevate AK mudelitega (AKUSA 100 seeria, AK-74, Saiga, Vepr jt)<\/li>\n<li>Valmistatud 6082-T6 sulamist<\/li>\n<li>Must Cerakote viimistlus<\/li>\n<li>Integreeritud M-LOK pesad k\u00f5igil k\u00fclgedel<\/li>\n<li>Parandab raua jahutamist ja soojuse hajutamist<\/li>\n<li>Kerge disain<\/li>\n<li>Kasutatav \u00e4\u00e4rmuslikes temperatuurides (-50\u00b0C kuni +50\u00b0C)<\/li>\n<\/ul>\n<p>Barwarus BW-T4 k\u00e4ekaitsmed v\u00f5imaldavad kohandamist, paremat soojuse juhtimist ja vastupidavust.<\/p>\n<\/div>\n","protected":false},"excerpt":{"rendered":"<p>Barwarus BW-T4 k\u00e4ekaitsed: M-Lok \u00fchilduvad, AK t\u00e4iustus parema jahutuse ja lisavarustuse kinnitamise v\u00f5imalustega.<\/p>\n","protected":false},"featured_media":23613,"template":"","meta":{"_acf_changed":false},"product_brand":[11109],"product_cat":[14817,14795,14085,14071,14032],"product_tag":[],"class_list":{"0":"post-173043","1":"product","2":"type-product","3":"status-publish","4":"has-post-thumbnail","6":"product_brand-barwarus","7":"product_cat-ak-kaekaitsmed","8":"product_cat-kasisuojat","9":"product_cat-roeoepad","10":"product_cat-vintpuess","11":"product_cat-vintpuessi-taeiustamine","13":"first","14":"instock","15":"taxable","16":"shipping-taxable","17":"product-type-variable","18":"wvs-archive-product-wrapper"},"acf":[],"_links":{"self":[{"href":"https:\/\/nbg.eu\/et\/wp-json\/wp\/v2\/product\/173043","targetHints":{"allow":["GET"]}}],"collection":[{"href":"https:\/\/nbg.eu\/et\/wp-json\/wp\/v2\/product"}],"about":[{"href":"https:\/\/nbg.eu\/et\/wp-json\/wp\/v2\/types\/product"}],"wp:featuredmedia":[{"embeddable":true,"href":"https:\/\/nbg.eu\/et\/wp-json\/wp\/v2\/media\/23613"}],"wp:attachment":[{"href":"https:\/\/nbg.eu\/et\/wp-json\/wp\/v2\/media?parent=173043"}],"wp:term":[{"taxonomy":"product_brand","embeddable":true,"href":"https:\/\/nbg.eu\/et\/wp-json\/wp\/v2\/product_brand?post=173043"},{"taxonomy":"product_cat","embeddable":true,"href":"https:\/\/nbg.eu\/et\/wp-json\/wp\/v2\/product_cat?post=173043"},{"taxonomy":"product_tag","embeddable":true,"href":"https:\/\/nbg.eu\/et\/wp-json\/wp\/v2\/product_tag?post=173043"}],"curies":[{"name":"wp","href":"https:\/\/api.w.org\/{rel}","templated":true}]}}