{"id":173197,"date":"2024-11-06T23:28:36","date_gmt":"2024-11-06T20:28:36","guid":{"rendered":"https:\/\/nbg.eu\/product\/vortex-optics-strike-eagle-se-31802-ffp-ebr-7c-mrad-3-18%d1%8544\/"},"modified":"2026-01-21T11:40:17","modified_gmt":"2026-01-21T08:40:17","slug":"vortex-optics-strike-eagle-se-31802-ffp-ebr-7c-mrad-3-18h44","status":"publish","type":"product","link":"https:\/\/nbg.eu\/et\/toode\/vortex-optics-strike-eagle-se-31802-ffp-ebr-7c-mrad-3-18h44\/","title":{"rendered":"Vortex Optics Strike Eagle &#8211; SE-31802 FFP EBR-7C MRAD 3-18\u044544"},"content":{"rendered":"<div class=\"product-description\">\n<h2>Vortex Optics Strike Eagle &#8211; SE-31802 FFP EBR-7C MRAD 3-18\u044544<\/h2>\n<p>Vortex Optics Strike Eagle 3-18&#215;44 FFP on optiline seade keskmise ja pika distantsi laskmiseks. See esimese fokaaltasandi optiline seade on m\u00f5eldud kiireks kohandamiseks muutuvates sihtm\u00e4rgi olukordades.<\/p>\n<h2>P\u00f5hiomadused:<\/h2>\n<ul>\n<li><strong>Esimese fokaaltasandi sihik:<\/strong> S\u00e4ilitab p\u00fcsivad m\u00f5\u00f5tmed t\u00e4pseks sihtimiseks k\u00f5igil suurendustel.<\/li>\n<li><strong>XD optiline s\u00fcsteem:<\/strong> Eriti madala dispersiooniga klaas parema eraldusv\u00f5ime ja v\u00e4rviustavuse jaoks.<\/li>\n<li><strong>Valgustatud sihik:<\/strong> Tagab t\u00e4pse sihtimise v\u00e4hese valguse tingimustes.<\/li>\n<li><strong>RevStop\u2122 nulls\u00fcsteem:<\/strong> Patenteeritud t\u00f6\u00f6riistadeta nullstopp kiireks nullasendisse naasmiseks p\u00e4rast reguleerimist.<\/li>\n<li><strong>Klaasile s\u00f6\u00f6vitatud sihik:<\/strong> V\u00f5imaldab keerukat disaini ja maksimaalset vastupidavust.<\/li>\n<li><strong>T\u00e4ielikult mitmekihilised l\u00e4\u00e4tsed:<\/strong> Suurendab valguse l\u00e4bilaskvust parema selguse ja v\u00e4hese valguse j\u00f5udluse jaoks.<\/li>\n<\/ul>\n<h2>Konstruktsioon ja vastupidavus:<\/h2>\n<ul>\n<li><strong>ArmorTek\u00ae:<\/strong> \u00dclitugev, kriimustuskindel l\u00e4\u00e4tse kate.<\/li>\n<li><strong>\u00dcheosaline toru:<\/strong> Parandab t\u00e4psust, tugevust ja veekindlust.<\/li>\n<li><strong>Lennukiklassi alumiinium:<\/strong> Tagab tugevuse ja j\u00e4ikuse.<\/li>\n<li><strong>Madala l\u00e4ikega matt must anodeerimine:<\/strong> Korrosioonikindel ja aitab varjata laskuri asukohta.<\/li>\n<li><strong>L\u00e4mmastikuga t\u00e4idetud:<\/strong> Udu- ja veekindel k\u00f5igis tingimustes.<\/li>\n<li><strong>P\u00f5rutuskindel:<\/strong> Loodud taluma k\u00f5rget tagasil\u00f6\u00f6ki ja l\u00f6\u00f6ke.<\/li>\n<\/ul>\n<h2>Optilised andmed:<\/h2>\n<ul>\n<li>Suurendus: 3-18x<\/li>\n<li>Objektiivi l\u00e4bim\u00f5\u00f5t: 44 mm<\/li>\n<li>Silma kaugus: 3,8&#8243;<\/li>\n<li>Vaatev\u00e4li: 39,3&#8242; &#8211; 6,7&#8242; @ 100 jardi<\/li>\n<li>Toru suurus: 34 mm<\/li>\n<li>Parallaksi seadistus: 10 jardi &#8211; \u221e<\/li>\n<\/ul>\n<h2>Reguleerimise omadused:<\/h2>\n<ul>\n<li>Torni stiil: Avatud k\u00f5rgus, kaetud tuule<\/li>\n<li>Reguleerimise samm: 1 MRAD<\/li>\n<li>Liikumine p\u00f6\u00f6rde kohta: 10 MRAD<\/li>\n<li>Max k\u00f5rguse reguleerimine: 45 MRAD<\/li>\n<li>Max tuule reguleerimine: 18 MRAD<\/li>\n<\/ul>\n<h2>EBR-7C (MRAD) sihik:<\/h2>\n<p>EBR-7C sihik on loodud maksimeerima pika distantsi laskmist ja kauguse hindamist. See sisaldab:<\/p>\n<ul>\n<li>\u00dclit\u00e4pne laseriga s\u00f6\u00f6vitamine tihedate tolerantside jaoks<\/li>\n<li>Peened keskristsihiku m\u00f5\u00f5tmed optimaalse tasakaalu jaoks t\u00e4pse sihtimise ja v\u00e4hese valguse n\u00e4htavuse vahel<\/li>\n<li>Tuule viitepunktid langusjoonte<\/li>\n<\/ul>\n<h2><\/h2>\n<\/div>\n","protected":false},"excerpt":{"rendered":"<p>Mitmek\u00fclgne 3-18&#215;44 FFP sihik EBR-7C MRAD niiristikuga. Selge optika, vastupidav ehitus, kiired reguleerimised.<\/p>\n","protected":false},"featured_media":78033,"template":"","meta":{"_acf_changed":false},"product_brand":[11956],"product_cat":[14022,14035],"product_tag":[],"class_list":{"0":"post-173197","1":"product","2":"type-product","3":"status-publish","4":"has-post-thumbnail","6":"product_brand-vortex","7":"product_cat-sihtimisviir","8":"product_cat-suurendavad-optikad","10":"first","11":"outofstock","12":"taxable","13":"shipping-taxable","14":"purchasable","15":"product-type-simple"},"acf":[],"_links":{"self":[{"href":"https:\/\/nbg.eu\/et\/wp-json\/wp\/v2\/product\/173197","targetHints":{"allow":["GET"]}}],"collection":[{"href":"https:\/\/nbg.eu\/et\/wp-json\/wp\/v2\/product"}],"about":[{"href":"https:\/\/nbg.eu\/et\/wp-json\/wp\/v2\/types\/product"}],"wp:featuredmedia":[{"embeddable":true,"href":"https:\/\/nbg.eu\/et\/wp-json\/wp\/v2\/media\/78033"}],"wp:attachment":[{"href":"https:\/\/nbg.eu\/et\/wp-json\/wp\/v2\/media?parent=173197"}],"wp:term":[{"taxonomy":"product_brand","embeddable":true,"href":"https:\/\/nbg.eu\/et\/wp-json\/wp\/v2\/product_brand?post=173197"},{"taxonomy":"product_cat","embeddable":true,"href":"https:\/\/nbg.eu\/et\/wp-json\/wp\/v2\/product_cat?post=173197"},{"taxonomy":"product_tag","embeddable":true,"href":"https:\/\/nbg.eu\/et\/wp-json\/wp\/v2\/product_tag?post=173197"}],"curies":[{"name":"wp","href":"https:\/\/api.w.org\/{rel}","templated":true}]}}