{"id":176853,"date":"2024-11-01T10:30:55","date_gmt":"2024-11-01T07:30:55","guid":{"rendered":"https:\/\/nbg.eu\/product\/ipsc-mini-cardboard-targets\/"},"modified":"2026-01-21T12:16:48","modified_gmt":"2026-01-21T09:16:48","slug":"ipsc-mini-cardboard-targets","status":"publish","type":"product","link":"https:\/\/nbg.eu\/et\/toode\/ipsc-mini-cardboard-targets\/","title":{"rendered":"IPSC Mini Cardboard Targets"},"content":{"rendered":"<div class=\"product-description\">\n<h2>IPSC mini-pappsihtm\u00e4rgid &#8211; komplekt 100 tk<\/h2>\n<p>2\/3 (60% suurusega) IPSC pappsihtm\u00e4rgid. Igas pakis on 100 t\u00fckki.<\/p>\n<ul>\n<li>Selgelt m\u00e4rgitud tulemuste jooned<\/li>\n<li>Tugev vahvelstruktuur vastupidavuse suurendamiseks<\/li>\n<li>Valge tagak\u00fclg kasutamiseks k\u00f5va kattena v\u00f5i No-Shoot sihtm\u00e4rkidena<\/li>\n<li>Sobiv pikemate vahemaade simuleerimiseks piiratud lasketiiru ruumis<\/li>\n<li>Sobib Airsoft treeninguteks l\u00fchematel vahemaadel<\/li>\n<\/ul>\n<p>Need sihtm\u00e4rgid taluvad enne v\u00e4ljavahetamist rohkem tabamusi. V\u00e4iksem suurus v\u00f5imaldab harjutada kauglaske ka kompaktsetel laskealadel.<\/p>\n<p>IPSC mini-pappsihtm\u00e4rgid treeninguteks.<\/p>\n<\/div>\n","protected":false},"excerpt":{"rendered":"<p>IPSC mini papist m\u00e4rklauad: vastupidavad, mitmek\u00fclgsed, 60% suurusega realistlikuks harjutamiseks.<\/p>\n","protected":false},"featured_media":75281,"template":"","meta":{"_acf_changed":false},"product_brand":[11262],"product_cat":[14006,14027,14079],"product_tag":[],"class_list":{"0":"post-176853","1":"product","2":"type-product","3":"status-publish","4":"has-post-thumbnail","6":"product_brand-doublealpha","7":"product_cat-pabersihtmaergid","8":"product_cat-sihtmaergid","9":"product_cat-varustus","11":"first","12":"outofstock","13":"taxable","14":"shipping-taxable","15":"purchasable","16":"product-type-simple"},"acf":[],"_links":{"self":[{"href":"https:\/\/nbg.eu\/et\/wp-json\/wp\/v2\/product\/176853","targetHints":{"allow":["GET"]}}],"collection":[{"href":"https:\/\/nbg.eu\/et\/wp-json\/wp\/v2\/product"}],"about":[{"href":"https:\/\/nbg.eu\/et\/wp-json\/wp\/v2\/types\/product"}],"wp:featuredmedia":[{"embeddable":true,"href":"https:\/\/nbg.eu\/et\/wp-json\/wp\/v2\/media\/75281"}],"wp:attachment":[{"href":"https:\/\/nbg.eu\/et\/wp-json\/wp\/v2\/media?parent=176853"}],"wp:term":[{"taxonomy":"product_brand","embeddable":true,"href":"https:\/\/nbg.eu\/et\/wp-json\/wp\/v2\/product_brand?post=176853"},{"taxonomy":"product_cat","embeddable":true,"href":"https:\/\/nbg.eu\/et\/wp-json\/wp\/v2\/product_cat?post=176853"},{"taxonomy":"product_tag","embeddable":true,"href":"https:\/\/nbg.eu\/et\/wp-json\/wp\/v2\/product_tag?post=176853"}],"curies":[{"name":"wp","href":"https:\/\/api.w.org\/{rel}","templated":true}]}}