{"id":208848,"date":"2024-09-02T10:47:02","date_gmt":"2024-09-02T10:47:02","guid":{"rendered":"https:\/\/nbg.eu\/product\/badger-ordnance-c1-modular-safety\/"},"modified":"2026-01-21T11:48:14","modified_gmt":"2026-01-21T08:48:14","slug":"badger-ordnance-c1-modular-safety","status":"publish","type":"product","link":"https:\/\/nbg.eu\/et\/toode\/badger-ordnance-c1-modular-safety\/","title":{"rendered":"Badger Ordnance C1 Modular Safety"},"content":{"rendered":"<div class=\"product-description\">\n<h2>Badger Ordnance C1 modulaarne ohutuslukk<\/h2>\n<p>C1 poolautomaatne ohutuslukk M16\/AR-15\/AR-10\/SR-25 t\u00fc\u00fcpi relvadele. See modulaarne komplekt pakub:<\/p>\n<ul>\n<li>\u00dchepoolne v\u00f5i m\u00f5lemapoolne juhtimine<\/li>\n<li>Vasaku- v\u00f5i paremak\u00e4eline kasutamine<\/li>\n<li>60\u00b0 v\u00f5i 90\u00b0 p\u00f6\u00f6rdenurga valikud<\/li>\n<li>Punane indikaator visuaalseks kontrolliks<\/li>\n<\/ul>\n<p>Komplekt sisaldab:<\/p>\n<ul>\n<li>Pikk p\u00f5hipoolne hoob<\/li>\n<li>L\u00fchike teisepoolne hoob<\/li>\n<li>Teisepoolne oleku indikaatori kate<\/li>\n<li>Rulltihvtid ja ohutusdetent (karastatud 60Rc-ni)<\/li>\n<\/ul>\n<p>Valmistatud 4140 terasest, pindkarastatud ja mangaanfosfaadiga kaetud. Lihtne paigaldada ja pikaajaline kasutus.<\/p>\n<p><strong>V\u00e4rv:<\/strong> Must<br \/>\n |<br \/>\n<strong>Tulirelvade luba vajalik:<\/strong> Ei | <strong>Platvormispetsiifiline:<\/strong> Ei<\/p>\n<\/div>\n","protected":false},"excerpt":{"rendered":"<p>Mitmek\u00fclgne AR ohutus: m\u00f5lemak\u00e4eline, 60\u00b0\/90\u00b0 liigutus, punased indikaatorid<\/p>\n","protected":false},"featured_media":35382,"template":"","meta":{"_acf_changed":false},"product_brand":[11086],"product_cat":[14055,14857,14071,14032],"product_tag":[],"class_list":{"0":"post-208848","1":"product","2":"type-product","3":"status-publish","4":"has-post-thumbnail","6":"product_brand-badger-ordnance","7":"product_cat-ar-haeaelestamine","8":"product_cat-ohutusvalijad","9":"product_cat-vintpuess","10":"product_cat-vintpuessi-taeiustamine","12":"first","13":"instock","14":"taxable","15":"shipping-taxable","16":"purchasable","17":"product-type-simple"},"acf":[],"_links":{"self":[{"href":"https:\/\/nbg.eu\/et\/wp-json\/wp\/v2\/product\/208848","targetHints":{"allow":["GET"]}}],"collection":[{"href":"https:\/\/nbg.eu\/et\/wp-json\/wp\/v2\/product"}],"about":[{"href":"https:\/\/nbg.eu\/et\/wp-json\/wp\/v2\/types\/product"}],"wp:featuredmedia":[{"embeddable":true,"href":"https:\/\/nbg.eu\/et\/wp-json\/wp\/v2\/media\/35382"}],"wp:attachment":[{"href":"https:\/\/nbg.eu\/et\/wp-json\/wp\/v2\/media?parent=208848"}],"wp:term":[{"taxonomy":"product_brand","embeddable":true,"href":"https:\/\/nbg.eu\/et\/wp-json\/wp\/v2\/product_brand?post=208848"},{"taxonomy":"product_cat","embeddable":true,"href":"https:\/\/nbg.eu\/et\/wp-json\/wp\/v2\/product_cat?post=208848"},{"taxonomy":"product_tag","embeddable":true,"href":"https:\/\/nbg.eu\/et\/wp-json\/wp\/v2\/product_tag?post=208848"}],"curies":[{"name":"wp","href":"https:\/\/api.w.org\/{rel}","templated":true}]}}