{"id":22538,"date":"2024-08-19T20:28:32","date_gmt":"2024-08-19T17:28:32","guid":{"rendered":"https:\/\/nbg.eu\/product\/toode-2\/"},"modified":"2026-05-13T16:41:23","modified_gmt":"2026-05-13T13:41:23","slug":"toode-2","status":"publish","type":"product","link":"https:\/\/nbg.eu\/et\/toode\/toode-2\/","title":{"rendered":"KMR Luku Piduri Vedru Tihvt"},"content":{"rendered":"<h2>Slide Stop Spring Pin KMR<\/h2>\n<p>T\u00f5hustage oma relva funktsionaalsust ja t\u00f6\u00f6kindlust Slide Stop Spring Pin KMRiga. See t\u00e4pselt kavandatud komponent on loodud libistamise seiskamise j\u00f5uliselt oma kohal hoidmiseks, tagades relva sujuva ja j\u00e4rjepideva t\u00f6\u00f6. Valmistatud kvaliteetsetest materjalidest, on Slide Stop Spring Pin KMR loodud taluma regulaarse kasutamise ja karmide keskkondade raskusi.<\/p>\n<p>Vastupidava vedrudesigni t\u00f5ttu pakub Slide Stop Spring Pin KMR usaldusv\u00e4\u00e4rset t\u00f6\u00f6d ja kindlat sobivust, takistades soovimatu libisemise v\u00f5i \u00fchenduse eraldumine. Selle kompaktne suurus ja t\u00f5rgeteta \u00fchilduvus muudavad selle asendamatuks lisaks teie relva hooldamisele ja t\u00e4iendamisele.<\/p>\n<p>Olgu te siis kogenenud tulijaline v\u00f5i relvahuviline, on Slide Stop Spring Pin KMR h\u00e4davajalik lisavarustus teie relva optimaalse j\u00f5udluse s\u00e4ilitamiseks. T\u00e4iustage oma tulirelva selle usaldusv\u00e4\u00e4rise ja kasutajas\u00f5braliku komponendiga ning tunnetage oma laskmiselamuses erinevust.<\/p>\n","protected":false},"excerpt":{"rendered":"<p>Usaldusv\u00e4\u00e4rne vedruga liugklamber KMR-kinnituse kindlustamiseks.<\/p>\n","protected":false},"featured_media":60766,"template":"","meta":{"_acf_changed":false},"product_brand":[11497],"product_cat":[14021,14039],"product_tag":[],"class_list":{"0":"post-22538","1":"product","2":"type-product","3":"status-publish","4":"has-post-thumbnail","6":"product_brand-kmr-precision","7":"product_cat-kmr-osad","8":"product_cat-vedrud","10":"first","11":"instock","12":"taxable","13":"shipping-taxable","14":"product-type-simple"},"acf":[],"_links":{"self":[{"href":"https:\/\/nbg.eu\/et\/wp-json\/wp\/v2\/product\/22538","targetHints":{"allow":["GET"]}}],"collection":[{"href":"https:\/\/nbg.eu\/et\/wp-json\/wp\/v2\/product"}],"about":[{"href":"https:\/\/nbg.eu\/et\/wp-json\/wp\/v2\/types\/product"}],"wp:featuredmedia":[{"embeddable":true,"href":"https:\/\/nbg.eu\/et\/wp-json\/wp\/v2\/media\/60766"}],"wp:attachment":[{"href":"https:\/\/nbg.eu\/et\/wp-json\/wp\/v2\/media?parent=22538"}],"wp:term":[{"taxonomy":"product_brand","embeddable":true,"href":"https:\/\/nbg.eu\/et\/wp-json\/wp\/v2\/product_brand?post=22538"},{"taxonomy":"product_cat","embeddable":true,"href":"https:\/\/nbg.eu\/et\/wp-json\/wp\/v2\/product_cat?post=22538"},{"taxonomy":"product_tag","embeddable":true,"href":"https:\/\/nbg.eu\/et\/wp-json\/wp\/v2\/product_tag?post=22538"}],"curies":[{"name":"wp","href":"https:\/\/api.w.org\/{rel}","templated":true}]}}