{"id":275121,"date":"2025-03-03T12:58:09","date_gmt":"2025-03-03T12:58:09","guid":{"rendered":"https:\/\/nbg.eu\/product\/bore-tech-extreme-grease-hd-10ml\/"},"modified":"2026-01-21T11:38:40","modified_gmt":"2026-01-21T08:38:40","slug":"bore-tech-extreme-grease-hd-10ml","status":"publish","type":"product","link":"https:\/\/nbg.eu\/et\/toode\/bore-tech-extreme-grease-hd-10ml\/","title":{"rendered":"Bore tech EXTREME GREASE HD 10ml"},"content":{"rendered":"<h2>Bore Tech EXTREME GREASE HD 10ml<\/h2>\n<p>Bore Tech&#8217;i EXTREME GREASE HD on kolmekordne s\u00fcnteetiline segu, mis on loodud tulirelvade t\u00f6\u00f6 jaoks.<\/p>\n<ul>\n<li>T\u00f6\u00f6temperatuuri vahemik: -65\u00b0C kuni +371\u00b0C<\/li>\n<li>Laiendatud temperatuurivahemik: kuni 1093\u00b0C<\/li>\n<li>Ei kummendu ega voola<\/li>\n<li>Hea m\u00e4\u00e4rimine ja kulumise ennetamine<\/li>\n<li>Madalam h\u00f5\u00f5rdetegur v\u00f5rreldes konkurentidega<\/li>\n<li>Paremad roostet\u00f5rje omadused<\/li>\n<li>Nanokeraamilised temperatuurim\u00e4\u00e4rded<\/li>\n<\/ul>\n<p>Sobib kasutamiseks lukustuslukkudel, raamisiinidel, hingepoltidel ja nukkmehhanismidel. Tagab sujuva t\u00f6\u00f6, pikendab osade eluiga ja toimib ekstreemsetes tingimustes.<\/p>\n<p>10cc plasttuub doseerimisotsakuga ja kruvikorgiga lihtsamaks kasutamiseks.<\/p>\n","protected":false},"excerpt":{"rendered":"<p>\u00dclitakerjas s\u00fcnteetiline relvarasv \u00e4\u00e4rmuslikeks tingimusteks (-65\u00b0C kuni 371\u00b0C)<\/p>\n","protected":false},"featured_media":235470,"template":"","meta":{"_acf_changed":false},"product_brand":[11150],"product_cat":[14026,14013],"product_tag":[],"class_list":{"0":"post-275121","1":"product","2":"type-product","3":"status-publish","4":"has-post-thumbnail","6":"product_brand-boretech","7":"product_cat-maeaerdeained","8":"product_cat-relva-puhastamine","10":"first","11":"outofstock","12":"taxable","13":"shipping-taxable","14":"purchasable","15":"product-type-simple"},"acf":[],"_links":{"self":[{"href":"https:\/\/nbg.eu\/et\/wp-json\/wp\/v2\/product\/275121","targetHints":{"allow":["GET"]}}],"collection":[{"href":"https:\/\/nbg.eu\/et\/wp-json\/wp\/v2\/product"}],"about":[{"href":"https:\/\/nbg.eu\/et\/wp-json\/wp\/v2\/types\/product"}],"wp:featuredmedia":[{"embeddable":true,"href":"https:\/\/nbg.eu\/et\/wp-json\/wp\/v2\/media\/235470"}],"wp:attachment":[{"href":"https:\/\/nbg.eu\/et\/wp-json\/wp\/v2\/media?parent=275121"}],"wp:term":[{"taxonomy":"product_brand","embeddable":true,"href":"https:\/\/nbg.eu\/et\/wp-json\/wp\/v2\/product_brand?post=275121"},{"taxonomy":"product_cat","embeddable":true,"href":"https:\/\/nbg.eu\/et\/wp-json\/wp\/v2\/product_cat?post=275121"},{"taxonomy":"product_tag","embeddable":true,"href":"https:\/\/nbg.eu\/et\/wp-json\/wp\/v2\/product_tag?post=275121"}],"curies":[{"name":"wp","href":"https:\/\/api.w.org\/{rel}","templated":true}]}}