{"id":275961,"date":"2025-03-03T22:22:36","date_gmt":"2025-03-03T19:22:36","guid":{"rendered":"https:\/\/nbg.eu\/product\/qwik-dri-dry-lubricant-1-oz\/"},"modified":"2026-01-21T11:41:29","modified_gmt":"2026-01-21T08:41:29","slug":"qwik-dri-dry-lubricant-1-oz","status":"publish","type":"product","link":"https:\/\/nbg.eu\/et\/toode\/qwik-dri-dry-lubricant-1-oz\/","title":{"rendered":"QWIK-DRI DRY LUBRICANT, 1 Oz"},"content":{"rendered":"<h2>QWIK-DRI KUIVM\u00c4\u00c4RE, 1 UNTS<\/h2>\n<p>Bore Tech Qwik-Dri\u2122 on kuivm\u00e4\u00e4re tulirelvade hoolduseks. See 1-untsine pudel sisaldab PTFE osakesi kiiresti aurustuvas kandeaines.<\/p>\n<ul>\n<li>Tungib metalli pooridesse<\/li>\n<li>Moodustab vastupidava kuivkihi<\/li>\n<li>Toimib \u00e4\u00e4rmuslikes temperatuurides (-73\u00b0C kuni 316\u00b0C)<\/li>\n<li>V\u00e4hendab h\u00f5\u00f5rdumist ja kulumist 95%<\/li>\n<li>T\u00f5rjub tolmu ja mustust<\/li>\n<li>Mitteoliine, puhas kasutamine<\/li>\n<\/ul>\n<p>Sobib p\u00fcstoli kelkudele, p\u00e4\u00e4stikutele, p\u00fcssi lukule, salvedele ja muule. Qwik-Dri\u2122 tagab sujuva t\u00f6\u00f6 ilma m\u00e4\u00e4rdumiseta. Sobib vutlaris kantavatele relvadele, ei m\u00e4\u00e4ri riideid ega t\u00f5mba ligi ebemeid. Toodetud USA-s.<\/p>\n","protected":false},"excerpt":{"rendered":"<p>QWIK-DRI: Kiiresti kuivav PTFE m\u00e4\u00e4rdeaine \u00e4\u00e4rmuslike temperatuuride jaoks. T\u00f5rjub mustust.<\/p>\n","protected":false},"featured_media":235673,"template":"","meta":{"_acf_changed":false},"product_brand":[11150],"product_cat":[14026,14086,14013],"product_tag":[],"class_list":{"0":"post-275961","1":"product","2":"type-product","3":"status-publish","4":"has-post-thumbnail","6":"product_brand-boretech","7":"product_cat-maeaerdeained","8":"product_cat-puhastusained","9":"product_cat-relva-puhastamine","11":"first","12":"instock","13":"taxable","14":"shipping-taxable","15":"purchasable","16":"product-type-simple"},"acf":[],"_links":{"self":[{"href":"https:\/\/nbg.eu\/et\/wp-json\/wp\/v2\/product\/275961","targetHints":{"allow":["GET"]}}],"collection":[{"href":"https:\/\/nbg.eu\/et\/wp-json\/wp\/v2\/product"}],"about":[{"href":"https:\/\/nbg.eu\/et\/wp-json\/wp\/v2\/types\/product"}],"wp:featuredmedia":[{"embeddable":true,"href":"https:\/\/nbg.eu\/et\/wp-json\/wp\/v2\/media\/235673"}],"wp:attachment":[{"href":"https:\/\/nbg.eu\/et\/wp-json\/wp\/v2\/media?parent=275961"}],"wp:term":[{"taxonomy":"product_brand","embeddable":true,"href":"https:\/\/nbg.eu\/et\/wp-json\/wp\/v2\/product_brand?post=275961"},{"taxonomy":"product_cat","embeddable":true,"href":"https:\/\/nbg.eu\/et\/wp-json\/wp\/v2\/product_cat?post=275961"},{"taxonomy":"product_tag","embeddable":true,"href":"https:\/\/nbg.eu\/et\/wp-json\/wp\/v2\/product_tag?post=275961"}],"curies":[{"name":"wp","href":"https:\/\/api.w.org\/{rel}","templated":true}]}}