{"id":277908,"date":"2025-03-07T22:09:14","date_gmt":"2025-03-07T19:09:14","guid":{"rendered":"https:\/\/nbg.eu\/product\/vortex-strike-eagle-1-8x24-ffp\/"},"modified":"2026-01-21T11:46:17","modified_gmt":"2026-01-21T08:46:17","slug":"vortex-strike-eagle-1-8x24-ffp","status":"publish","type":"product","link":"https:\/\/nbg.eu\/et\/toode\/vortex-strike-eagle-1-8x24-ffp\/","title":{"rendered":"Vortex &#8211; Strike Eagle\u00ae &#8211; 1-8&#215;24 FFP"},"content":{"rendered":"<div class=\"product-description\">\n<h1>Vortex &#8211; Strike Eagle\u00ae &#8211; 1-8&#215;24 FFP<\/h1>\n<p>Strike Eagle\u00ae on taktikaline sihik, mis pakub mitmek\u00fclgsust ja optilist j\u00f5udlust. Vastupidava ehituse, kvaliteetse klaasi ja edasij\u00f5udnud funktsioonidega sobib see sihik nii l\u00fchikese kui ka pika distantsi tulistamiseks kuni 1000 jardi kaugusele.<\/p>\n<h2>P\u00f5hiomadused:<\/h2>\n<ul>\n<li>Suurendus: 1-8x<\/li>\n<li>Objektiivi l\u00e4bim\u00f5\u00f5t: 24 mm<\/li>\n<li>Esimese fookustasandi (FFP)<\/li>\n<li>EBR-8 MOA sihik<\/li>\n<li>Silma kaugus: 3,9&#8243;<\/li>\n<li>Vaatev\u00e4li: 113,6&#8242; &#8211; 14,1&#8242; @ 100 jardi<\/li>\n<li>30 mm toru suurus<\/li>\n<li>1\/4 MOA reguleerimise aste<\/li>\n<li>145 MOA maksimaalne k\u00f5rguse ja k\u00fclgtuule reguleerimine<\/li>\n<li>Kaal: 23,9 untsi<\/li>\n<\/ul>\n<h2>EBR-8 sihik:<\/h2>\n<p>EBR-8 MOA esimese fookustasandi, klaasile s\u00f6\u00f6vitatud, valgustatud sihik v\u00f5imaldab kiiret laskmist punktlasust kuni 600 jardini populaarsete .223\/5,56mm ja .308\/7,62mm laskemoonaga. Sihikut saab kasutada ka teiste kaliibrite ja laskemoonaga, kasutades BDC m\u00e4rgistusi.<\/p>\n<h2>Vastupidavus ja selgus:<\/h2>\n<ul>\n<li>Lennukiklassi alumiiniumist konstruktsioon<\/li>\n<li>ArmorTek\u00ae ultratugevast, kriimustuskindel kate<\/li>\n<li>T\u00e4ielikult mitmekihilised l\u00e4\u00e4tsed optimaalseks valguse l\u00e4bilaskvuseks<\/li>\n<li>P\u00f5rutuskindel disain tagasil\u00f6\u00f6gi ja l\u00f6\u00f6gi talumiseks<\/li>\n<\/ul>\n<h2>Lisafunktsioonid:<\/h2>\n<ul>\n<li>Kattega torni stiil<\/li>\n<li>25 MOA liikumine p\u00f6\u00f6rde kohta<\/li>\n<li>Parallaksi seadistus: 125 jardi<\/li>\n<li>Kaasas olev hoob kiireks suurenduse reguleerimiseks<\/li>\n<\/ul>\n<p>Vortex Strike Eagle\u00ae 1-8&#215;24 FFP on sihik laskuritele, kes otsivad mitmek\u00fclgset optikat. See sihik pakub t\u00e4psust ja usaldusv\u00e4\u00e4rsust nii l\u00e4hiv\u00f5itluses kui ka kaugete sihtm\u00e4rkide puhul.<\/p>\n<\/div>\n","protected":false},"excerpt":{"rendered":"<p>Mitmek\u00fclgne 1-8&#215;24 FFP sihik EBR-8 niiristikuga. Vastupidav, k\u00f5rge j\u00f5udlusega optika taktikaliseks laskmiseks.<\/p>\n","protected":false},"featured_media":249200,"template":"","meta":{"_acf_changed":false},"product_brand":[11956],"product_cat":[14022,14035],"product_tag":[],"class_list":{"0":"post-277908","1":"product","2":"type-product","3":"status-publish","4":"has-post-thumbnail","6":"product_brand-vortex","7":"product_cat-sihtimisviir","8":"product_cat-suurendavad-optikad","10":"first","11":"outofstock","12":"taxable","13":"shipping-taxable","14":"purchasable","15":"product-type-simple"},"acf":[],"_links":{"self":[{"href":"https:\/\/nbg.eu\/et\/wp-json\/wp\/v2\/product\/277908","targetHints":{"allow":["GET"]}}],"collection":[{"href":"https:\/\/nbg.eu\/et\/wp-json\/wp\/v2\/product"}],"about":[{"href":"https:\/\/nbg.eu\/et\/wp-json\/wp\/v2\/types\/product"}],"wp:featuredmedia":[{"embeddable":true,"href":"https:\/\/nbg.eu\/et\/wp-json\/wp\/v2\/media\/249200"}],"wp:attachment":[{"href":"https:\/\/nbg.eu\/et\/wp-json\/wp\/v2\/media?parent=277908"}],"wp:term":[{"taxonomy":"product_brand","embeddable":true,"href":"https:\/\/nbg.eu\/et\/wp-json\/wp\/v2\/product_brand?post=277908"},{"taxonomy":"product_cat","embeddable":true,"href":"https:\/\/nbg.eu\/et\/wp-json\/wp\/v2\/product_cat?post=277908"},{"taxonomy":"product_tag","embeddable":true,"href":"https:\/\/nbg.eu\/et\/wp-json\/wp\/v2\/product_tag?post=277908"}],"curies":[{"name":"wp","href":"https:\/\/api.w.org\/{rel}","templated":true}]}}