{"id":283446,"date":"2025-03-07T20:40:36","date_gmt":"2025-03-07T17:40:36","guid":{"rendered":"https:\/\/nbg.eu\/product\/rusan-adapter-arm52-64-64mm\/"},"modified":"2026-01-21T11:38:39","modified_gmt":"2026-01-21T08:38:39","slug":"rusan-adapter-arm52-64-64mm","status":"publish","type":"product","link":"https:\/\/nbg.eu\/et\/toode\/rusan-adapter-arm52-64-64mm\/","title":{"rendered":"Rusan &#8211; Adapter ARM52-64, 64mm"},"content":{"rendered":"<div class=\"product-description\">\n<h1>Rusan &#8211; Adapter ARM52-64, 64mm<\/h1>\n<h2>Tugevuse, kohandatavuse ja t\u00e4pse konstruktsiooni \u00fchendus<\/h2>\n<p>Rusan &#8211; Adapter ARM52-64 on 64mm kinnituslahendus. See adapter \u00fchendab tugevuse, kohandatavuse ja t\u00e4psuse, et optimeerida teie seadistust erinevates olukordades.<\/p>\n<h3>P\u00f5hiomadused:<\/h3>\n<ul>\n<li><strong>RRS-Lock\u2122 s\u00fcsteem:<\/strong> Sisaldab ohutuspeatusi nii kinnitussiinis kui ka kiirvabastusmehhanismis, j\u00e4rgides RRS 1,5&#8243; standardit. Siin pakub mitut peatuspositsiooni, s\u00e4ilitades sujuvad servad ergonoomika jaoks.<\/li>\n<li><strong>Lihtne pealtlaadimine:<\/strong> \u00dcleminek suletud asendist t\u00e4ielikult avatuks \u00fche liigutusega, v\u00f5imaldades RRS Dovetail ja Arca-Swiss \u00fchilduvate kiirvabastatavate plaatide h\u00f5lpsat pealtlaadimist.<\/li>\n<li><strong>Visuaalne lukustuse kinnitus:<\/strong> Hoova asendi lihtne j\u00e4lgimine &#8211; lukustatud, poolavatud v\u00f5i t\u00e4ielikult avatud.<\/li>\n<li><strong>Reguleeritav pinge:<\/strong> Klambri pinge peenh\u00e4\u00e4lestamine kolmandate osapoolte plaatide ja siinidega \u00fchilduvuse parandamiseks.<\/li>\n<li><strong>Patenteeritud topeltklamber:<\/strong> Sobib nii Picatinny kui ka Arca-stiilis siinidele.<\/li>\n<li><strong>Kasutajas\u00f5bralik disain:<\/strong> Tagasi\u00fchilduv mitte-RRS-Lock\u2122 Arca-stiilis siinidega.<\/li>\n<\/ul>\n<h3>\u00dchilduvad biipoded:<\/h3>\n<ul>\n<li>B&amp;T Industries&#8217; Atlas A.R.M.S. 17s biipoded<\/li>\n<li>Thunder Beast Arms TBAC<\/li>\n<li>Magpul A.R.M.S. 17s stiil<\/li>\n<li>K\u00f5ik teised A.R.M.S. 17s rakendused<\/li>\n<\/ul>\n<h3>Tehnilised andmed:<\/h3>\n<table>\n<tr>\n<td>L\u00f5ua pikkus:<\/td>\n<td>1,97&#8243; \/ 50mm<\/td>\n<\/tr>\n<tr>\n<td>Laius:<\/td>\n<td>2,94&#8243; \/ 74,6mm<\/td>\n<\/tr>\n<tr>\n<td>K\u00f5rgus:<\/td>\n<td>0,7&#8243; \/ 17,4mm<\/td>\n<\/tr>\n<tr>\n<td>Kaal:<\/td>\n<td>3,8oz \/ 107g (koos riistvaraga)<\/td>\n<\/tr>\n<\/table>\n<p>Rusan &#8211; Adapter ARM52-64 on t\u00f6\u00f6vahend t\u00e4psuslaskmise jaoks. See adapter tagab, et teie varustus on kinnitatud usaldusv\u00e4\u00e4rse klambris\u00fcsteemiga.<\/p>\n<\/div>\n","protected":false},"excerpt":{"rendered":"<p>Rusan ARM52-64: 64mm adapter t\u00e4pseks paigaldamiseks. Vastupidav, mitmek\u00fclgne ja projekteeritud optimaalseks j\u00f5udluseks.<\/p>\n","protected":false},"featured_media":248361,"template":"","meta":{"_acf_changed":false},"product_brand":[11677],"product_cat":[14047,14022,14042],"product_tag":[],"class_list":{"0":"post-283446","1":"product","2":"type-product","3":"status-publish","4":"has-post-thumbnail","6":"product_brand-rusan","7":"product_cat-sihtimisvahendid","8":"product_cat-sihtimisviir","9":"product_cat-soojuskiir","11":"first","12":"outofstock","13":"taxable","14":"shipping-taxable","15":"purchasable","16":"product-type-simple"},"acf":[],"_links":{"self":[{"href":"https:\/\/nbg.eu\/et\/wp-json\/wp\/v2\/product\/283446","targetHints":{"allow":["GET"]}}],"collection":[{"href":"https:\/\/nbg.eu\/et\/wp-json\/wp\/v2\/product"}],"about":[{"href":"https:\/\/nbg.eu\/et\/wp-json\/wp\/v2\/types\/product"}],"wp:featuredmedia":[{"embeddable":true,"href":"https:\/\/nbg.eu\/et\/wp-json\/wp\/v2\/media\/248361"}],"wp:attachment":[{"href":"https:\/\/nbg.eu\/et\/wp-json\/wp\/v2\/media?parent=283446"}],"wp:term":[{"taxonomy":"product_brand","embeddable":true,"href":"https:\/\/nbg.eu\/et\/wp-json\/wp\/v2\/product_brand?post=283446"},{"taxonomy":"product_cat","embeddable":true,"href":"https:\/\/nbg.eu\/et\/wp-json\/wp\/v2\/product_cat?post=283446"},{"taxonomy":"product_tag","embeddable":true,"href":"https:\/\/nbg.eu\/et\/wp-json\/wp\/v2\/product_tag?post=283446"}],"curies":[{"name":"wp","href":"https:\/\/api.w.org\/{rel}","templated":true}]}}