{"id":284168,"date":"2025-03-05T11:21:40","date_gmt":"2025-03-05T08:21:40","guid":{"rendered":"https:\/\/nbg.eu\/product\/magpul-moe-sl-enhanced-rubber-butt-pad-0-70\/"},"modified":"2026-01-21T11:41:30","modified_gmt":"2026-01-21T08:41:30","slug":"magpul-moe-sl-enhanced-rubber-butt-pad-0-70","status":"publish","type":"product","link":"https:\/\/nbg.eu\/et\/toode\/magpul-moe-sl-enhanced-rubber-butt-pad-0-70\/","title":{"rendered":"Magpul &#8211; MOE SL\u00ae Enhanced Rubber Butt-Pad, 0.70"},"content":{"rendered":"<h2>Magpul &#8211; MOE SL\u00ae T\u00e4iustatud Kummist Tagaplaat, 0,70 tolli<\/h2>\n<p>Tagaplaat Magpul p\u00fcssip\u00e4rale. See asendusplaat pakub paremat mugavust ja funktsionaalsust teie tulirelvale.<\/p>\n<h3>P\u00f5hiomadused:<\/h3>\n<ul>\n<li>\u00dchildub DT Carbine, MOE SL\u00ae, MOE\u00ae SL-S\u2122, UBR\u00ae GEN2, MOE\u00ae AK, Zhukov-S\u00ae, X-22 Backpacker ja PC Backpacker p\u00fcssip\u00e4radega<\/li>\n<li>Mittelibisev ribiline tekstuur kindlaks k\u00e4sitsemiseks<\/li>\n<li>Paksem, ventileeritud disain mugavuse suurendamiseks<\/li>\n<li>Lisab ligikaudu 3\/8 tolli t\u00f5mbe pikkusele<\/li>\n<li>Kaalub v\u00e4hem kui 1 unts<\/li>\n<li>Nurga all, sakiline ots lihtsaks paigaldamiseks<\/li>\n<li>Kumer \u00fclaosa mugavaks \u00f5lale asetamiseks<\/li>\n<\/ul>\n<p>Valmistatud USA-s, see tagaplaat \u00fchendab vastupidavuse t\u00e4iustatud disainiga. See paigaldub lihtsalt olemasoleva riistvaraga, pakkudes kohest t\u00e4iendust teie Magpul p\u00fcssip\u00e4rale.<\/p>\n<p><strong>Magpul MOE SL\u00ae T\u00e4iustatud Kummist Tagaplaat.<\/strong><\/p>\n","protected":false},"excerpt":{"rendered":"<p>Mugav, libisemisvastane 0,70-tolline kummist p\u00f5sepadi Magpuli p\u00fcssip\u00e4radele.<\/p>\n","protected":false},"featured_media":238689,"template":"","meta":{"_acf_changed":false},"product_brand":[11548],"product_cat":[14071,14032,14067],"product_tag":[],"class_list":{"0":"post-284168","1":"product","2":"type-product","3":"status-publish","4":"has-post-thumbnail","6":"product_brand-magpul","7":"product_cat-vintpuess","8":"product_cat-vintpuessi-taeiustamine","9":"product_cat-vintpuessikorongatoed","11":"first","12":"instock","13":"taxable","14":"shipping-taxable","15":"purchasable","16":"product-type-simple"},"acf":[],"_links":{"self":[{"href":"https:\/\/nbg.eu\/et\/wp-json\/wp\/v2\/product\/284168","targetHints":{"allow":["GET"]}}],"collection":[{"href":"https:\/\/nbg.eu\/et\/wp-json\/wp\/v2\/product"}],"about":[{"href":"https:\/\/nbg.eu\/et\/wp-json\/wp\/v2\/types\/product"}],"wp:featuredmedia":[{"embeddable":true,"href":"https:\/\/nbg.eu\/et\/wp-json\/wp\/v2\/media\/238689"}],"wp:attachment":[{"href":"https:\/\/nbg.eu\/et\/wp-json\/wp\/v2\/media?parent=284168"}],"wp:term":[{"taxonomy":"product_brand","embeddable":true,"href":"https:\/\/nbg.eu\/et\/wp-json\/wp\/v2\/product_brand?post=284168"},{"taxonomy":"product_cat","embeddable":true,"href":"https:\/\/nbg.eu\/et\/wp-json\/wp\/v2\/product_cat?post=284168"},{"taxonomy":"product_tag","embeddable":true,"href":"https:\/\/nbg.eu\/et\/wp-json\/wp\/v2\/product_tag?post=284168"}],"curies":[{"name":"wp","href":"https:\/\/api.w.org\/{rel}","templated":true}]}}