{"id":284890,"date":"2024-01-30T18:08:20","date_gmt":"2024-01-30T18:08:20","guid":{"rendered":"https:\/\/nbg.eu\/product\/area-419-mini-pad-the-gripchanger\/"},"modified":"2026-01-21T12:04:24","modified_gmt":"2026-01-21T09:04:24","slug":"area-419-mini-pad-the-gripchanger","status":"publish","type":"product","link":"https:\/\/nbg.eu\/et\/toode\/area-419-mini-pad-the-gripchanger\/","title":{"rendered":"Area 419 &#8211; Mini Pad, The GripChanger"},"content":{"rendered":"<div class=\"product-description\">\n<h2>Area 419 &#8211; Mini Pad, GripChanger<\/h2>\n<p>GripChanger on uus lisa meie RailChanger toodete seerias. See kompaktne ja tihedalt t\u00e4idetud kott sobib kiireks positsiooni loomiseks v\u00f5i kasutamiseks v\u00e4ikestes avades.<\/p>\n<h3>Omadused:<\/h3>\n<ul>\n<li>Kaal umbes 1 nael<\/li>\n<li>Haakub igale pinnale<\/li>\n<li>Tagab stabiilse aluse kiireks seadistamiseks<\/li>\n<\/ul>\n<h3>Komplekti kuulub:<\/h3>\n<ul>\n<li>1 Area 419 GripChanger kott<\/li>\n<li>1 ARCALOCK klamber<\/li>\n<li>1 Area 419 Rail Changer k\u00e4epide<\/li>\n<\/ul>\n<h3>Tehnilised andmed:<\/h3>\n<ul>\n<li>Kaal: 1 nael<\/li>\n<li>M\u00f5\u00f5tmed: 10 \u00d7 3 \u00d7 2 tolli<\/li>\n<li>Tootja: Armageddon Gear<\/li>\n<\/ul>\n<\/div>\n","protected":false},"excerpt":{"rendered":"<p>&#8220;Kompaktne, haardeline 0,45 kg kott kiireks ja stabiilseks laskmisasendiks. Sisaldab klambreid ja k\u00e4epidet.&#8221;<\/p>\n","protected":false},"featured_media":233563,"template":"","meta":{"_acf_changed":false},"product_brand":[11034],"product_cat":[14071],"product_tag":[],"class_list":{"0":"post-284890","1":"product","2":"type-product","3":"status-publish","4":"has-post-thumbnail","6":"product_brand-area-419","7":"product_cat-vintpuess","9":"first","10":"instock","11":"taxable","12":"shipping-taxable","13":"purchasable","14":"product-type-simple"},"acf":[],"_links":{"self":[{"href":"https:\/\/nbg.eu\/et\/wp-json\/wp\/v2\/product\/284890","targetHints":{"allow":["GET"]}}],"collection":[{"href":"https:\/\/nbg.eu\/et\/wp-json\/wp\/v2\/product"}],"about":[{"href":"https:\/\/nbg.eu\/et\/wp-json\/wp\/v2\/types\/product"}],"wp:featuredmedia":[{"embeddable":true,"href":"https:\/\/nbg.eu\/et\/wp-json\/wp\/v2\/media\/233563"}],"wp:attachment":[{"href":"https:\/\/nbg.eu\/et\/wp-json\/wp\/v2\/media?parent=284890"}],"wp:term":[{"taxonomy":"product_brand","embeddable":true,"href":"https:\/\/nbg.eu\/et\/wp-json\/wp\/v2\/product_brand?post=284890"},{"taxonomy":"product_cat","embeddable":true,"href":"https:\/\/nbg.eu\/et\/wp-json\/wp\/v2\/product_cat?post=284890"},{"taxonomy":"product_tag","embeddable":true,"href":"https:\/\/nbg.eu\/et\/wp-json\/wp\/v2\/product_tag?post=284890"}],"curies":[{"name":"wp","href":"https:\/\/api.w.org\/{rel}","templated":true}]}}