{"id":287611,"date":"2025-03-06T23:23:37","date_gmt":"2025-03-06T20:23:37","guid":{"rendered":"https:\/\/nbg.eu\/prodcut\/clawgear-ak47-short-slick-handguard-m-lok\/"},"modified":"2026-01-21T12:04:23","modified_gmt":"2026-01-21T09:04:23","slug":"clawgear-ak47-short-slick-handguard-m-lok","status":"publish","type":"product","link":"https:\/\/nbg.eu\/et\/toode\/clawgear-ak47-short-slick-handguard-m-lok\/","title":{"rendered":"Clawgear &#8211; AK47 Short Slick Handguard M-LOK"},"content":{"rendered":"<h2>Clawgear &#8211; AK47 l\u00fchike k\u00e4epide M-LOK s\u00fcsteemiga<\/h2>\n<p>AK47 k\u00e4epide j\u00e4rgmiste omadustega:<\/p>\n<ul>\n<li>M-LOK kinnituss\u00fcsteem lisatarvikute jaoks<\/li>\n<li>Matt must pind peegelduste v\u00e4hendamiseks<\/li>\n<li>QD rihma kinnituspunkt tagaosas<\/li>\n<li>Sobib pressitud ja freesitud raamidega<\/li>\n<li>Valmistatud 6061 alumiiniumist<\/li>\n<li>MIL-SPEC t\u00fc\u00fcp III anodeeritud viimistlus<\/li>\n<\/ul>\n<p>M\u00f5\u00f5tmed: 16,4cm (P) x 4,5cm (L) x 4cm (K)<\/p>\n<p>Kaal: 0,16kg<\/p>\n<p>AK47 k\u00e4epide lisafunktsioonidega.<\/p>\n","protected":false},"excerpt":{"rendered":"<p>Kerge M-LOK k\u00e4ekaitse AK47-le. QD rihmakinnituspunkt. Sobib erinevatele p\u00fcssiraamidele.<\/p>\n","protected":false},"featured_media":245158,"template":"","meta":{"_acf_changed":false},"product_brand":[11221],"product_cat":[14817,14795,14085,14071,14032],"product_tag":[],"class_list":{"0":"post-287611","1":"product","2":"type-product","3":"status-publish","4":"has-post-thumbnail","6":"product_brand-clawgear","7":"product_cat-ak-kaekaitsmed","8":"product_cat-kasisuojat","9":"product_cat-roeoepad","10":"product_cat-vintpuess","11":"product_cat-vintpuessi-taeiustamine","13":"first","14":"instock","15":"taxable","16":"shipping-taxable","17":"purchasable","18":"product-type-simple"},"acf":[],"_links":{"self":[{"href":"https:\/\/nbg.eu\/et\/wp-json\/wp\/v2\/product\/287611","targetHints":{"allow":["GET"]}}],"collection":[{"href":"https:\/\/nbg.eu\/et\/wp-json\/wp\/v2\/product"}],"about":[{"href":"https:\/\/nbg.eu\/et\/wp-json\/wp\/v2\/types\/product"}],"wp:featuredmedia":[{"embeddable":true,"href":"https:\/\/nbg.eu\/et\/wp-json\/wp\/v2\/media\/245158"}],"wp:attachment":[{"href":"https:\/\/nbg.eu\/et\/wp-json\/wp\/v2\/media?parent=287611"}],"wp:term":[{"taxonomy":"product_brand","embeddable":true,"href":"https:\/\/nbg.eu\/et\/wp-json\/wp\/v2\/product_brand?post=287611"},{"taxonomy":"product_cat","embeddable":true,"href":"https:\/\/nbg.eu\/et\/wp-json\/wp\/v2\/product_cat?post=287611"},{"taxonomy":"product_tag","embeddable":true,"href":"https:\/\/nbg.eu\/et\/wp-json\/wp\/v2\/product_tag?post=287611"}],"curies":[{"name":"wp","href":"https:\/\/api.w.org\/{rel}","templated":true}]}}