{"id":290566,"date":"2025-03-02T07:15:36","date_gmt":"2025-03-02T07:15:36","guid":{"rendered":"https:\/\/nbg.eu\/prodcut\/two-vets-tripod-with-area-419-arcalock-dual-clamp-the-qdt-v2-ls-i\/"},"modified":"2026-05-13T17:03:45","modified_gmt":"2026-05-13T14:03:45","slug":"two-vets-tripod-with-area-419-arcalock-dual-clamp-the-qdt-v2-ls-i","status":"publish","type":"product","link":"https:\/\/nbg.eu\/et\/toode\/two-vets-tripod-with-area-419-arcalock-dual-clamp-the-qdt-v2-ls-i\/","title":{"rendered":"Two Vets Tripod with Area 419 ARCALOCK Dual Clamp &#8211; The QDT V2 LS I"},"content":{"rendered":"<h2>Two Vets kolmjalg Area 419 ARCALOCK topeltklambriga &#8211; QDT V2 LS I<\/h2>\n<p>GripChanger on uus lisa meie laskmistarvikute sarjas. See kompaktne, 1-naelane kott sobib kiireks positsiooni loomiseks ja kasutamiseks v\u00e4ikestes avades. Selle haarduvalt t\u00e4idetud disain v\u00f5imaldab kinnituda igale pinnale, pakkudes stabiilset alust.<\/p>\n<h2>Komplekti kuulub:<\/h2>\n<ul>\n<li>1 kohandatud Area 419 GripChanger kott<\/li>\n<li>1 ARCALOCK klamber<\/li>\n<li>1 Area 419 siinivahetus\u00f5lg<\/li>\n<\/ul>\n<p><strong>M\u00f5\u00f5tmed:<\/strong> 25,4 cm \u00d7 7,6 cm \u00d7 5,1 cm<br \/>\n<strong>Tootja:<\/strong> Armageddon Gear<\/p>\n<p>GripChanger komplekt on mitmek\u00fclgne ja usaldusv\u00e4\u00e4rne laskmisvarustus.<\/p>\n","protected":false},"excerpt":{"rendered":"<p>Mitmek\u00fclgne statiiv topeltklambriga kiireks ja stabiilseks pildistamisasendiks.<\/p>\n","protected":false},"featured_media":233723,"template":"","meta":{"_acf_changed":false},"product_brand":[14497],"product_cat":[14050,14071],"product_tag":[],"class_list":{"0":"post-290566","1":"product","2":"type-product","3":"status-publish","4":"has-post-thumbnail","6":"product_brand-two-vets-tripods","7":"product_cat-kahejalgsed","8":"product_cat-vintpuess","10":"first","11":"instock","12":"sale","13":"taxable","14":"shipping-taxable","15":"purchasable","16":"product-type-simple"},"acf":[],"_links":{"self":[{"href":"https:\/\/nbg.eu\/et\/wp-json\/wp\/v2\/product\/290566","targetHints":{"allow":["GET"]}}],"collection":[{"href":"https:\/\/nbg.eu\/et\/wp-json\/wp\/v2\/product"}],"about":[{"href":"https:\/\/nbg.eu\/et\/wp-json\/wp\/v2\/types\/product"}],"wp:featuredmedia":[{"embeddable":true,"href":"https:\/\/nbg.eu\/et\/wp-json\/wp\/v2\/media\/233723"}],"wp:attachment":[{"href":"https:\/\/nbg.eu\/et\/wp-json\/wp\/v2\/media?parent=290566"}],"wp:term":[{"taxonomy":"product_brand","embeddable":true,"href":"https:\/\/nbg.eu\/et\/wp-json\/wp\/v2\/product_brand?post=290566"},{"taxonomy":"product_cat","embeddable":true,"href":"https:\/\/nbg.eu\/et\/wp-json\/wp\/v2\/product_cat?post=290566"},{"taxonomy":"product_tag","embeddable":true,"href":"https:\/\/nbg.eu\/et\/wp-json\/wp\/v2\/product_tag?post=290566"}],"curies":[{"name":"wp","href":"https:\/\/api.w.org\/{rel}","templated":true}]}}