{"id":31430,"date":"2024-08-18T22:39:34","date_gmt":"2024-08-18T19:39:34","guid":{"rendered":"https:\/\/nbg.eu\/product\/toode-5\/"},"modified":"2026-01-21T12:31:33","modified_gmt":"2026-01-21T09:31:33","slug":"toode-5","status":"publish","type":"product","link":"https:\/\/nbg.eu\/et\/toode\/toode-5\/","title":{"rendered":"Flex Holster &#8211; Spare Set Of Side Spacers"},"content":{"rendered":"<div class=\"product-description\">\n<h2>Flex Holster &#8211; K\u00fclgvaheplaatide varukomeplekt<\/h2>\n<p>Suurendage oma Flex Holsteri mitmek\u00fclgsust selle Double Alpha Academy k\u00fclgvaheplaatide varukomplektiga. Need t\u00e4ppistoodetud vaheplaadid v\u00f5imaldavad teil:<\/p>\n<ul>\n<li>Reguleerida holstri laiust erinevate relvade jaoks<\/li>\n<li>Peenh\u00e4\u00e4lestada hoidmistugevust<\/li>\n<li>Kohandada t\u00f5mbeliigutust<\/li>\n<\/ul>\n<p>Valmistatud vastupidavast pol\u00fcmeerist, tagavad need vaheplaadid pikaajalise toimivuse. Sobivad k\u00f5ikide Flex Holsteri mudelitega, on need h\u00e4davajalikud v\u00f5istlus- ja harrastussportlastele, kes n\u00f5uavad oma varustuselt maksimaalset kohanemisv\u00f5imet.<\/p>\n<p>T\u00e4iustage oma Flex Holsterit juba t\u00e4na optimaalse j\u00f5udluse ja mitmek\u00fclgsuse saavutamiseks!<\/p>\n<\/div>\n","protected":false},"excerpt":{"rendered":"<p>T\u00e4iendavad k\u00fclgmised vahepuksid Flex Holsterile. Kohandage sobivust ja hoidetugevust.<\/p>\n","protected":false},"featured_media":29442,"template":"","meta":{"_acf_changed":false},"product_brand":[11262],"product_cat":[14077,14052,14058],"product_tag":[],"class_list":{"0":"post-31430","1":"product","2":"type-product","3":"status-publish","4":"has-post-thumbnail","6":"product_brand-doublealpha","7":"product_cat-koober","8":"product_cat-koobritarvikud","9":"product_cat-spordikoobriks","11":"first","12":"instock","13":"taxable","14":"shipping-taxable","15":"purchasable","16":"product-type-variable","17":"wvs-archive-product-wrapper"},"acf":[],"_links":{"self":[{"href":"https:\/\/nbg.eu\/et\/wp-json\/wp\/v2\/product\/31430","targetHints":{"allow":["GET"]}}],"collection":[{"href":"https:\/\/nbg.eu\/et\/wp-json\/wp\/v2\/product"}],"about":[{"href":"https:\/\/nbg.eu\/et\/wp-json\/wp\/v2\/types\/product"}],"wp:featuredmedia":[{"embeddable":true,"href":"https:\/\/nbg.eu\/et\/wp-json\/wp\/v2\/media\/29442"}],"wp:attachment":[{"href":"https:\/\/nbg.eu\/et\/wp-json\/wp\/v2\/media?parent=31430"}],"wp:term":[{"taxonomy":"product_brand","embeddable":true,"href":"https:\/\/nbg.eu\/et\/wp-json\/wp\/v2\/product_brand?post=31430"},{"taxonomy":"product_cat","embeddable":true,"href":"https:\/\/nbg.eu\/et\/wp-json\/wp\/v2\/product_cat?post=31430"},{"taxonomy":"product_tag","embeddable":true,"href":"https:\/\/nbg.eu\/et\/wp-json\/wp\/v2\/product_tag?post=31430"}],"curies":[{"name":"wp","href":"https:\/\/api.w.org\/{rel}","templated":true}]}}