{"id":37470,"date":"2024-09-02T19:50:00","date_gmt":"2024-09-02T16:50:00","guid":{"rendered":"https:\/\/nbg.eu\/product\/slr-rifleworks-micro-gas-block-750-set-screw-steel\/"},"modified":"2026-01-21T12:09:56","modified_gmt":"2026-01-21T09:09:56","slug":"slr-rifleworks-micro-gas-block-750-set-screw-steel","status":"publish","type":"product","link":"https:\/\/nbg.eu\/et\/toode\/slr-rifleworks-micro-gas-block-750-set-screw-steel\/","title":{"rendered":"SLR RIFLEWORKS Micro Gas Block .750 Set Screw Steel"},"content":{"rendered":"<div class=\"product-description\">\n<h2>SLR RIFLEWORKS Micro gaasiplokk .750 Seadekruvi Teras<\/h2>\n<p>T\u00e4iustage oma relva SLR RIFLEWORKS GB-7 Micro gaasiplokiga, mis on m\u00f5eldud .750 rauadele. See kvaliteetne gaasiplokk pakub t\u00e4psust ja vastupidavust n\u00f5udlikule laskurile.<\/p>\n<ul>\n<li>Valmistatud 4140 valuterasest, tagades erakordse tugevuse ja pika kasutusea<\/li>\n<li>Melonite QPQ viimistlus tagab suurep\u00e4rase korrosioonikindluse ja v\u00e4hendatud h\u00f5\u00f5rdumise<\/li>\n<li>.400&#8243; seadekruvide vahe kindlaks kinnituseks<\/li>\n<li>Komplektis seadekruvid ja rulls\u00f5rm lihtsaks paigaldamiseks<\/li>\n<li>Kompaktne disain minimeerib kaalu ja profiili<\/li>\n<\/ul>\n<p>Kogege paremat j\u00f5udlust ja usaldusv\u00e4\u00e4rsust selle kvaliteetse mikro gaasiplokiga. Ideaalne valik kohandatud ehitusteks ja t\u00e4iustusteks, SLR RIFLEWORKS GB-7 on parim valik t\u00f5sistele laskuritele ja entusiastidele.<\/p>\n<\/div>\n","protected":false},"excerpt":{"rendered":"<p>Kompaktne, kvaliteetne .750 gaasiblokk. 4140 teras, Melonite viimistlus. Komplektis kinnituskruvid.<\/p>\n","protected":false},"featured_media":37398,"template":"","meta":{"_acf_changed":false},"product_brand":[11728],"product_cat":[14055,14016,14071,14032],"product_tag":[],"class_list":{"0":"post-37470","1":"product","2":"type-product","3":"status-publish","4":"has-post-thumbnail","6":"product_brand-slr-rifleworks","7":"product_cat-ar-haeaelestamine","8":"product_cat-gaasiplokid","9":"product_cat-vintpuess","10":"product_cat-vintpuessi-taeiustamine","12":"first","13":"outofstock","14":"taxable","15":"shipping-taxable","16":"purchasable","17":"product-type-simple"},"acf":[],"_links":{"self":[{"href":"https:\/\/nbg.eu\/et\/wp-json\/wp\/v2\/product\/37470","targetHints":{"allow":["GET"]}}],"collection":[{"href":"https:\/\/nbg.eu\/et\/wp-json\/wp\/v2\/product"}],"about":[{"href":"https:\/\/nbg.eu\/et\/wp-json\/wp\/v2\/types\/product"}],"wp:featuredmedia":[{"embeddable":true,"href":"https:\/\/nbg.eu\/et\/wp-json\/wp\/v2\/media\/37398"}],"wp:attachment":[{"href":"https:\/\/nbg.eu\/et\/wp-json\/wp\/v2\/media?parent=37470"}],"wp:term":[{"taxonomy":"product_brand","embeddable":true,"href":"https:\/\/nbg.eu\/et\/wp-json\/wp\/v2\/product_brand?post=37470"},{"taxonomy":"product_cat","embeddable":true,"href":"https:\/\/nbg.eu\/et\/wp-json\/wp\/v2\/product_cat?post=37470"},{"taxonomy":"product_tag","embeddable":true,"href":"https:\/\/nbg.eu\/et\/wp-json\/wp\/v2\/product_tag?post=37470"}],"curies":[{"name":"wp","href":"https:\/\/api.w.org\/{rel}","templated":true}]}}