{"id":404782,"date":"2025-05-10T12:31:51","date_gmt":"2025-05-10T09:31:51","guid":{"rendered":"https:\/\/nbg.eu\/product\/ammunition-sb-cal-357-mag-fmj-10-25g\/"},"modified":"2026-05-13T15:10:30","modified_gmt":"2026-05-13T12:10:30","slug":"ammunition-sb-cal-357-mag-fmj-10-25g","status":"publish","type":"product","link":"https:\/\/nbg.eu\/et\/toode\/ammunition-sb-cal-357-mag-fmj-10-25g\/","title":{"rendered":"AMMUNITION S&amp;B cal. 357 Mag FMJ 10.25g"},"content":{"rendered":"<div class=\"product-description\">\n<h2>S&amp;B FMJ .357 Magnum 10,25g<\/h2>\n<p>Sellier &amp; Bellot&#8217;i t\u00e4ismantelkuuliga .357 Magnum padrun. See laskemoon sobib revolvritele.<\/p>\n<h3>P\u00f5hiomadused:<\/h3>\n<ul>\n<li>Kaliber: .357 Magnum<\/li>\n<li>Kuuli kaal: 158gr\/10,25g t\u00e4ismantelkuul (FMJ)<\/li>\n<li>Suudmekiirus: 385 m\/s<\/li>\n<li>Ballistiline koefitsient: 0,184<\/li>\n<li>J\u00f5utegur: 199,6<\/li>\n<li>Karbi suurus: 50 padrunit<\/li>\n<\/ul>\n<p>Toodetud Sellier &amp; Bellot&#8217;i poolt, kes on laskemoona tootja aastast 1825. See padrun sobib treeninguks, v\u00f5istlemiseks ja muudeks laskmisega seotud tegevusteks.<\/p>\n<p>Seda .357 Magnum padrunit kasutavad tsiviilisikud ja s\u00f5jav\u00e4elased \u00fcle maailma. S&amp;B .357 Magnum padrun on t\u00e4pne ja usaldusv\u00e4\u00e4rne.<\/p>\n<\/div>\n","protected":false},"excerpt":{"rendered":"<p>S&amp;B .357 Mag FMJ 10,25g: V\u00f5imas ja t\u00e4pne revolvrilaskemoon treeninguks<\/p>\n","protected":false},"featured_media":359122,"template":"","meta":{"_acf_changed":false},"product_brand":[11770],"product_cat":[14074,14024],"product_tag":[],"class_list":{"0":"post-404782","1":"product","2":"type-product","3":"status-publish","4":"has-post-thumbnail","6":"product_brand-sellier-and-bellot","7":"product_cat-laskemoon","8":"product_cat-litsentseeritud","10":"first","11":"instock","12":"taxable","13":"shipping-taxable","14":"purchasable","15":"product-type-simple"},"acf":[],"_links":{"self":[{"href":"https:\/\/nbg.eu\/et\/wp-json\/wp\/v2\/product\/404782","targetHints":{"allow":["GET"]}}],"collection":[{"href":"https:\/\/nbg.eu\/et\/wp-json\/wp\/v2\/product"}],"about":[{"href":"https:\/\/nbg.eu\/et\/wp-json\/wp\/v2\/types\/product"}],"wp:featuredmedia":[{"embeddable":true,"href":"https:\/\/nbg.eu\/et\/wp-json\/wp\/v2\/media\/359122"}],"wp:attachment":[{"href":"https:\/\/nbg.eu\/et\/wp-json\/wp\/v2\/media?parent=404782"}],"wp:term":[{"taxonomy":"product_brand","embeddable":true,"href":"https:\/\/nbg.eu\/et\/wp-json\/wp\/v2\/product_brand?post=404782"},{"taxonomy":"product_cat","embeddable":true,"href":"https:\/\/nbg.eu\/et\/wp-json\/wp\/v2\/product_cat?post=404782"},{"taxonomy":"product_tag","embeddable":true,"href":"https:\/\/nbg.eu\/et\/wp-json\/wp\/v2\/product_tag?post=404782"}],"curies":[{"name":"wp","href":"https:\/\/api.w.org\/{rel}","templated":true}]}}