{"id":404894,"date":"2025-05-09T10:46:25","date_gmt":"2025-05-09T07:46:25","guid":{"rendered":"https:\/\/nbg.eu\/product\/ammunition-cci-cal-22-lr-mini-mag-cprn-40gr-100pcs\/"},"modified":"2026-05-13T16:03:20","modified_gmt":"2026-05-13T13:03:20","slug":"ammunition-cci-cal-22-lr-mini-mag-cprn-40gr-100pcs","status":"publish","type":"product","link":"https:\/\/nbg.eu\/et\/toode\/ammunition-cci-cal-22-lr-mini-mag-cprn-40gr-100pcs\/","title":{"rendered":"AMMUNITION CCI cal. 22 LR Mini Mag CPRN 40gr \/100pcs"},"content":{"rendered":"<div class=\"product-description\">\n<h2>LASKEMOON CCI kal. 22 LR Mini Mag CPRN 40gr \/100tk<\/h2>\n<p>CCI Mini-Mag\u00ae on 22 LR laskemoon, mis sobib t\u00e4psuslaskmiseks.<\/p>\n<h2>P\u00f5hiomadused:<\/h2>\n<ul>\n<li>CCI originaaltoode<\/li>\n<li>Usaldusv\u00e4\u00e4rne laadimine<\/li>\n<li>P\u00fcssirohk minimeerib relvaraua m\u00e4\u00e4rdumist<\/li>\n<li>CCI\u00ae s\u00fc\u00fctekapsel ja messingkest \u00fchtlaseks toimimiseks<\/li>\n<\/ul>\n<h2>Tehnilised andmed:<\/h2>\n<table>\n<tr>\n<td>Kaliber:<\/td>\n<td>22 LR<\/td>\n<\/tr>\n<tr>\n<td>Kuuli kaal:<\/td>\n<td>40 graani<\/td>\n<\/tr>\n<tr>\n<td>Kuuli t\u00fc\u00fcp:<\/td>\n<td>Vasega kaetud \u00fcmar nina (CPRN)<\/td>\n<\/tr>\n<tr>\n<td>Suudmekiirus:<\/td>\n<td>1235 jalga sekundis<\/td>\n<\/tr>\n<tr>\n<td>Ballistiline koefitsient:<\/td>\n<td>0,130<\/td>\n<\/tr>\n<tr>\n<td>Pakendi kogus:<\/td>\n<td>100 padrunit<\/td>\n<\/tr>\n<tr>\n<td>Kasutus:<\/td>\n<td>M\u00e4rklaskmine<\/td>\n<\/tr>\n<\/table>\n<h2>Ballistika:<\/h2>\n<table>\n<tr>\n<th>Kaugus<\/th>\n<th>Kiirus (jalga sekundis)<\/th>\n<\/tr>\n<tr>\n<td>Suue<\/td>\n<td>1235<\/td>\n<\/tr>\n<tr>\n<td>50 jardi<\/td>\n<td>1092<\/td>\n<\/tr>\n<tr>\n<td>75 jardi<\/td>\n<td>1040<\/td>\n<\/tr>\n<tr>\n<td>100 jardi<\/td>\n<td>998<\/td>\n<\/tr>\n<\/table>\n<\/div>\n","protected":false},"excerpt":{"rendered":"<p>Populaarne 22 LR Mini-Mag: puhas, usaldusv\u00e4\u00e4rne, t\u00e4pne. 40gr CPRN, 100 tk.<\/p>\n","protected":false},"featured_media":359543,"template":"","meta":{"_acf_changed":false},"product_brand":[14296],"product_cat":[14074,14024],"product_tag":[],"class_list":{"0":"post-404894","1":"product","2":"type-product","3":"status-publish","4":"has-post-thumbnail","6":"product_brand-cci-ammunition","7":"product_cat-laskemoon","8":"product_cat-litsentseeritud","10":"first","11":"instock","12":"taxable","13":"shipping-taxable","14":"purchasable","15":"product-type-simple"},"acf":[],"_links":{"self":[{"href":"https:\/\/nbg.eu\/et\/wp-json\/wp\/v2\/product\/404894","targetHints":{"allow":["GET"]}}],"collection":[{"href":"https:\/\/nbg.eu\/et\/wp-json\/wp\/v2\/product"}],"about":[{"href":"https:\/\/nbg.eu\/et\/wp-json\/wp\/v2\/types\/product"}],"wp:featuredmedia":[{"embeddable":true,"href":"https:\/\/nbg.eu\/et\/wp-json\/wp\/v2\/media\/359543"}],"wp:attachment":[{"href":"https:\/\/nbg.eu\/et\/wp-json\/wp\/v2\/media?parent=404894"}],"wp:term":[{"taxonomy":"product_brand","embeddable":true,"href":"https:\/\/nbg.eu\/et\/wp-json\/wp\/v2\/product_brand?post=404894"},{"taxonomy":"product_cat","embeddable":true,"href":"https:\/\/nbg.eu\/et\/wp-json\/wp\/v2\/product_cat?post=404894"},{"taxonomy":"product_tag","embeddable":true,"href":"https:\/\/nbg.eu\/et\/wp-json\/wp\/v2\/product_tag?post=404894"}],"curies":[{"name":"wp","href":"https:\/\/api.w.org\/{rel}","templated":true}]}}