{"id":414852,"date":"2025-07-03T13:20:40","date_gmt":"2025-07-03T10:20:40","guid":{"rendered":"https:\/\/nbg.eu\/product\/grip-kmr-l-dotmatrix-ergo-orange\/"},"modified":"2026-01-21T11:41:28","modified_gmt":"2026-01-21T08:41:28","slug":"grip-kmr-l-dotmatrix-ergo-orange","status":"publish","type":"product","link":"https:\/\/nbg.eu\/et\/toode\/grip-kmr-l-dotmatrix-ergo-orange\/","title":{"rendered":"Grip KMR L DOTMATRIX ERGO ORANGE"},"content":{"rendered":"<div class=\"product-description\">\n<h2>K\u00e4epide KMR L DOTMATRIX ERGO ORAN\u017d<\/h2>\n<p>KMR Precision Arms DOTMATRIX ERGO k\u00e4epide. See t\u00e4ism\u00f5\u00f5dus alumiiniumist k\u00e4epide sisaldab:<\/p>\n<ul>\n<li>Ergonoomiline peopesa profiil<\/li>\n<li>Oran\u017e v\u00e4rv<\/li>\n<li>Disainitud ilma magwell&#8217;ita<\/li>\n<li>T\u00e4pne tootmine<\/li>\n<\/ul>\n<p>Viide: 0611-04001-0105<\/p>\n<\/div>\n","protected":false},"excerpt":{"rendered":"<p>Ergonoomilised alumiiniumist k\u00e4epidemed peopesa toestusega KMR-p\u00fcstolitele.<\/p>\n","protected":false},"featured_media":359469,"template":"","meta":{"_acf_changed":false},"product_brand":[11497],"product_cat":[14021,14876],"product_tag":[],"class_list":{"0":"post-414852","1":"product","2":"type-product","3":"status-publish","4":"has-post-thumbnail","6":"product_brand-kmr-precision","7":"product_cat-kmr-osad","8":"product_cat-pistol-grips-et","10":"first","11":"instock","12":"taxable","13":"shipping-taxable","14":"purchasable","15":"product-type-simple"},"acf":[],"_links":{"self":[{"href":"https:\/\/nbg.eu\/et\/wp-json\/wp\/v2\/product\/414852","targetHints":{"allow":["GET"]}}],"collection":[{"href":"https:\/\/nbg.eu\/et\/wp-json\/wp\/v2\/product"}],"about":[{"href":"https:\/\/nbg.eu\/et\/wp-json\/wp\/v2\/types\/product"}],"wp:featuredmedia":[{"embeddable":true,"href":"https:\/\/nbg.eu\/et\/wp-json\/wp\/v2\/media\/359469"}],"wp:attachment":[{"href":"https:\/\/nbg.eu\/et\/wp-json\/wp\/v2\/media?parent=414852"}],"wp:term":[{"taxonomy":"product_brand","embeddable":true,"href":"https:\/\/nbg.eu\/et\/wp-json\/wp\/v2\/product_brand?post=414852"},{"taxonomy":"product_cat","embeddable":true,"href":"https:\/\/nbg.eu\/et\/wp-json\/wp\/v2\/product_cat?post=414852"},{"taxonomy":"product_tag","embeddable":true,"href":"https:\/\/nbg.eu\/et\/wp-json\/wp\/v2\/product_tag?post=414852"}],"curies":[{"name":"wp","href":"https:\/\/api.w.org\/{rel}","templated":true}]}}