{"id":44300,"date":"2024-08-18T19:23:04","date_gmt":"2024-08-18T19:23:04","guid":{"rendered":"https:\/\/nbg.eu\/product\/d%d0%b0%d0%b0-ratchet-inner-belt\/"},"modified":"2026-01-21T12:22:18","modified_gmt":"2026-01-21T09:22:18","slug":"daa-ratchet-inner-belt","status":"publish","type":"product","link":"https:\/\/nbg.eu\/et\/toode\/daa-ratchet-inner-belt\/","title":{"rendered":"D\u0410\u0410 Ratchet Inner Belt"},"content":{"rendered":"<h2>DAA Rat\u0161ett-sisev\u00f6\u00f6<\/h2>\n<p>Koge v\u00f5rreldamatut mugavust innovaatilise DAA rat\u0161ett-sisev\u00f6\u00f6ga. See v\u00f6\u00f6 sisaldab ainulaadset kokkupandavat osa, mis on m\u00f5eldud rat\u0161eti alla istuma, k\u00f5rvaldades ebamugavad survepunktid v\u00e4limise v\u00f6\u00f6 pingutamisel ja l\u00fchendamisel.<\/p>\n<ul>\n<li>Kokkupandav osa ilma plastikust s\u00fcdamiku v\u00f5i takjakinnituseta lihtsaks voltimiseks<\/li>\n<li>Teravad otsad h\u00f5lpsaks p\u00fcksiaasadest l\u00e4bi viimiseks<\/li>\n<li>Parem mugavus v\u00f5rreldes traditsiooniliste sisev\u00f6\u00f6dega<\/li>\n<li>Valmistatud samadest kvaliteetsetest materjalidest nagu standardsed DAA sisev\u00f6\u00f6d<\/li>\n<\/ul>\n<p>\u00dctle h\u00fcvasti ebamugavustele, mida p\u00f5hjustavad k\u00f5vad materjalid, mis ei voldi kergesti. DAA rat\u0161ett-sisev\u00f6\u00f6 tagab tiheda istuvuse ilma mugavust ohverdamata, muutes selle ideaalseks valikuks n\u00f5udlikele kasutajatele, kes soovivad parimat v\u00f6\u00f6tehnoloogiat.<\/p>\n","protected":false},"excerpt":{"rendered":"<p>Mugav sisev\u00f6\u00f6 kokkuklapitava osaga pingutusrihma jaoks.<\/p>\n","protected":false},"featured_media":29051,"template":"","meta":{"_acf_changed":false},"product_brand":[11262],"product_cat":[14005,14079],"product_tag":[],"class_list":{"0":"post-44300","1":"product","2":"type-product","3":"status-publish","4":"has-post-thumbnail","6":"product_brand-doublealpha","7":"product_cat-spordivaeid","8":"product_cat-varustus","10":"first","11":"instock","12":"taxable","13":"shipping-taxable","14":"purchasable","15":"product-type-variable","16":"wvs-archive-product-wrapper"},"acf":[],"_links":{"self":[{"href":"https:\/\/nbg.eu\/et\/wp-json\/wp\/v2\/product\/44300","targetHints":{"allow":["GET"]}}],"collection":[{"href":"https:\/\/nbg.eu\/et\/wp-json\/wp\/v2\/product"}],"about":[{"href":"https:\/\/nbg.eu\/et\/wp-json\/wp\/v2\/types\/product"}],"wp:featuredmedia":[{"embeddable":true,"href":"https:\/\/nbg.eu\/et\/wp-json\/wp\/v2\/media\/29051"}],"wp:attachment":[{"href":"https:\/\/nbg.eu\/et\/wp-json\/wp\/v2\/media?parent=44300"}],"wp:term":[{"taxonomy":"product_brand","embeddable":true,"href":"https:\/\/nbg.eu\/et\/wp-json\/wp\/v2\/product_brand?post=44300"},{"taxonomy":"product_cat","embeddable":true,"href":"https:\/\/nbg.eu\/et\/wp-json\/wp\/v2\/product_cat?post=44300"},{"taxonomy":"product_tag","embeddable":true,"href":"https:\/\/nbg.eu\/et\/wp-json\/wp\/v2\/product_tag?post=44300"}],"curies":[{"name":"wp","href":"https:\/\/api.w.org\/{rel}","templated":true}]}}