{"id":44596,"date":"2024-08-18T12:38:23","date_gmt":"2024-08-18T09:38:23","guid":{"rendered":"https:\/\/nbg.eu\/product\/flex-alpha-x-racer-x-extended-ball-joint-rod\/"},"modified":"2026-05-13T15:56:49","modified_gmt":"2026-05-13T12:56:49","slug":"flex-alpha-x-racer-x-extended-ball-joint-rod","status":"publish","type":"product","link":"https:\/\/nbg.eu\/et\/toode\/flex-alpha-x-racer-x-extended-ball-joint-rod\/","title":{"rendered":"Flex \/ Alpha-X \/ Racer-X Extended Ball-Joint Rod"},"content":{"rendered":"<p><strong>Flex \/ Alpha-X \/ Racer-X pikendatud kuulliigendvarras<\/strong> on kohandatud lahendus laskuritele, kes eelistavad oma relva kehast v\u00f5i v\u00f6\u00f6st kaugemal asetsevana. See lisatarvik pikendab kuulliigendi kaela 8 mm v\u00f5rra, pakkudes:<\/p>\n<ul>\n<li>Suurenenud vahemaad kabuurist riputini<\/li>\n<li>Paremat reguleeritavust isikliku mugavuse jaoks<\/li>\n<li>Suuremat vabadust relva nurga ja asendi seadmisel<\/li>\n<\/ul>\n<p>See varras on ideaalne eri kehaehitusega v\u00f5i spetsiifiliste kandmiseelistustega laskuritele, pakkudes t\u00e4iuslikku tasakaalu ligip\u00e4\u00e4setavuse ja mugavuse vahel.<\/p>\n","protected":false},"excerpt":{"rendered":"<p>Pikendage vutlari kaugust kohandatud 8 mm kuulliigendvarrega.<\/p>\n","protected":false},"featured_media":28108,"template":"","meta":{"_acf_changed":false},"product_brand":[11262],"product_cat":[14077,14052,14058],"product_tag":[],"class_list":{"0":"post-44596","1":"product","2":"type-product","3":"status-publish","4":"has-post-thumbnail","6":"product_brand-doublealpha","7":"product_cat-koober","8":"product_cat-koobritarvikud","9":"product_cat-spordikoobriks","11":"first","12":"instock","13":"taxable","14":"shipping-taxable","15":"purchasable","16":"product-type-simple"},"acf":[],"_links":{"self":[{"href":"https:\/\/nbg.eu\/et\/wp-json\/wp\/v2\/product\/44596","targetHints":{"allow":["GET"]}}],"collection":[{"href":"https:\/\/nbg.eu\/et\/wp-json\/wp\/v2\/product"}],"about":[{"href":"https:\/\/nbg.eu\/et\/wp-json\/wp\/v2\/types\/product"}],"wp:featuredmedia":[{"embeddable":true,"href":"https:\/\/nbg.eu\/et\/wp-json\/wp\/v2\/media\/28108"}],"wp:attachment":[{"href":"https:\/\/nbg.eu\/et\/wp-json\/wp\/v2\/media?parent=44596"}],"wp:term":[{"taxonomy":"product_brand","embeddable":true,"href":"https:\/\/nbg.eu\/et\/wp-json\/wp\/v2\/product_brand?post=44596"},{"taxonomy":"product_cat","embeddable":true,"href":"https:\/\/nbg.eu\/et\/wp-json\/wp\/v2\/product_cat?post=44596"},{"taxonomy":"product_tag","embeddable":true,"href":"https:\/\/nbg.eu\/et\/wp-json\/wp\/v2\/product_tag?post=44596"}],"curies":[{"name":"wp","href":"https:\/\/api.w.org\/{rel}","templated":true}]}}