{"id":44750,"date":"2024-08-18T12:35:48","date_gmt":"2024-08-18T09:35:48","guid":{"rendered":"https:\/\/nbg.eu\/product\/uspsa-metric-cardboard-targets-white-back\/"},"modified":"2026-01-21T11:58:39","modified_gmt":"2026-01-21T08:58:39","slug":"uspsa-metric-cardboard-targets-white-back","status":"publish","type":"product","link":"https:\/\/nbg.eu\/et\/toode\/uspsa-metric-cardboard-targets-white-back\/","title":{"rendered":"Uspsa Metric Cardboard Targets White Back"},"content":{"rendered":"<p>\n100 k\u00f5rgekvaliteedilist USPSA\/Meetrilist papist m\u00e4rklauda. \u00dchelt poolt pruun, teiselt poolt valge (no-shoot). Vastab t\u00e4pselt USPSA m\u00f5\u00f5tmetele ja n\u00f5uetele.<\/p>\n","protected":false},"excerpt":{"rendered":"<p>USPSA meetrilised m\u00e4rklauad: 100 kahepoolset papist m\u00e4rklauda harjutamiseks.<\/p>\n","protected":false},"featured_media":27418,"template":"","meta":{"_acf_changed":false},"product_brand":[],"product_cat":[14006,14027],"product_tag":[],"class_list":{"0":"post-44750","1":"product","2":"type-product","3":"status-publish","4":"has-post-thumbnail","6":"product_cat-pabersihtmaergid","7":"product_cat-sihtmaergid","9":"first","10":"outofstock","11":"taxable","12":"shipping-taxable","13":"purchasable","14":"product-type-simple"},"acf":[],"_links":{"self":[{"href":"https:\/\/nbg.eu\/et\/wp-json\/wp\/v2\/product\/44750","targetHints":{"allow":["GET"]}}],"collection":[{"href":"https:\/\/nbg.eu\/et\/wp-json\/wp\/v2\/product"}],"about":[{"href":"https:\/\/nbg.eu\/et\/wp-json\/wp\/v2\/types\/product"}],"wp:featuredmedia":[{"embeddable":true,"href":"https:\/\/nbg.eu\/et\/wp-json\/wp\/v2\/media\/27418"}],"wp:attachment":[{"href":"https:\/\/nbg.eu\/et\/wp-json\/wp\/v2\/media?parent=44750"}],"wp:term":[{"taxonomy":"product_brand","embeddable":true,"href":"https:\/\/nbg.eu\/et\/wp-json\/wp\/v2\/product_brand?post=44750"},{"taxonomy":"product_cat","embeddable":true,"href":"https:\/\/nbg.eu\/et\/wp-json\/wp\/v2\/product_cat?post=44750"},{"taxonomy":"product_tag","embeddable":true,"href":"https:\/\/nbg.eu\/et\/wp-json\/wp\/v2\/product_tag?post=44750"}],"curies":[{"name":"wp","href":"https:\/\/api.w.org\/{rel}","templated":true}]}}