{"id":44908,"date":"2024-08-18T12:32:43","date_gmt":"2024-08-18T09:32:43","guid":{"rendered":"https:\/\/nbg.eu\/product\/daa-toolhead-led-lighting-controller-unit\/"},"modified":"2026-01-21T12:05:15","modified_gmt":"2026-01-21T09:05:15","slug":"daa-toolhead-led-lighting-controller-unit","status":"publish","type":"product","link":"https:\/\/nbg.eu\/et\/toode\/daa-toolhead-led-lighting-controller-unit\/","title":{"rendered":"Daa Toolhead Led Lighting Controller Unit"},"content":{"rendered":"<h2>DAA t\u00f6\u00f6riistapea LED-valgustuse juhtseade<\/h2>\n<p>Valgusta oma t\u00f6\u00f6ala t\u00e4psusega! See mitmek\u00fclgne juhtseade varustab energiaga k\u00f5iki DAA LED-t\u00f6\u00f6riistapea valgusteid, alates 4 LEDiga plaatidest kuni 10 LEDiga Mark7 plaatideni. Omadused:<\/p>\n<ul>\n<li>Nutikas elektroonika automaatseks plaadi tuvastamiseks<\/li>\n<li>Kompaktne disain rullik SISSE\/V\u00c4LJA l\u00fcliti ja h\u00e4mardiga<\/li>\n<li>30cm \u00fchenduskaabel<\/li>\n<li>Takjakinnis lihtsaks paigaldamiseks<\/li>\n<li>110\/220V toiteallikas 2M juhtme ja USA\/EL pistikutega<\/li>\n<\/ul>\n<p>Optimeeri oma valgustusseadistust selle olulise tarvikuga!<\/p>\n","protected":false},"excerpt":{"rendered":"<p>Mitmek\u00fclgne LED-juhtseade h\u00e4mardiga relvapressi valgustuse jaoks.<\/p>\n","protected":false},"featured_media":27188,"template":"","meta":{"_acf_changed":false},"product_brand":[11262],"product_cat":[14057,14046],"product_tag":[],"class_list":{"0":"post-44908","1":"product","2":"type-product","3":"status-publish","4":"has-post-thumbnail","6":"product_brand-doublealpha","7":"product_cat-laadimine","8":"product_cat-laadimise-tarvikud","10":"first","11":"outofstock","12":"taxable","13":"shipping-taxable","14":"purchasable","15":"product-type-simple"},"acf":[],"_links":{"self":[{"href":"https:\/\/nbg.eu\/et\/wp-json\/wp\/v2\/product\/44908","targetHints":{"allow":["GET"]}}],"collection":[{"href":"https:\/\/nbg.eu\/et\/wp-json\/wp\/v2\/product"}],"about":[{"href":"https:\/\/nbg.eu\/et\/wp-json\/wp\/v2\/types\/product"}],"wp:featuredmedia":[{"embeddable":true,"href":"https:\/\/nbg.eu\/et\/wp-json\/wp\/v2\/media\/27188"}],"wp:attachment":[{"href":"https:\/\/nbg.eu\/et\/wp-json\/wp\/v2\/media?parent=44908"}],"wp:term":[{"taxonomy":"product_brand","embeddable":true,"href":"https:\/\/nbg.eu\/et\/wp-json\/wp\/v2\/product_brand?post=44908"},{"taxonomy":"product_cat","embeddable":true,"href":"https:\/\/nbg.eu\/et\/wp-json\/wp\/v2\/product_cat?post=44908"},{"taxonomy":"product_tag","embeddable":true,"href":"https:\/\/nbg.eu\/et\/wp-json\/wp\/v2\/product_tag?post=44908"}],"curies":[{"name":"wp","href":"https:\/\/api.w.org\/{rel}","templated":true}]}}