{"id":45491,"date":"2024-08-16T17:52:19","date_gmt":"2024-08-16T17:52:19","guid":{"rendered":"https:\/\/nbg.eu\/product\/rhh-backpack\/"},"modified":"2026-01-21T12:01:46","modified_gmt":"2026-01-21T09:01:46","slug":"rhh-backpack","status":"publish","type":"product","link":"https:\/\/nbg.eu\/et\/toode\/rhh-backpack\/","title":{"rendered":"RHH Backpack"},"content":{"rendered":"<div class=\"product-description\">\n<h2>RHH Laskurseljakott<\/h2>\n<p>Laskurite poolt laskuritele disainitud RHH seljakott on ideaalne mitme p\u00e4eva v\u00f5istlusteks, olenemata sellest, kas kasutate \u00fcht v\u00f5i kahte relva.<\/p>\n<ul>\n<li>Peamine relvatasku lukustuss\u00fcsteemiga kiireks juurdep\u00e4\u00e4suks<\/li>\n<li>Vastab IPSC reeglitele<\/li>\n<li>Takjakinnitusega paneel ja MOLLE kinnituss\u00fcsteem tarvikute jaoks<\/li>\n<li>Rohkelt hoiuruumi organiseeritud lahtritega<\/li>\n<li>Salvetasku mahutab 30-lasulist salve koos pikendatud p\u00f5hjadega<\/li>\n<li>Eemaldatavad rihmad toimivad ka laskekotina<\/li>\n<\/ul>\n<p>M\u00f5\u00f5dud: 100cm x 40cm x 20cm<br \/>\n  Relvakasku: kuni 95cm<br \/>\n  Kaal: 2,9 kg<\/p>\n<p>Paki targalt, lase paremini RHH laskurseljakotiga!<\/p>\n<\/div>\n","protected":false},"excerpt":{"rendered":"<p>RHH seljakott: laskuri disainitud, mitmek\u00fclgne, mitme p\u00e4eva v\u00f5istlusteks valmis.<\/p>\n","protected":false},"featured_media":22669,"template":"","meta":{"_acf_changed":false},"product_brand":[11636],"product_cat":[14015],"product_tag":[],"class_list":{"0":"post-45491","1":"product","2":"type-product","3":"status-publish","4":"has-post-thumbnail","6":"product_brand-rh-holsters","7":"product_cat-seljakotid","9":"first","10":"instock","11":"taxable","12":"shipping-taxable","13":"purchasable","14":"product-type-simple"},"acf":[],"_links":{"self":[{"href":"https:\/\/nbg.eu\/et\/wp-json\/wp\/v2\/product\/45491","targetHints":{"allow":["GET"]}}],"collection":[{"href":"https:\/\/nbg.eu\/et\/wp-json\/wp\/v2\/product"}],"about":[{"href":"https:\/\/nbg.eu\/et\/wp-json\/wp\/v2\/types\/product"}],"wp:featuredmedia":[{"embeddable":true,"href":"https:\/\/nbg.eu\/et\/wp-json\/wp\/v2\/media\/22669"}],"wp:attachment":[{"href":"https:\/\/nbg.eu\/et\/wp-json\/wp\/v2\/media?parent=45491"}],"wp:term":[{"taxonomy":"product_brand","embeddable":true,"href":"https:\/\/nbg.eu\/et\/wp-json\/wp\/v2\/product_brand?post=45491"},{"taxonomy":"product_cat","embeddable":true,"href":"https:\/\/nbg.eu\/et\/wp-json\/wp\/v2\/product_cat?post=45491"},{"taxonomy":"product_tag","embeddable":true,"href":"https:\/\/nbg.eu\/et\/wp-json\/wp\/v2\/product_tag?post=45491"}],"curies":[{"name":"wp","href":"https:\/\/api.w.org\/{rel}","templated":true}]}}