{"id":45614,"date":"2024-08-04T20:46:31","date_gmt":"2024-09-10T14:52:04","guid":{"rendered":"https:\/\/nbg.eu\/product\/rh-ar15-m4-owb-mag-holder\/"},"modified":"2026-01-21T11:42:14","modified_gmt":"2026-01-21T08:42:14","slug":"rh-ar15-m4-owb-mag-holder","status":"publish","type":"product","link":"https:\/\/nbg.eu\/et\/toode\/rh-ar15-m4-owb-mag-holder\/","title":{"rendered":"RH AR15\/M4 OWB Mag Holder"},"content":{"rendered":"<p>RH AR15\/M4 OWB salveehoidja on ideaalne IPSC ja teenistuslikuks kasutamiseks. Omadused on j\u00e4rgmised:<\/p>\n<ul>\n<li>Reguleeritav haare optimaalse vastupanu jaoks<\/li>\n<li>Lihtne juurdep\u00e4\u00e4s<\/li>\n<li>\u00dchildub spordi- ja taktikaliste v\u00f6\u00f6dega<\/li>\n<li>T\u00e4psusvormitud ideaalseks sobivuseks<\/li>\n<li>Teravad s\u00fcvendid siledate servadega<\/li>\n<\/ul>\n<p>See kabuur on ideaalne PCC salvedele, pakkudes suurep\u00e4rast j\u00f5udlust ja mugavust.<\/p>\n","protected":false},"excerpt":{"rendered":"<p>Reguleeritav IPSC\/teenistuse salvetasku kiireks juurdep\u00e4\u00e4suks taktikalistel v\u00f6\u00f6del<\/p>\n","protected":false},"featured_media":45616,"template":"","meta":{"_acf_changed":false},"product_brand":[11636],"product_cat":[14077,14062],"product_tag":[],"class_list":{"0":"post-45614","1":"product","2":"type-product","3":"status-publish","4":"has-post-thumbnail","6":"product_brand-rh-holsters","7":"product_cat-koober","8":"product_cat-salvetaskud","9":"pa_model-ar-15-et","11":"first","12":"instock","13":"taxable","14":"shipping-taxable","15":"purchasable","16":"product-type-variable","17":"wvs-archive-product-wrapper"},"acf":[],"_links":{"self":[{"href":"https:\/\/nbg.eu\/et\/wp-json\/wp\/v2\/product\/45614","targetHints":{"allow":["GET"]}}],"collection":[{"href":"https:\/\/nbg.eu\/et\/wp-json\/wp\/v2\/product"}],"about":[{"href":"https:\/\/nbg.eu\/et\/wp-json\/wp\/v2\/types\/product"}],"wp:featuredmedia":[{"embeddable":true,"href":"https:\/\/nbg.eu\/et\/wp-json\/wp\/v2\/media\/45616"}],"wp:attachment":[{"href":"https:\/\/nbg.eu\/et\/wp-json\/wp\/v2\/media?parent=45614"}],"wp:term":[{"taxonomy":"product_brand","embeddable":true,"href":"https:\/\/nbg.eu\/et\/wp-json\/wp\/v2\/product_brand?post=45614"},{"taxonomy":"product_cat","embeddable":true,"href":"https:\/\/nbg.eu\/et\/wp-json\/wp\/v2\/product_cat?post=45614"},{"taxonomy":"product_tag","embeddable":true,"href":"https:\/\/nbg.eu\/et\/wp-json\/wp\/v2\/product_tag?post=45614"}],"curies":[{"name":"wp","href":"https:\/\/api.w.org\/{rel}","templated":true}]}}