{"id":45694,"date":"2024-08-03T14:57:22","date_gmt":"2024-09-10T14:56:37","guid":{"rendered":"https:\/\/nbg.eu\/product\/rh-sport-pistol-mag-holder\/"},"modified":"2026-05-13T16:41:32","modified_gmt":"2026-05-13T13:41:32","slug":"rh-sport-pistol-mag-holder","status":"publish","type":"product","link":"https:\/\/nbg.eu\/et\/toode\/rh-sport-pistol-mag-holder\/","title":{"rendered":"RH Sport Pistol Mag Holder"},"content":{"rendered":"<p>RH Sport p\u00fcstoli salve hoidja on kvaliteetne v\u00f6\u00f6v\u00e4line lahendus varjatud kandmiseks ja lasketiirus kasutamiseks. Omadused:<\/p>\n<ul>\n<li>Vaakumpressitud 2 mm Kydexi konstruktsioon<\/li>\n<li>T\u00e4pne sobivus \u00fche v\u00f5i kahe salve kandmiseks<\/li>\n<li>Teravad s\u00fcvendid siledate, k\u00e4sitsi l\u00f5igatud servadega<\/li>\n<li>Vastupidav \u00f5\u00f5nesneedi konstruktsioon<\/li>\n<li>Lihtne juurdep\u00e4\u00e4s kiireks \u00fcmberlaadimiseks<\/li>\n<\/ul>\n<p>Loodud mugavust ja t\u00f6\u00f6kindlust silmas pidades, on see ideaalne kaaslane teie tulirelvale.<\/p>\n","protected":false},"excerpt":{"rendered":"<p>Turvaline OWB Kydexi salvehoider kiireks juurdep\u00e4\u00e4suks lasketiirus v\u00f5i varjatud relvakandmisel.<\/p>\n","protected":false},"featured_media":45695,"template":"","meta":{"_acf_changed":false},"product_brand":[11636],"product_cat":[14077,14062],"product_tag":[],"class_list":{"0":"post-45694","1":"product","2":"type-product","3":"status-publish","4":"has-post-thumbnail","6":"product_brand-rh-holsters","7":"product_cat-koober","8":"product_cat-salvetaskud","9":"pa_model-kmr-spectra-et","11":"first","12":"instock","13":"taxable","14":"shipping-taxable","15":"purchasable","16":"product-type-variable","17":"wvs-archive-product-wrapper"},"acf":[],"_links":{"self":[{"href":"https:\/\/nbg.eu\/et\/wp-json\/wp\/v2\/product\/45694","targetHints":{"allow":["GET"]}}],"collection":[{"href":"https:\/\/nbg.eu\/et\/wp-json\/wp\/v2\/product"}],"about":[{"href":"https:\/\/nbg.eu\/et\/wp-json\/wp\/v2\/types\/product"}],"wp:featuredmedia":[{"embeddable":true,"href":"https:\/\/nbg.eu\/et\/wp-json\/wp\/v2\/media\/45695"}],"wp:attachment":[{"href":"https:\/\/nbg.eu\/et\/wp-json\/wp\/v2\/media?parent=45694"}],"wp:term":[{"taxonomy":"product_brand","embeddable":true,"href":"https:\/\/nbg.eu\/et\/wp-json\/wp\/v2\/product_brand?post=45694"},{"taxonomy":"product_cat","embeddable":true,"href":"https:\/\/nbg.eu\/et\/wp-json\/wp\/v2\/product_cat?post=45694"},{"taxonomy":"product_tag","embeddable":true,"href":"https:\/\/nbg.eu\/et\/wp-json\/wp\/v2\/product_tag?post=45694"}],"curies":[{"name":"wp","href":"https:\/\/api.w.org\/{rel}","templated":true}]}}