{"id":47904,"date":"2024-01-30T21:01:01","date_gmt":"2024-01-30T18:01:01","guid":{"rendered":"https:\/\/nbg.eu\/product\/red-dot-sight-hs507comp-rd\/"},"modified":"2026-02-27T15:51:49","modified_gmt":"2026-02-27T12:51:49","slug":"red-dot-sight-hs507comp-rd","status":"publish","type":"product","link":"https:\/\/nbg.eu\/et\/toode\/red-dot-sight-hs507comp-rd\/","title":{"rendered":"Red Dot Sight HS507COMP-RD"},"content":{"rendered":"<div class=\"product-description\">\n<h2>Holosun HS507COMP-RD Punane Punktsihik<\/h2>\n<p>Holosun HS507COMP-RD on k\u00e4situlirelvade sihik v\u00f5istlustel osalejatele ja harrastajatele. 1,1&#8243; x 0,87&#8243; objektiiviga sihik pakub laia vaatev\u00e4lja kiireks sihtimiseks.<\/p>\n<h3>P\u00f5hiomadused:<\/h3>\n<ul>\n<li>V\u00f5istlussihiku s\u00fcsteem (CRS) mitme sihtimispildi valikuga<\/li>\n<li>650nm punane LED sihtimispunktiks<\/li>\n<li>50 000-tunnine aku t\u00f6\u00f6iga CR1632 patareiga<\/li>\n<li>7075 alumiiniumist konstruktsioon<\/li>\n<li>Raputamisel aktiveeruv tehnoloogia<\/li>\n<li>8 heleduse seadet (6 p\u00e4evavalgusele, 2 \u00f6\u00f6vaatlusega \u00fchilduvat)<\/li>\n<li>Parallaksivaba disain piiramatu silmareljeefiga<\/li>\n<\/ul>\n<p>HS507COMP-RD CRS pakub 2 MOA t\u00e4ppi, 8 MOA ringi, 20 MOA ringi ja 32 MOA ringi, v\u00f5imaldades laskuritel kohandada sihtimispilti erinevateks olukordadeks. Standardse kinnitusega ja tugeva konstruktsiooniga sobib see sihik v\u00f5istluslaskmiseks ja enesekaitseks.<\/p>\n<\/div>\n","protected":false},"excerpt":{"rendered":"<p>Suure l\u00e4\u00e4tsega, mitme sihikujoonisega punane punkt-sihik pika aku t\u00f6\u00f6eaga.<\/p>\n","protected":false},"featured_media":47905,"template":"","meta":{"_acf_changed":false},"product_brand":[11429],"product_cat":[14043,14053,14022],"product_tag":[],"class_list":{"0":"post-47904","1":"product","2":"type-product","3":"status-publish","4":"has-post-thumbnail","6":"product_brand-holosun","7":"product_cat-punased-punktid","8":"product_cat-puestolipunktsihtijad","9":"product_cat-sihtimisviir","11":"first","12":"instock","13":"taxable","14":"shipping-taxable","15":"purchasable","16":"product-type-simple"},"acf":[],"_links":{"self":[{"href":"https:\/\/nbg.eu\/et\/wp-json\/wp\/v2\/product\/47904","targetHints":{"allow":["GET"]}}],"collection":[{"href":"https:\/\/nbg.eu\/et\/wp-json\/wp\/v2\/product"}],"about":[{"href":"https:\/\/nbg.eu\/et\/wp-json\/wp\/v2\/types\/product"}],"wp:featuredmedia":[{"embeddable":true,"href":"https:\/\/nbg.eu\/et\/wp-json\/wp\/v2\/media\/47905"}],"wp:attachment":[{"href":"https:\/\/nbg.eu\/et\/wp-json\/wp\/v2\/media?parent=47904"}],"wp:term":[{"taxonomy":"product_brand","embeddable":true,"href":"https:\/\/nbg.eu\/et\/wp-json\/wp\/v2\/product_brand?post=47904"},{"taxonomy":"product_cat","embeddable":true,"href":"https:\/\/nbg.eu\/et\/wp-json\/wp\/v2\/product_cat?post=47904"},{"taxonomy":"product_tag","embeddable":true,"href":"https:\/\/nbg.eu\/et\/wp-json\/wp\/v2\/product_tag?post=47904"}],"curies":[{"name":"wp","href":"https:\/\/api.w.org\/{rel}","templated":true}]}}