{"id":48192,"date":"2024-07-30T18:00:01","date_gmt":"2024-09-12T15:21:01","guid":{"rendered":"https:\/\/nbg.eu\/product\/red-dot-sight-holosun-hs507k\/"},"modified":"2026-05-13T16:03:27","modified_gmt":"2026-05-13T13:03:27","slug":"red-dot-sight-holosun-hs507k","status":"publish","type":"product","link":"https:\/\/nbg.eu\/et\/toode\/red-dot-sight-holosun-hs507k\/","title":{"rendered":"Red Dot Sight Holosun HS507K"},"content":{"rendered":"<h2>Holosun HS507K X2 punane punktsihik<\/h2>\n<p>Holosun HS507K X2 on avatud refleks optiline sihik, mis on m\u00f5eldud kompaktsetele p\u00fcstolitele. Sellel on lukustusre\u017eiim, mis kaitseb nuppe juhuslike muudatuste eest.<\/p>\n<h2>P\u00f5hiomadused:<\/h2>\n<ul>\n<li>Punane Super LED kuni 50 000-tunnise aku elueaga<\/li>\n<li>Mitme sihiku s\u00fcsteem: ringjas punkt, 2 MOA punkt ja 32 MOA ring<\/li>\n<li>Raputamisel aktiveeruv tehnoloogia<\/li>\n<li>7075 alumiiniumist korpus<\/li>\n<li>K\u00fclgmonteeritud salv 1632 aku lihtsaks vahetamiseks<\/li>\n<li>\u00dchildub P365X\/XL-ga (nelja kinnitusega l\u00fckurile on vaja adapterplaati)<\/li>\n<\/ul>\n<h2>Tehnilised andmed:<\/h2>\n<ul>\n<li>12 heleduse taset: 10 p\u00e4evavalgusele ja 2 \u00f6\u00f6vaatlusele<\/li>\n<li>Parallaksivaba ja piiramatu silma kaugus<\/li>\n<li>IP67 veekindluse tase<\/li>\n<li>Akna suurus: 0,58&#8243; x 0,77&#8243;<\/li>\n<li>M\u00f5\u00f5tmed: 1,6&#8243; x 0,98&#8243; x 0,95&#8243;<\/li>\n<li>Kaal: 1 unts<\/li>\n<li>1 MOA klikiga reguleerimine<\/li>\n<li>\u00b130 MOA tuule ja elevatsiooniliikumise ulatus<\/li>\n<li>T\u00f6\u00f6temperatuur: -20\u00b0C kuni 51\u00b0C<\/li>\n<li>Hoiustamistemperatuur: -20\u00b0C kuni 65\u00b0C<\/li>\n<li>Vibratsioonikindlus: 5000G<\/li>\n<\/ul>\n<p>HS507K X2 sobib varjatud kandmiseks m\u00f5eldud relvadele. See pakub kompaktset lahendust m\u00e4rklaua tabamiseks. Seda kasutatakse t\u00e4psuse ja kiiruse parandamiseks sihtm\u00e4rgi haaramisel.<\/p>\n","protected":false},"excerpt":{"rendered":"<p>Kompaktne punane t\u00e4ppsihik p\u00fcstolitele. Mitu sihikukujundit, pikk aku t\u00f6\u00f6iga, vastupidav.<\/p>\n","protected":false},"featured_media":48193,"template":"","meta":{"_acf_changed":false},"product_brand":[11429],"product_cat":[14043,14041,14053,14022],"product_tag":[],"class_list":{"0":"post-48192","1":"product","2":"type-product","3":"status-publish","4":"has-post-thumbnail","6":"product_brand-holosun","7":"product_cat-punased-punktid","8":"product_cat-puestol","9":"product_cat-puestolipunktsihtijad","10":"product_cat-sihtimisviir","12":"first","13":"instock","14":"taxable","15":"shipping-taxable","16":"purchasable","17":"product-type-simple"},"acf":[],"_links":{"self":[{"href":"https:\/\/nbg.eu\/et\/wp-json\/wp\/v2\/product\/48192","targetHints":{"allow":["GET"]}}],"collection":[{"href":"https:\/\/nbg.eu\/et\/wp-json\/wp\/v2\/product"}],"about":[{"href":"https:\/\/nbg.eu\/et\/wp-json\/wp\/v2\/types\/product"}],"wp:featuredmedia":[{"embeddable":true,"href":"https:\/\/nbg.eu\/et\/wp-json\/wp\/v2\/media\/48193"}],"wp:attachment":[{"href":"https:\/\/nbg.eu\/et\/wp-json\/wp\/v2\/media?parent=48192"}],"wp:term":[{"taxonomy":"product_brand","embeddable":true,"href":"https:\/\/nbg.eu\/et\/wp-json\/wp\/v2\/product_brand?post=48192"},{"taxonomy":"product_cat","embeddable":true,"href":"https:\/\/nbg.eu\/et\/wp-json\/wp\/v2\/product_cat?post=48192"},{"taxonomy":"product_tag","embeddable":true,"href":"https:\/\/nbg.eu\/et\/wp-json\/wp\/v2\/product_tag?post=48192"}],"curies":[{"name":"wp","href":"https:\/\/api.w.org\/{rel}","templated":true}]}}