{"id":48606,"date":"2024-07-29T22:02:28","date_gmt":"2024-07-29T19:02:28","guid":{"rendered":"https:\/\/nbg.eu\/product\/ten-speed-single-308-mag-pouch\/"},"modified":"2026-05-13T17:10:10","modified_gmt":"2026-05-13T14:10:10","slug":"ten-speed-single-308-mag-pouch","status":"publish","type":"product","link":"https:\/\/nbg.eu\/et\/toode\/ten-speed-single-308-mag-pouch\/","title":{"rendered":"Ten-Speed\u00ae Single 308 Mag Pouch"},"content":{"rendered":"<div class=\"product-description\">\n<h2>Ten-Speed\u00ae \u00dcksik 308 Mag Tasku<\/h2>\n<p>Lahendus .308 salve ja muude esemete kandmiseks. See tasku mahutab \u00fche .308 salve (sobib SR-25, SIG 716, M110, FAL, SCAR-17, NGSW, XM7) v\u00f5i sarnase suurusega esemeid nagu esmaabivahendid, v\u00e4ikesed raadiod v\u00f5i GPS-seadmed.<\/p>\n<h3>P\u00f5hiomadused:<\/h3>\n<ul>\n<li>Kerge ja madala profiiliga disain<\/li>\n<li>S\u00f5jav\u00e4ekvaliteediga elastne ja ULTRAcomp\u2122 laminaat<\/li>\n<li>Patenteeritud Helium Whisper\u00ae kinnituss\u00fcsteem<\/li>\n<li>MOLLE-\u00fchilduv<\/li>\n<li>Parandatud kinnitus ja vastupidavus<\/li>\n<li>Kaalub 60% v\u00e4hem kui traditsioonilised taskud<\/li>\n<\/ul>\n<p>Ten-Speed\u00ae \u00dcksik 308 Mag Tasku.<\/p>\n<\/div>\n","protected":false},"excerpt":{"rendered":"<p>Kerge ja mitmek\u00fclgne .308 kaliibrile m\u00f5eldud padrunisalvetasku kindla elastse kinnitusega.<\/p>\n","protected":false},"featured_media":48609,"template":"","meta":{"_acf_changed":false},"product_brand":[11132],"product_cat":[14062,14069,14079],"product_tag":[],"class_list":{"0":"post-48606","1":"product","2":"type-product","3":"status-publish","4":"has-post-thumbnail","6":"product_brand-blue-force-gear","7":"product_cat-salvetaskud","8":"product_cat-taskud","9":"product_cat-varustus","11":"first","12":"instock","13":"taxable","14":"shipping-taxable","15":"purchasable","16":"product-type-simple"},"acf":[],"_links":{"self":[{"href":"https:\/\/nbg.eu\/et\/wp-json\/wp\/v2\/product\/48606","targetHints":{"allow":["GET"]}}],"collection":[{"href":"https:\/\/nbg.eu\/et\/wp-json\/wp\/v2\/product"}],"about":[{"href":"https:\/\/nbg.eu\/et\/wp-json\/wp\/v2\/types\/product"}],"wp:featuredmedia":[{"embeddable":true,"href":"https:\/\/nbg.eu\/et\/wp-json\/wp\/v2\/media\/48609"}],"wp:attachment":[{"href":"https:\/\/nbg.eu\/et\/wp-json\/wp\/v2\/media?parent=48606"}],"wp:term":[{"taxonomy":"product_brand","embeddable":true,"href":"https:\/\/nbg.eu\/et\/wp-json\/wp\/v2\/product_brand?post=48606"},{"taxonomy":"product_cat","embeddable":true,"href":"https:\/\/nbg.eu\/et\/wp-json\/wp\/v2\/product_cat?post=48606"},{"taxonomy":"product_tag","embeddable":true,"href":"https:\/\/nbg.eu\/et\/wp-json\/wp\/v2\/product_tag?post=48606"}],"curies":[{"name":"wp","href":"https:\/\/api.w.org\/{rel}","templated":true}]}}