{"id":48738,"date":"2024-07-29T21:47:29","date_gmt":"2024-07-29T18:47:29","guid":{"rendered":"https:\/\/nbg.eu\/product\/ten-speed-triple-m4-mag-pouch\/"},"modified":"2026-05-13T16:43:05","modified_gmt":"2026-05-13T13:43:05","slug":"ten-speed-triple-m4-mag-pouch","status":"publish","type":"product","link":"https:\/\/nbg.eu\/et\/toode\/ten-speed-triple-m4-mag-pouch\/","title":{"rendered":"Ten-Speed\u00ae Triple M4 Mag pouch"},"content":{"rendered":"<div class=\"product-description\">\n<h2>Ten-Speed\u00ae kolmekordne M4 salvetasku BFG-lt<\/h2>\n<p>See kerge tasku mahutab kolm AR\/M4 v\u00f5i M16 salve. Valmistatud s\u00f5jav\u00e4ekvaliteediga elastsest materjalist ja ULTRAcomp\u00ae laminaadist, lamendub t\u00fchjana.<\/p>\n<ul>\n<li>Sobib pol\u00fcmeer- ja metallsalvedele<\/li>\n<li>Mitmeotstarbeline disain meditsiinivahenditele, helipommidele jne<\/li>\n<li>MOLLE-\u00fchilduv Helium Whisper\u00ae kinnitusega<\/li>\n<li>M\u00f5\u00f5tmed: 0,32 cm x 22,86 cm x 15,24 cm<\/li>\n<li>Vajab 3 x 6 MOLLE v\u00e4lja<\/li>\n<\/ul>\n<p>Ten-Speed\u00ae tehnoloogia kompaktses pakendis. Sobib s\u00f5jav\u00e4ele, korrakaitsele ja taktikahuvilistele.<\/p>\n<\/div>\n","protected":false},"excerpt":{"rendered":"<p>Kerge, paindlik MOLLE tasku 3 AR\/M4 salve v\u00f5i sarnaste esemete jaoks.<\/p>\n","protected":false},"featured_media":48748,"template":"","meta":{"_acf_changed":false},"product_brand":[11132],"product_cat":[14062,14069,14079],"product_tag":[],"class_list":{"0":"post-48738","1":"product","2":"type-product","3":"status-publish","4":"has-post-thumbnail","6":"product_brand-blue-force-gear","7":"product_cat-salvetaskud","8":"product_cat-taskud","9":"product_cat-varustus","11":"first","12":"instock","13":"taxable","14":"shipping-taxable","15":"purchasable","16":"product-type-simple"},"acf":[],"_links":{"self":[{"href":"https:\/\/nbg.eu\/et\/wp-json\/wp\/v2\/product\/48738","targetHints":{"allow":["GET"]}}],"collection":[{"href":"https:\/\/nbg.eu\/et\/wp-json\/wp\/v2\/product"}],"about":[{"href":"https:\/\/nbg.eu\/et\/wp-json\/wp\/v2\/types\/product"}],"wp:featuredmedia":[{"embeddable":true,"href":"https:\/\/nbg.eu\/et\/wp-json\/wp\/v2\/media\/48748"}],"wp:attachment":[{"href":"https:\/\/nbg.eu\/et\/wp-json\/wp\/v2\/media?parent=48738"}],"wp:term":[{"taxonomy":"product_brand","embeddable":true,"href":"https:\/\/nbg.eu\/et\/wp-json\/wp\/v2\/product_brand?post=48738"},{"taxonomy":"product_cat","embeddable":true,"href":"https:\/\/nbg.eu\/et\/wp-json\/wp\/v2\/product_cat?post=48738"},{"taxonomy":"product_tag","embeddable":true,"href":"https:\/\/nbg.eu\/et\/wp-json\/wp\/v2\/product_tag?post=48738"}],"curies":[{"name":"wp","href":"https:\/\/api.w.org\/{rel}","templated":true}]}}