{"id":48948,"date":"2024-07-29T21:46:44","date_gmt":"2024-07-29T18:46:44","guid":{"rendered":"https:\/\/nbg.eu\/product\/horizontal-ten-speed-single-m4-mag-pouch\/"},"modified":"2026-05-13T16:43:07","modified_gmt":"2026-05-13T13:43:07","slug":"horizontal-ten-speed-single-m4-mag-pouch","status":"publish","type":"product","link":"https:\/\/nbg.eu\/et\/toode\/horizontal-ten-speed-single-m4-mag-pouch\/","title":{"rendered":"Horizontal Ten-Speed\u00ae Single M4 Mag Pouch"},"content":{"rendered":"<h2>Horisontaalne Ten-Speed\u00ae \u00dcksik M4 Salvetasku<\/h2>\n<p>Horisontaalne Ten-Speed\u00ae M4 Salvetasku on m\u00f5eldud laskemoona kandmiseks. See tasku on valmistatud elastsest materjalist ja on disainitud kinnitamiseks plaadivesti, vesti v\u00f5i v\u00f6\u00f6 MOLLE kinnituss\u00fcsteemile.<\/p>\n<ul>\n<li>Sobib 30-lasuliste STANAG M4 salvede ja enamike 5.56 salvede jaoks<\/li>\n<li>Mahutab suuremaid SMG salvi (UMP, CZ Scorpion, P90) ja m\u00f5ningaid AK-74 salvi<\/li>\n<li>Salvi saab paigutada kuulid \u00fcles\/alla, ette\/taha<\/li>\n<li>Saadaval MOLLE-\u00fchilduvas Helium Whisper ja v\u00f6\u00f6le kinnitatavates versioonides<\/li>\n<li>V\u00f6\u00f6le kinnitatav versioon sobib kuni 2-tollise laiusega v\u00f6\u00f6dele, reguleeritava takjakinnitusega<\/li>\n<\/ul>\n<p>Horisontaalne Ten-Speed\u00ae \u00dcksik M4 Salvetasku on lahendus laskemoona efektiivseks haldamiseks.<\/p>\n","protected":false},"excerpt":{"rendered":"<p>Mitmek\u00fclgne horisontaalne salvetasku M4\/5,56 salvedele. MOLLE v\u00f5i v\u00f6\u00f6 k\u00fclge kinnitatav.<\/p>\n","protected":false},"featured_media":48955,"template":"","meta":{"_acf_changed":false},"product_brand":[11132],"product_cat":[14062,14069,14079],"product_tag":[],"class_list":{"0":"post-48948","1":"product","2":"type-product","3":"status-publish","4":"has-post-thumbnail","6":"product_brand-blue-force-gear","7":"product_cat-salvetaskud","8":"product_cat-taskud","9":"product_cat-varustus","11":"first","12":"instock","13":"taxable","14":"shipping-taxable","15":"purchasable","16":"product-type-simple"},"acf":[],"_links":{"self":[{"href":"https:\/\/nbg.eu\/et\/wp-json\/wp\/v2\/product\/48948","targetHints":{"allow":["GET"]}}],"collection":[{"href":"https:\/\/nbg.eu\/et\/wp-json\/wp\/v2\/product"}],"about":[{"href":"https:\/\/nbg.eu\/et\/wp-json\/wp\/v2\/types\/product"}],"wp:featuredmedia":[{"embeddable":true,"href":"https:\/\/nbg.eu\/et\/wp-json\/wp\/v2\/media\/48955"}],"wp:attachment":[{"href":"https:\/\/nbg.eu\/et\/wp-json\/wp\/v2\/media?parent=48948"}],"wp:term":[{"taxonomy":"product_brand","embeddable":true,"href":"https:\/\/nbg.eu\/et\/wp-json\/wp\/v2\/product_brand?post=48948"},{"taxonomy":"product_cat","embeddable":true,"href":"https:\/\/nbg.eu\/et\/wp-json\/wp\/v2\/product_cat?post=48948"},{"taxonomy":"product_tag","embeddable":true,"href":"https:\/\/nbg.eu\/et\/wp-json\/wp\/v2\/product_tag?post=48948"}],"curies":[{"name":"wp","href":"https:\/\/api.w.org\/{rel}","templated":true}]}}