{"id":49562,"date":"2024-07-29T16:10:43","date_gmt":"2024-07-29T13:10:43","guid":{"rendered":"https:\/\/nbg.eu\/product\/cobra-buckle-conversion-kit\/"},"modified":"2026-05-13T17:04:42","modified_gmt":"2026-05-13T14:04:42","slug":"cobra-buckle-conversion-kit","status":"publish","type":"product","link":"https:\/\/nbg.eu\/et\/toode\/cobra-buckle-conversion-kit\/","title":{"rendered":"COBRA\u00ae Buckle Conversion Kit"},"content":{"rendered":"<div class=\"product-description\">\n<h2>COBRA\u00ae pandla \u00fcmberehituskomplekt GRID\u2122 v\u00f6\u00f6le<\/h2>\n<p>Uuendage oma GRID\u2122 v\u00f6\u00f6d COBRA\u00ae pandla \u00fcmberehituskomplektiga, mis sisaldab patenteeritud COBRA\u00ae ProStyle pannalt. See komplekt lisab v\u00f6\u00f6le kiirvabastusfunktsiooni.<\/p>\n<h3>P\u00f5hiomadused:<\/h3>\n<ul>\n<li>Kohandatud lukustuss\u00fcsteem sujuvaks lukustamiseks ja juhusliku avanemise v\u00e4ltimiseks<\/li>\n<li>Vastab ANSI ja CSA standarditele<\/li>\n<li>Sertifitseeritud soolaudu ja liivatormi testiga<\/li>\n<li>Kiirvabastusfunktsioon<\/li>\n<\/ul>\n<p><strong>M\u00e4rkus:<\/strong> See uuenduskomplekt ei lisa GRID v\u00f6\u00f6le koormustaluvust. Koormustaluvusega valikute jaoks kaaluge meie CHLK v\u00f6\u00f6d.<\/p>\n<\/div>\n","protected":false},"excerpt":{"rendered":"<p>COBRA\u00ae pandla komplekt: kiirkinnitusega t\u00e4iendus GRID\u2122 v\u00f6\u00f6le. Turvaline, stiilne.<\/p>\n","protected":false},"featured_media":49565,"template":"","meta":{"_acf_changed":false},"product_brand":[14538],"product_cat":[14080,14079],"product_tag":[],"class_list":{"0":"post-49562","1":"product","2":"type-product","3":"status-publish","4":"has-post-thumbnail","6":"product_brand-skedco","7":"product_cat-taktikalised-voeoed","8":"product_cat-varustus","10":"first","11":"instock","12":"taxable","13":"shipping-taxable","14":"purchasable","15":"product-type-variable","16":"wvs-archive-product-wrapper"},"acf":[],"_links":{"self":[{"href":"https:\/\/nbg.eu\/et\/wp-json\/wp\/v2\/product\/49562","targetHints":{"allow":["GET"]}}],"collection":[{"href":"https:\/\/nbg.eu\/et\/wp-json\/wp\/v2\/product"}],"about":[{"href":"https:\/\/nbg.eu\/et\/wp-json\/wp\/v2\/types\/product"}],"wp:featuredmedia":[{"embeddable":true,"href":"https:\/\/nbg.eu\/et\/wp-json\/wp\/v2\/media\/49565"}],"wp:attachment":[{"href":"https:\/\/nbg.eu\/et\/wp-json\/wp\/v2\/media?parent=49562"}],"wp:term":[{"taxonomy":"product_brand","embeddable":true,"href":"https:\/\/nbg.eu\/et\/wp-json\/wp\/v2\/product_brand?post=49562"},{"taxonomy":"product_cat","embeddable":true,"href":"https:\/\/nbg.eu\/et\/wp-json\/wp\/v2\/product_cat?post=49562"},{"taxonomy":"product_tag","embeddable":true,"href":"https:\/\/nbg.eu\/et\/wp-json\/wp\/v2\/product_tag?post=49562"}],"curies":[{"name":"wp","href":"https:\/\/api.w.org\/{rel}","templated":true}]}}