{"id":51417,"date":"2024-03-15T07:11:12","date_gmt":"2024-03-15T07:11:12","guid":{"rendered":"https:\/\/nbg.eu\/product\/bore-tech-shield-xp-rust-preventive\/"},"modified":"2026-05-13T15:05:28","modified_gmt":"2026-05-13T12:05:28","slug":"bore-tech-shield-xp-rust-preventive","status":"publish","type":"product","link":"https:\/\/nbg.eu\/et\/toode\/bore-tech-shield-xp-rust-preventive\/","title":{"rendered":"Bore Tech Shield XP Rust Preventive"},"content":{"rendered":"<h2>Bore Tech Shield XP roostekaitse<\/h2>\n<p>Bore Tech Shield XP roostekaitse kaitseb relvi rooste ja korrosiooni eest. See lahus tungib s\u00fcgavale, eemaldab niiskuse ja neutraliseerib korrodeerivad ained, j\u00e4ttes n\u00e4htamatu kihi, mis ei meelita prahti.<\/p>\n<ul>\n<li>Sobib pikaajaliseks hoiustamiseks<\/li>\n<li>Ohutu k\u00f5ikidele metallidele<\/li>\n<li>L\u00e4bib 500 tundi ASTM niiskustestis<\/li>\n<li>Kookose l\u00f5hnaga<\/li>\n<li>Pumbaga pihustipudel<\/li>\n<\/ul>\n<h3>Juhised:<\/h3>\n<ol>\n<li>T\u00fchjendage relv ja puhastage pinnad<\/li>\n<li>Pihustage v\u00f5i kandke Shield XP metallpindadele<\/li>\n<li>Oodake 15 minutit, vajadusel kandke teine kiht<\/li>\n<li>Enne kasutamist puhastage relvaraud kuiva lapiga<\/li>\n<\/ol>\n<p>Shield XP kaitseb relvi rooste ja korrosiooni eest.<\/p>\n","protected":false},"excerpt":{"rendered":"<p>Pikaajaline roostekaitse tulirelvadele.<\/p>\n","protected":false},"featured_media":51329,"template":"","meta":{"_acf_changed":false},"product_brand":[11150],"product_cat":[14026,14013],"product_tag":[],"class_list":{"0":"post-51417","1":"product","2":"type-product","3":"status-publish","4":"has-post-thumbnail","6":"product_brand-boretech","7":"product_cat-maeaerdeained","8":"product_cat-relva-puhastamine","10":"first","11":"instock","12":"taxable","13":"shipping-taxable","14":"purchasable","15":"product-type-simple"},"acf":[],"_links":{"self":[{"href":"https:\/\/nbg.eu\/et\/wp-json\/wp\/v2\/product\/51417","targetHints":{"allow":["GET"]}}],"collection":[{"href":"https:\/\/nbg.eu\/et\/wp-json\/wp\/v2\/product"}],"about":[{"href":"https:\/\/nbg.eu\/et\/wp-json\/wp\/v2\/types\/product"}],"wp:featuredmedia":[{"embeddable":true,"href":"https:\/\/nbg.eu\/et\/wp-json\/wp\/v2\/media\/51329"}],"wp:attachment":[{"href":"https:\/\/nbg.eu\/et\/wp-json\/wp\/v2\/media?parent=51417"}],"wp:term":[{"taxonomy":"product_brand","embeddable":true,"href":"https:\/\/nbg.eu\/et\/wp-json\/wp\/v2\/product_brand?post=51417"},{"taxonomy":"product_cat","embeddable":true,"href":"https:\/\/nbg.eu\/et\/wp-json\/wp\/v2\/product_cat?post=51417"},{"taxonomy":"product_tag","embeddable":true,"href":"https:\/\/nbg.eu\/et\/wp-json\/wp\/v2\/product_tag?post=51417"}],"curies":[{"name":"wp","href":"https:\/\/api.w.org\/{rel}","templated":true}]}}