{"id":525740,"date":"2025-08-19T20:38:50","date_gmt":"2025-08-19T17:38:50","guid":{"rendered":"https:\/\/nbg.eu\/product\/hographic-sight-eotech-exps3\/"},"modified":"2026-01-21T11:45:40","modified_gmt":"2026-01-21T08:45:40","slug":"hographic-sight-eotech-exps3","status":"publish","type":"product","link":"https:\/\/nbg.eu\/et\/toode\/hographic-sight-eotech-exps3\/","title":{"rendered":"Hographic sight EOTECH EXPS3"},"content":{"rendered":"<div class=\"product-description\">\n<h2>EOTECH HWS EXPS3\u2122 Holograafiline Relvasihik<\/h2>\n<p>EOTECH HWS EXPS3\u2122 on holograafiline sihik, mis pakub:<\/p>\n<ul>\n<li>Kahe silmaga sihtimist<\/li>\n<li>\u00d6\u00f6n\u00e4gemise \u00fchilduvust 10 lisaseadega<\/li>\n<li>7mm t\u00f5stetud kiirkinnitusalust<\/li>\n<li>Kompaktne disain: 3.8&#8243; x 2.3&#8243; x 2.9&#8243;<\/li>\n<li>Kaal 11.2 untsi<\/li>\n<li>Veekindel kuni 33 jala s\u00fcgavusel<\/li>\n<li>20 p\u00e4evavalguse heleduse seadet<\/li>\n<li>1000-tunnine aku kestvus tavaseadel<\/li>\n<\/ul>\n<p>Toodetud USA-s, EXPS3 kinnitub 1&#8243; Weaver v\u00f5i MIL-STD-1913 siinidele ja t\u00f6\u00f6tab temperatuuridel -40\u00b0F kuni 140\u00b0F. Sisaldab kiirjuhendit, garantiikaarti ja CR123 akut.<\/p>\n<\/div>\n","protected":false},"excerpt":{"rendered":"<p>Kiire sihtm\u00e4rgi haaramine, \u00f6\u00f6vaatlusega \u00fchilduv, t\u00f5stetud kiirkinnitusega alus.<\/p>\n","protected":false},"featured_media":466366,"template":"","meta":{"_acf_changed":false},"product_brand":[],"product_cat":[14022,14031],"product_tag":[],"class_list":{"0":"post-525740","1":"product","2":"type-product","3":"status-publish","4":"has-post-thumbnail","6":"product_cat-sihtimisviir","7":"product_cat-vintpuessi-punktid","9":"first","10":"outofstock","11":"taxable","12":"shipping-taxable","13":"purchasable","14":"product-type-simple"},"acf":[],"_links":{"self":[{"href":"https:\/\/nbg.eu\/et\/wp-json\/wp\/v2\/product\/525740","targetHints":{"allow":["GET"]}}],"collection":[{"href":"https:\/\/nbg.eu\/et\/wp-json\/wp\/v2\/product"}],"about":[{"href":"https:\/\/nbg.eu\/et\/wp-json\/wp\/v2\/types\/product"}],"wp:featuredmedia":[{"embeddable":true,"href":"https:\/\/nbg.eu\/et\/wp-json\/wp\/v2\/media\/466366"}],"wp:attachment":[{"href":"https:\/\/nbg.eu\/et\/wp-json\/wp\/v2\/media?parent=525740"}],"wp:term":[{"taxonomy":"product_brand","embeddable":true,"href":"https:\/\/nbg.eu\/et\/wp-json\/wp\/v2\/product_brand?post=525740"},{"taxonomy":"product_cat","embeddable":true,"href":"https:\/\/nbg.eu\/et\/wp-json\/wp\/v2\/product_cat?post=525740"},{"taxonomy":"product_tag","embeddable":true,"href":"https:\/\/nbg.eu\/et\/wp-json\/wp\/v2\/product_tag?post=525740"}],"curies":[{"name":"wp","href":"https:\/\/api.w.org\/{rel}","templated":true}]}}