{"id":526407,"date":"2025-08-20T17:48:48","date_gmt":"2025-08-20T14:48:48","guid":{"rendered":"https:\/\/nbg.eu\/product\/recoil-spring-ismi-15-lb-spring-for-glock-17-gl15\/"},"modified":"2026-01-21T11:39:14","modified_gmt":"2026-01-21T08:39:14","slug":"recoil-spring-ismi-15-lb-spring-for-glock-17-gl15","status":"publish","type":"product","link":"https:\/\/nbg.eu\/et\/toode\/recoil-spring-ismi-15-lb-spring-for-glock-17-gl15\/","title":{"rendered":"Recoil spring ISMI 15 lb. Spring for Glock 17 (GL15)"},"content":{"rendered":"<div class=\"product-description\">\n<h2>ISMI 15 naela lamedast traadist tagasil\u00f6\u00f6givedrude Glock 17-le (GL15)<\/h2>\n<p>ISMI tagasil\u00f6\u00f6givedrude Glock 17-le. See 15 naela lameda traadi vedru on valmistatud kroom-vanaadium sulamist, sobib tehase juhtvardaga, mille l\u00e4bim\u00f5\u00f5t on 0,250&#8243; v\u00f5i v\u00e4hem.<\/p>\n<ul>\n<li>CAD-disainitud ja ehitatud lennunduse spetsifikatsioonide j\u00e4rgi<\/li>\n<li>Kuumt\u00f6\u00f6deldud, kuulitatud ja t\u00e4ielikult pingetest vabastatud<\/li>\n<li>Tagab j\u00e4rjepideva t\u00f6\u00f6kindluse<\/li>\n<li>\u00dchilduv mudelitega Glock 17, 17L, 20, 21, 22, 24, 31, 35<\/li>\n<li>Valmistatud USA-s<\/li>\n<\/ul>\n<p>ISMI tagasil\u00f6\u00f6givedrude Glock-ile. M\u00f5eldud lasketiirus kasutamiseks.<\/p>\n<\/div>\n","protected":false},"excerpt":{"rendered":"<p>T\u00e4pne 15-naelane lame traadist tagasit\u00f5ukevedru Glock 17-le. USA-s toodetud, parandab j\u00f5udlust.<\/p>\n","protected":false},"featured_media":470568,"template":"","meta":{"_acf_changed":false},"product_brand":[11403],"product_cat":[14021,14039],"product_tag":[],"class_list":{"0":"post-526407","1":"product","2":"type-product","3":"status-publish","4":"has-post-thumbnail","6":"product_brand-glock","7":"product_cat-kmr-osad","8":"product_cat-vedrud","10":"first","11":"outofstock","12":"taxable","13":"shipping-taxable","14":"purchasable","15":"product-type-simple"},"acf":[],"_links":{"self":[{"href":"https:\/\/nbg.eu\/et\/wp-json\/wp\/v2\/product\/526407","targetHints":{"allow":["GET"]}}],"collection":[{"href":"https:\/\/nbg.eu\/et\/wp-json\/wp\/v2\/product"}],"about":[{"href":"https:\/\/nbg.eu\/et\/wp-json\/wp\/v2\/types\/product"}],"wp:featuredmedia":[{"embeddable":true,"href":"https:\/\/nbg.eu\/et\/wp-json\/wp\/v2\/media\/470568"}],"wp:attachment":[{"href":"https:\/\/nbg.eu\/et\/wp-json\/wp\/v2\/media?parent=526407"}],"wp:term":[{"taxonomy":"product_brand","embeddable":true,"href":"https:\/\/nbg.eu\/et\/wp-json\/wp\/v2\/product_brand?post=526407"},{"taxonomy":"product_cat","embeddable":true,"href":"https:\/\/nbg.eu\/et\/wp-json\/wp\/v2\/product_cat?post=526407"},{"taxonomy":"product_tag","embeddable":true,"href":"https:\/\/nbg.eu\/et\/wp-json\/wp\/v2\/product_tag?post=526407"}],"curies":[{"name":"wp","href":"https:\/\/api.w.org\/{rel}","templated":true}]}}