{"id":527181,"date":"2025-09-02T20:11:34","date_gmt":"2025-09-02T17:11:34","guid":{"rendered":"https:\/\/nbg.eu\/product\/ftcs-enlarged-magazine-catch-ak-platform-graphite-black-h-146-nr-29\/"},"modified":"2026-01-21T12:01:49","modified_gmt":"2026-01-21T09:01:49","slug":"ftcs-enlarged-magazine-catch-ak-platform-graphite-black-h-146-nr-29","status":"publish","type":"product","link":"https:\/\/nbg.eu\/et\/toode\/ftcs-enlarged-magazine-catch-ak-platform-graphite-black-h-146-nr-29\/","title":{"rendered":"FTCS &#8211; Enlarged Magazine Catch &#8211; AK Platform &#8211; Graphite Black H-146 &#8211; Nr. 29"},"content":{"rendered":"<div class=\"product-description\">\n<h1>FTCS &#8211; Suurendatud salvelukusti &#8211; AK platvorm<\/h1>\n<h2>Grafiitmust H-146 &#8211; Nr. 29<\/h2>\n<p>Suurendatud salvelukusti AK platvormi karabiinile. Loodud salve lihtsamaks eemaldamiseks.<\/p>\n<ul>\n<li>\u00dchildub enamiku AK\/AKM\/AK-74 relvadega<\/li>\n<li>Valmistatud terasest Cerakote kattega<\/li>\n<li>Grafiitmust H-146 v\u00e4rv<\/li>\n<li>Sooneline keel parema haarde jaoks<\/li>\n<li>M\u00f5\u00f5tmed: 51 x 16 x 14 mm<\/li>\n<li>Kaal: 20 g<\/li>\n<\/ul>\n<p>Suurendatud lukusti v\u00f5imaldab salve vabastada p\u00f6idla v\u00f5i teise salvega. Cerakote viimistlus tagab vastupidavuse.<\/p>\n<\/div>\n","protected":false},"excerpt":{"rendered":"<p>Suurendatud AK salvehaak. Lihtne vabastada. Teras, Cerakote-kattega. Grafiitmust.<\/p>\n","protected":false},"featured_media":0,"template":"","meta":{"_acf_changed":false},"product_brand":[],"product_cat":[14087],"product_tag":[],"class_list":{"0":"post-527181","1":"product","2":"type-product","3":"status-publish","5":"product_cat-kategoriseerimata","7":"first","8":"instock","9":"taxable","10":"shipping-taxable","11":"purchasable","12":"product-type-simple"},"acf":[],"_links":{"self":[{"href":"https:\/\/nbg.eu\/et\/wp-json\/wp\/v2\/product\/527181","targetHints":{"allow":["GET"]}}],"collection":[{"href":"https:\/\/nbg.eu\/et\/wp-json\/wp\/v2\/product"}],"about":[{"href":"https:\/\/nbg.eu\/et\/wp-json\/wp\/v2\/types\/product"}],"wp:attachment":[{"href":"https:\/\/nbg.eu\/et\/wp-json\/wp\/v2\/media?parent=527181"}],"wp:term":[{"taxonomy":"product_brand","embeddable":true,"href":"https:\/\/nbg.eu\/et\/wp-json\/wp\/v2\/product_brand?post=527181"},{"taxonomy":"product_cat","embeddable":true,"href":"https:\/\/nbg.eu\/et\/wp-json\/wp\/v2\/product_cat?post=527181"},{"taxonomy":"product_tag","embeddable":true,"href":"https:\/\/nbg.eu\/et\/wp-json\/wp\/v2\/product_tag?post=527181"}],"curies":[{"name":"wp","href":"https:\/\/api.w.org\/{rel}","templated":true}]}}