{"id":527497,"date":"2025-09-02T20:13:23","date_gmt":"2025-09-02T17:13:23","guid":{"rendered":"https:\/\/nbg.eu\/product\/general-nano-protection-super-nano-grease-synthetic-761034\/"},"modified":"2026-01-21T11:44:39","modified_gmt":"2026-01-21T08:44:39","slug":"general-nano-protection-super-nano-grease-synthetic-761034","status":"publish","type":"product","link":"https:\/\/nbg.eu\/et\/toode\/general-nano-protection-super-nano-grease-synthetic-761034\/","title":{"rendered":"General Nano Protection &#8211; Super Nano Grease &#8211; Synthetic &#8211; 761034"},"content":{"rendered":"<h1>General Nano Protection &#8211; Super Nano M\u00e4\u00e4re &#8211; S\u00fcnteetiline &#8211; 761034<\/h1>\n<p>S\u00fcnteetiline relva\u00f5li. 200ml pudel Super Nano M\u00e4\u00e4ret pakub kaitset ja j\u00f5udlust teie relvale.<\/p>\n<ul>\n<li>Puhastab p\u00fcssirohutolmu, s\u00fcsiniku ja m\u00e4\u00e4rde<\/li>\n<li>Eemaldab niiskuse ja kaitseb korrosiooni eest<\/li>\n<li>V\u00e4hendab h\u00f5\u00f5rdumist ja kulumist erinevatel materjalidel<\/li>\n<li>Pikendab relva eluiga<\/li>\n<li>Nanoosakeste tehnoloogia parema l\u00e4bitungimise jaoks<\/li>\n<li>H\u00fcdrofoobne kate t\u00f5rjub vett<\/li>\n<li>Kuumakindel vahemikus -60\u00b0C kuni +250\u00b0C<\/li>\n<li>Ohutu kasutada metallil, puidul, v\u00e4rvil, kummil ja plastikul<\/li>\n<\/ul>\n<p>Sobib kasutamiseks operatsioonvarrastel, rauakattel, nukkv\u00f5llidel ja teistel liikuvatel osadel.<\/p>\n","protected":false},"excerpt":{"rendered":"<p>T\u00e4iustatud nano-relva\u00f5li: puhastab, m\u00e4\u00e4rib ja kaitseb tulirelvi.<\/p>\n","protected":false},"featured_media":490515,"template":"","meta":{"_acf_changed":false},"product_brand":[],"product_cat":[14087],"product_tag":[],"class_list":{"0":"post-527497","1":"product","2":"type-product","3":"status-publish","4":"has-post-thumbnail","6":"product_cat-kategoriseerimata","8":"first","9":"instock","10":"taxable","11":"shipping-taxable","12":"purchasable","13":"product-type-simple"},"acf":[],"_links":{"self":[{"href":"https:\/\/nbg.eu\/et\/wp-json\/wp\/v2\/product\/527497","targetHints":{"allow":["GET"]}}],"collection":[{"href":"https:\/\/nbg.eu\/et\/wp-json\/wp\/v2\/product"}],"about":[{"href":"https:\/\/nbg.eu\/et\/wp-json\/wp\/v2\/types\/product"}],"wp:featuredmedia":[{"embeddable":true,"href":"https:\/\/nbg.eu\/et\/wp-json\/wp\/v2\/media\/490515"}],"wp:attachment":[{"href":"https:\/\/nbg.eu\/et\/wp-json\/wp\/v2\/media?parent=527497"}],"wp:term":[{"taxonomy":"product_brand","embeddable":true,"href":"https:\/\/nbg.eu\/et\/wp-json\/wp\/v2\/product_brand?post=527497"},{"taxonomy":"product_cat","embeddable":true,"href":"https:\/\/nbg.eu\/et\/wp-json\/wp\/v2\/product_cat?post=527497"},{"taxonomy":"product_tag","embeddable":true,"href":"https:\/\/nbg.eu\/et\/wp-json\/wp\/v2\/product_tag?post=527497"}],"curies":[{"name":"wp","href":"https:\/\/api.w.org\/{rel}","templated":true}]}}