{"id":529590,"date":"2025-09-02T20:24:18","date_gmt":"2025-09-02T17:24:18","guid":{"rendered":"https:\/\/nbg.eu\/product\/magpul-zhukov-hand-guard-for-ak-47-mag586\/"},"modified":"2026-01-21T12:29:02","modified_gmt":"2026-01-21T09:29:02","slug":"magpul-zhukov-hand-guard-for-ak-47-mag586","status":"publish","type":"product","link":"https:\/\/nbg.eu\/et\/toode\/magpul-zhukov-hand-guard-for-ak-47-mag586\/","title":{"rendered":"Magpul &#8211; ZHUKOV Hand Guard for AK-47 MAG586"},"content":{"rendered":"<h2>Magpul ZHUKOV k\u00e4epide AK-47-le MAG586<\/h2>\n<p>Magpul ZHUKOV k\u00e4epide (MAG586) AK-47-le on loodud ergonoomika ja modulaarsuse parandamiseks. See k\u00e4epide pakub:<\/p>\n<ul>\n<li>Vastupidav pol\u00fcmeerist konstruktsioon<\/li>\n<li>Pikendatud pikkus parema kontrolli ja soojuse hajutamise jaoks<\/li>\n<li>M-LOK \u00fchilduvad pesad lisavarustuse kinnitamiseks<\/li>\n<li>Ergonoomiline disain<\/li>\n<li>Lihtne paigaldus ilma p\u00fcsivate muudatusteta<\/li>\n<li>\u00dchilduv stantsitud AKM\/AK-47 t\u00fc\u00fcpi relvadega<\/li>\n<\/ul>\n<p>ZHUKOV k\u00e4epide muudab AK-47 kaasaegseks platvormiks. See on m\u00f5eldud AK kasutajatele, kes soovivad parandada relva j\u00f5udlust ja kohandamisv\u00f5imalusi.<\/p>\n<p><strong>M\u00e4rkus:<\/strong> Paigaldamiseks on vaja eemaldada k\u00e4epideme kinnitus.<\/p>\n","protected":false},"excerpt":{"rendered":"<p>Vastupidav AK-47 k\u00e4ekaitse. Parandab haardumist ja soojuse hajumist. M-LOK-iga \u00fchilduv.<\/p>\n","protected":false},"featured_media":491559,"template":"","meta":{"_acf_changed":false},"product_brand":[11548],"product_cat":[14085,14071,14032],"product_tag":[],"class_list":{"0":"post-529590","1":"product","2":"type-product","3":"status-publish","4":"has-post-thumbnail","6":"product_brand-magpul","7":"product_cat-roeoepad","8":"product_cat-vintpuess","9":"product_cat-vintpuessi-taeiustamine","11":"first","12":"instock","13":"taxable","14":"shipping-taxable","15":"purchasable","16":"product-type-variable","17":"wvs-archive-product-wrapper"},"acf":[],"_links":{"self":[{"href":"https:\/\/nbg.eu\/et\/wp-json\/wp\/v2\/product\/529590","targetHints":{"allow":["GET"]}}],"collection":[{"href":"https:\/\/nbg.eu\/et\/wp-json\/wp\/v2\/product"}],"about":[{"href":"https:\/\/nbg.eu\/et\/wp-json\/wp\/v2\/types\/product"}],"wp:featuredmedia":[{"embeddable":true,"href":"https:\/\/nbg.eu\/et\/wp-json\/wp\/v2\/media\/491559"}],"wp:attachment":[{"href":"https:\/\/nbg.eu\/et\/wp-json\/wp\/v2\/media?parent=529590"}],"wp:term":[{"taxonomy":"product_brand","embeddable":true,"href":"https:\/\/nbg.eu\/et\/wp-json\/wp\/v2\/product_brand?post=529590"},{"taxonomy":"product_cat","embeddable":true,"href":"https:\/\/nbg.eu\/et\/wp-json\/wp\/v2\/product_cat?post=529590"},{"taxonomy":"product_tag","embeddable":true,"href":"https:\/\/nbg.eu\/et\/wp-json\/wp\/v2\/product_tag?post=529590"}],"curies":[{"name":"wp","href":"https:\/\/api.w.org\/{rel}","templated":true}]}}