{"id":530089,"date":"2025-09-04T17:31:43","date_gmt":"2025-09-04T14:31:43","guid":{"rendered":"https:\/\/nbg.eu\/product\/magpul-moe-m-lok-hand-guard-for-ar15-m4-mid-length-black\/"},"modified":"2026-01-21T12:04:46","modified_gmt":"2026-01-21T09:04:46","slug":"magpul-moe-m-lok-hand-guard-for-ar15-m4-mid-length-black","status":"publish","type":"product","link":"https:\/\/nbg.eu\/et\/toode\/magpul-moe-m-lok-hand-guard-for-ar15-m4-mid-length-black\/","title":{"rendered":"Magpul &#8211; MOE\u00ae M-LOK\u00ae Hand Guard for AR15\/M4 &#8211; Mid-Length &#8211; Black"},"content":{"rendered":"<div class=\"product-description\">\n<h2>Magpul MOE\u00ae M-LOK\u00ae k\u00e4epide AR15\/M4 jaoks &#8211; keskmise pikkusega &#8211; must<\/h2>\n<p>AR-15\/M4 k\u00e4epide, mis on m\u00f5eldud keskmise pikkusega gaasis\u00fcsteemidele. See lisatarvik \u00fchendab kerge pol\u00fcmeerkonstruktsiooni modulaarse paindlikkusega.<\/p>\n<ul>\n<li>M-LOK pesad kella 2, 6 ja 10 asendis lisaseadmete kinnitamiseks<\/li>\n<li>Tugevdatud, kuumakindel pol\u00fcmeerkonstruktsioon<\/li>\n<li>\u00dchildub otsese surve ja enamiku kolbgaasis\u00fcsteemidega<\/li>\n<li>Lihtne paigaldus olemasoleva delta-r\u00f5nga ja k\u00e4epideme kinnitusmutriga<\/li>\n<li>Integreeritud needitud alumiiniumist soojuskilp<\/li>\n<li>Eesmised pikendused ja alumine serv kasutaja kaitseks<\/li>\n<\/ul>\n<p>K\u00e4epide kaalub 246,6 grammi ja on 23,4 cm pikk. Valmistatud USA-s.<\/p>\n<\/div>\n","protected":false},"excerpt":{"rendered":"<p>Kerge, modulaarne AR-15\/M4 keskmise pikkusega k\u00e4ekaitse M-LOK kinnituskohtadega.<\/p>\n","protected":false},"featured_media":493084,"template":"","meta":{"_acf_changed":false},"product_brand":[11548],"product_cat":[14085,14071,14032],"product_tag":[],"class_list":{"0":"post-530089","1":"product","2":"type-product","3":"status-publish","4":"has-post-thumbnail","6":"product_brand-magpul","7":"product_cat-roeoepad","8":"product_cat-vintpuess","9":"product_cat-vintpuessi-taeiustamine","11":"first","12":"instock","13":"taxable","14":"shipping-taxable","15":"purchasable","16":"product-type-simple"},"acf":[],"_links":{"self":[{"href":"https:\/\/nbg.eu\/et\/wp-json\/wp\/v2\/product\/530089","targetHints":{"allow":["GET"]}}],"collection":[{"href":"https:\/\/nbg.eu\/et\/wp-json\/wp\/v2\/product"}],"about":[{"href":"https:\/\/nbg.eu\/et\/wp-json\/wp\/v2\/types\/product"}],"wp:featuredmedia":[{"embeddable":true,"href":"https:\/\/nbg.eu\/et\/wp-json\/wp\/v2\/media\/493084"}],"wp:attachment":[{"href":"https:\/\/nbg.eu\/et\/wp-json\/wp\/v2\/media?parent=530089"}],"wp:term":[{"taxonomy":"product_brand","embeddable":true,"href":"https:\/\/nbg.eu\/et\/wp-json\/wp\/v2\/product_brand?post=530089"},{"taxonomy":"product_cat","embeddable":true,"href":"https:\/\/nbg.eu\/et\/wp-json\/wp\/v2\/product_cat?post=530089"},{"taxonomy":"product_tag","embeddable":true,"href":"https:\/\/nbg.eu\/et\/wp-json\/wp\/v2\/product_tag?post=530089"}],"curies":[{"name":"wp","href":"https:\/\/api.w.org\/{rel}","templated":true}]}}