{"id":530414,"date":"2025-09-04T17:31:52","date_gmt":"2025-09-04T14:31:52","guid":{"rendered":"https:\/\/nbg.eu\/product\/strike-industries-overmolded-ultimate-dust-cover-for-223-5-56-mm-black\/"},"modified":"2026-01-21T12:14:40","modified_gmt":"2026-01-21T09:14:40","slug":"strike-industries-overmolded-ultimate-dust-cover-for-223-5-56-mm-black","status":"publish","type":"product","link":"https:\/\/nbg.eu\/et\/toode\/strike-industries-overmolded-ultimate-dust-cover-for-223-5-56-mm-black\/","title":{"rendered":"Strike Industries &#8211; Overmolded Ultimate Dust Cover for .223\/5.56 mm &#8211; Black"},"content":{"rendered":"<div class=\"product-description\">\n<h2>Strike Industries &#8211; Vormitud tolmukate .223\/5.56 mm relvadele &#8211; Must<\/h2>\n<p>Strike Industries vormitud tolmukate AR-15 relvadele. Disain sisaldab kahekordset vormi ja kummitihendust kaitseks prahi ja vee eest. Sisemine huul tagab parema tihenduse kui tavalised tolmukatted.<\/p>\n<ul>\n<li>Kiire paigaldus ilma t\u00f6\u00f6riistadeta ja lihtne lahtiv\u00f5tmine<\/li>\n<li>Sisseehitatud reguleeritav kruvi kulumise kompenseerimiseks<\/li>\n<li>Vaikne aktiveerimine kummist polsterdusega<\/li>\n<li>Valmistatud tugevast pol\u00fcmeermaterjalist<\/li>\n<li>Roostekaitse ja vastupidav<\/li>\n<li>Paigaldus v\u00f5i eemaldamine 5-10 sekundiga<\/li>\n<\/ul>\n<p>Sobib AR-15 Mil-Spec ja enamiku freesitud \u00fclaosadega, sealhulgas Aero Precision M4E1. Ei sobi VLTOR MUR, ZRO Delta, Lantac Enhanced BCG ega Bootleg Four Position Adjustable Carrier&#8217;iga.<\/p>\n<\/div>\n","protected":false},"excerpt":{"rendered":"<p>T\u00e4iustatud AR-15 tolmukaitse: vaikne, kiirelt paigaldatav, prahikindel tihend.<\/p>\n","protected":false},"featured_media":493267,"template":"","meta":{"_acf_changed":false},"product_brand":[14604],"product_cat":[14055,14071,14032],"product_tag":[],"class_list":{"0":"post-530414","1":"product","2":"type-product","3":"status-publish","4":"has-post-thumbnail","6":"product_brand-strike-industries","7":"product_cat-ar-haeaelestamine","8":"product_cat-vintpuess","9":"product_cat-vintpuessi-taeiustamine","11":"first","12":"instock","13":"taxable","14":"shipping-taxable","15":"purchasable","16":"product-type-simple"},"acf":[],"_links":{"self":[{"href":"https:\/\/nbg.eu\/et\/wp-json\/wp\/v2\/product\/530414","targetHints":{"allow":["GET"]}}],"collection":[{"href":"https:\/\/nbg.eu\/et\/wp-json\/wp\/v2\/product"}],"about":[{"href":"https:\/\/nbg.eu\/et\/wp-json\/wp\/v2\/types\/product"}],"wp:featuredmedia":[{"embeddable":true,"href":"https:\/\/nbg.eu\/et\/wp-json\/wp\/v2\/media\/493267"}],"wp:attachment":[{"href":"https:\/\/nbg.eu\/et\/wp-json\/wp\/v2\/media?parent=530414"}],"wp:term":[{"taxonomy":"product_brand","embeddable":true,"href":"https:\/\/nbg.eu\/et\/wp-json\/wp\/v2\/product_brand?post=530414"},{"taxonomy":"product_cat","embeddable":true,"href":"https:\/\/nbg.eu\/et\/wp-json\/wp\/v2\/product_cat?post=530414"},{"taxonomy":"product_tag","embeddable":true,"href":"https:\/\/nbg.eu\/et\/wp-json\/wp\/v2\/product_tag?post=530414"}],"curies":[{"name":"wp","href":"https:\/\/api.w.org\/{rel}","templated":true}]}}