{"id":530938,"date":"2025-09-04T17:49:03","date_gmt":"2025-09-04T14:49:03","guid":{"rendered":"https:\/\/nbg.eu\/product\/magpul-moe-sl-ak-grip-for-ak47-ak74-fde-mag682-fde\/"},"modified":"2026-01-21T11:44:43","modified_gmt":"2026-01-21T08:44:43","slug":"magpul-moe-sl-ak-grip-for-ak47-ak74-fde-mag682-fde","status":"publish","type":"product","link":"https:\/\/nbg.eu\/et\/toode\/magpul-moe-sl-ak-grip-for-ak47-ak74-fde-mag682-fde\/","title":{"rendered":"Magpul &#8211; MOE SL AK Grip for AK47\/AK74 &#8211; FDE &#8211; MAG682-FDE"},"content":{"rendered":"<div class=\"product-description\">\n<h2>Magpul MOE SL AK k\u00e4epide AK47\/AK74 jaoks &#8211; FDE (MAG682-FDE)<\/h2>\n<p>AK47\/AK74 k\u00e4epide. See k\u00e4epide pakub vertikaalsemat nurka ja on optimeeritud l\u00fchema LOP relvadele.<\/p>\n<ul>\n<li>Valmistatud pol\u00fcmeerist, tekstuuriga viimistlus<\/li>\n<li>Sobib nii freesitud kui ka stantsitud relvadele, kaasa arvatud k\u00e4epideme tugevdusplaatidega<\/li>\n<li>TSP (trapetsikujulised pinnaprojektsioonid) tekstuur<\/li>\n<li>20-kraadine k\u00e4epideme nurk<\/li>\n<li>\u00d5hem profiil v\u00f5rreldes t\u00e4issuuruses k\u00e4epidemetega<\/li>\n<li>M\u00f5\u00f5tmed: 10,9 cm k\u00f5rgus x 2,8 cm paksus, kaal 73,7 g<\/li>\n<li>Valmistatud USAs &#8211; loetakse \u00fcheks USA vastavusosaks 922r jaoks<\/li>\n<\/ul>\n<p>Magpul MOE SL AK k\u00e4epide on loodud kasutamiseks erinevates keskkondades.<\/p>\n<\/div>\n","protected":false},"excerpt":{"rendered":"<p>Magpul MOE SL AK k\u00e4epide: \u00d5huke, tekstuuriga uuendus AK47\/74 jaoks \u2013 Liivapruun (FDE)<\/p>\n","protected":false},"featured_media":493576,"template":"","meta":{"_acf_changed":false},"product_brand":[11548],"product_cat":[14009],"product_tag":[],"class_list":{"0":"post-530938","1":"product","2":"type-product","3":"status-publish","4":"has-post-thumbnail","6":"product_brand-magpul","7":"product_cat-ak-taeiustamine","9":"first","10":"instock","11":"taxable","12":"shipping-taxable","13":"purchasable","14":"product-type-simple"},"acf":[],"_links":{"self":[{"href":"https:\/\/nbg.eu\/et\/wp-json\/wp\/v2\/product\/530938","targetHints":{"allow":["GET"]}}],"collection":[{"href":"https:\/\/nbg.eu\/et\/wp-json\/wp\/v2\/product"}],"about":[{"href":"https:\/\/nbg.eu\/et\/wp-json\/wp\/v2\/types\/product"}],"wp:featuredmedia":[{"embeddable":true,"href":"https:\/\/nbg.eu\/et\/wp-json\/wp\/v2\/media\/493576"}],"wp:attachment":[{"href":"https:\/\/nbg.eu\/et\/wp-json\/wp\/v2\/media?parent=530938"}],"wp:term":[{"taxonomy":"product_brand","embeddable":true,"href":"https:\/\/nbg.eu\/et\/wp-json\/wp\/v2\/product_brand?post=530938"},{"taxonomy":"product_cat","embeddable":true,"href":"https:\/\/nbg.eu\/et\/wp-json\/wp\/v2\/product_cat?post=530938"},{"taxonomy":"product_tag","embeddable":true,"href":"https:\/\/nbg.eu\/et\/wp-json\/wp\/v2\/product_tag?post=530938"}],"curies":[{"name":"wp","href":"https:\/\/api.w.org\/{rel}","templated":true}]}}